{"id":12711,"date":"2023-09-11T16:39:02","date_gmt":"2023-09-11T15:39:02","guid":{"rendered":"https:\/\/baralivres.ma\/?post_type=product&#038;p=12711"},"modified":"2023-09-11T16:39:02","modified_gmt":"2023-09-11T15:39:02","slug":"vigilante-my-hero-academia-illegals-tome-4","status":"publish","type":"product","link":"https:\/\/baralivres.ma\/?product=vigilante-my-hero-academia-illegals-tome-4","title":{"rendered":"Vigilante My Hero Academia Illegals Tome 4"},"content":{"rendered":"<p>Kuin continue \u00e0 semer le chaos, cette fois en lan\u00e7ant un bus hors de contr\u00f4le dans les rues. Manque de chance, il s&rsquo;agit du v\u00e9hicule que Koichi avait emprunt\u00e9 pour faire visiter la ville \u00e0 sa m\u00e8re ! La Team Idaten parvient rapidement \u00e0 \u00e9vacuer tous les passagers, sauf un : Makoto, une amie de l&rsquo;\u00e9tudiant qui enqu\u00eate sur les justiciers&#8230; Heureusement, The Crawler r\u00e9ussit \u00e0 la sauver de justesse, m\u00eame s&rsquo;il est forc\u00e9 de lui r\u00e9v\u00e9ler sa v\u00e9ritable identit\u00e9.<\/p>\n","protected":false},"excerpt":{"rendered":"<p>Kuin continue \u00e0 semer le chaos, cette fois en lan\u00e7ant un bus hors de contr\u00f4le dans les rues. Manque de chance, il s&rsquo;agit du v\u00e9hicule que Koichi avait emprunt\u00e9 pour faire visiter la ville \u00e0 sa m\u00e8re ! La Team Idaten parvient rapidement \u00e0 \u00e9vacuer tous les passagers, sauf un : Makoto, une amie de l&rsquo;\u00e9tudiant qui enqu\u00eate sur les justiciers&#8230; Heureusement, The Crawler r\u00e9ussit \u00e0 la sauver de justesse, m\u00eame s&rsquo;il est forc\u00e9 de lui r\u00e9v\u00e9ler sa v\u00e9ritable identit\u00e9.<\/p>\n","protected":false},"featured_media":12712,"comment_status":"open","ping_status":"closed","template":"","meta":{"inline_featured_image":false},"product_cat":[203,204,205],"product_tag":[],"class_list":{"0":"post-12711","1":"product","2":"type-product","3":"status-publish","4":"has-post-thumbnail","6":"product_cat-adolescente","7":"product_cat-francais","8":"product_cat-enfant-adolescente-francais","10":"first","11":"instock","12":"shipping-taxable","13":"purchasable","14":"product-type-simple"},"_links":{"self":[{"href":"https:\/\/baralivres.ma\/index.php?rest_route=\/wp\/v2\/product\/12711","targetHints":{"allow":["GET"]}}],"collection":[{"href":"https:\/\/baralivres.ma\/index.php?rest_route=\/wp\/v2\/product"}],"about":[{"href":"https:\/\/baralivres.ma\/index.php?rest_route=\/wp\/v2\/types\/product"}],"replies":[{"embeddable":true,"href":"https:\/\/baralivres.ma\/index.php?rest_route=%2Fwp%2Fv2%2Fcomments&post=12711"}],"version-history":[{"count":1,"href":"https:\/\/baralivres.ma\/index.php?rest_route=\/wp\/v2\/product\/12711\/revisions"}],"predecessor-version":[{"id":12713,"href":"https:\/\/baralivres.ma\/index.php?rest_route=\/wp\/v2\/product\/12711\/revisions\/12713"}],"wp:featuredmedia":[{"embeddable":true,"href":"https:\/\/baralivres.ma\/index.php?rest_route=\/wp\/v2\/media\/12712"}],"wp:attachment":[{"href":"https:\/\/baralivres.ma\/index.php?rest_route=%2Fwp%2Fv2%2Fmedia&parent=12711"}],"wp:term":[{"taxonomy":"product_cat","embeddable":true,"href":"https:\/\/baralivres.ma\/index.php?rest_route=%2Fwp%2Fv2%2Fproduct_cat&post=12711"},{"taxonomy":"product_tag","embeddable":true,"href":"https:\/\/baralivres.ma\/index.php?rest_route=%2Fwp%2Fv2%2Fproduct_tag&post=12711"}],"curies":[{"name":"wp","href":"https:\/\/api.w.org\/{rel}","templated":true}]}}