{"id":12708,"date":"2023-09-11T16:37:10","date_gmt":"2023-09-11T15:37:10","guid":{"rendered":"https:\/\/baralivres.ma\/?post_type=product&#038;p=12708"},"modified":"2023-09-11T16:37:11","modified_gmt":"2023-09-11T15:37:11","slug":"vigilante-my-hero-academia-illegals-tome-2","status":"publish","type":"product","link":"https:\/\/baralivres.ma\/?product=vigilante-my-hero-academia-illegals-tome-2","title":{"rendered":"Vigilante My Hero Academia Illegals Tome 2"},"content":{"rendered":"<p>Un peu malgr\u00e9 lui, Koichi est devenu l&rsquo;\u00e9l\u00e8ve de Knuckle Duster, un h\u00e9ros sans alter qui pratique une justice plut\u00f4t exp\u00e9ditive&#8230; Depuis, la petite maison de l&rsquo;\u00e9tudiant est r\u00e9guli\u00e8rement envahie par le vieux combattant irascible ainsi que par Pop Step, une c\u00e9l\u00e9brit\u00e9 locale qui a d\u00e9cid\u00e9 de les aider. Mais le trio ignore encore l&rsquo;identit\u00e9 de son principal adversaire&#8230; Kuin Hachisuka a beau n&rsquo;\u00eatre que lyc\u00e9enne, c&rsquo;est elle qui g\u00e8re le trafic de trigger dans le quartier, et cette super-vilaine \u00e0 mi-temps n&rsquo;a pas fini de semer le chaos en ville ! Red\u00e9couvrez l&rsquo;univers de My Hero Academia sous un nouvel angle, celui des h\u00e9ros hors-la-loi ! Le th\u00e8me des justiciers est r\u00e9current dans les comics am\u00e9ricains ; il ne manquait plus qu&rsquo;un manga pour le mettre en valeur.<\/p>\n","protected":false},"excerpt":{"rendered":"<p>Un peu malgr\u00e9 lui, Koichi est devenu l&rsquo;\u00e9l\u00e8ve de Knuckle Duster, un h\u00e9ros sans alter qui pratique une justice plut\u00f4t exp\u00e9ditive&#8230; Depuis, la petite maison de l&rsquo;\u00e9tudiant est r\u00e9guli\u00e8rement envahie par le vieux combattant irascible ainsi que par Pop Step, une c\u00e9l\u00e9brit\u00e9 locale qui a d\u00e9cid\u00e9 de les aider.<\/p>\n","protected":false},"featured_media":12709,"comment_status":"open","ping_status":"closed","template":"","meta":{"inline_featured_image":false},"product_cat":[203,204,205],"product_tag":[],"class_list":{"0":"post-12708","1":"product","2":"type-product","3":"status-publish","4":"has-post-thumbnail","6":"product_cat-adolescente","7":"product_cat-francais","8":"product_cat-enfant-adolescente-francais","10":"first","11":"instock","12":"shipping-taxable","13":"purchasable","14":"product-type-simple"},"_links":{"self":[{"href":"https:\/\/baralivres.ma\/index.php?rest_route=\/wp\/v2\/product\/12708","targetHints":{"allow":["GET"]}}],"collection":[{"href":"https:\/\/baralivres.ma\/index.php?rest_route=\/wp\/v2\/product"}],"about":[{"href":"https:\/\/baralivres.ma\/index.php?rest_route=\/wp\/v2\/types\/product"}],"replies":[{"embeddable":true,"href":"https:\/\/baralivres.ma\/index.php?rest_route=%2Fwp%2Fv2%2Fcomments&post=12708"}],"version-history":[{"count":1,"href":"https:\/\/baralivres.ma\/index.php?rest_route=\/wp\/v2\/product\/12708\/revisions"}],"predecessor-version":[{"id":12710,"href":"https:\/\/baralivres.ma\/index.php?rest_route=\/wp\/v2\/product\/12708\/revisions\/12710"}],"wp:featuredmedia":[{"embeddable":true,"href":"https:\/\/baralivres.ma\/index.php?rest_route=\/wp\/v2\/media\/12709"}],"wp:attachment":[{"href":"https:\/\/baralivres.ma\/index.php?rest_route=%2Fwp%2Fv2%2Fmedia&parent=12708"}],"wp:term":[{"taxonomy":"product_cat","embeddable":true,"href":"https:\/\/baralivres.ma\/index.php?rest_route=%2Fwp%2Fv2%2Fproduct_cat&post=12708"},{"taxonomy":"product_tag","embeddable":true,"href":"https:\/\/baralivres.ma\/index.php?rest_route=%2Fwp%2Fv2%2Fproduct_tag&post=12708"}],"curies":[{"name":"wp","href":"https:\/\/api.w.org\/{rel}","templated":true}]}}