{"id":12699,"date":"2023-09-11T16:31:48","date_gmt":"2023-09-11T15:31:48","guid":{"rendered":"https:\/\/baralivres.ma\/?post_type=product&#038;p=12699"},"modified":"2024-04-03T12:40:28","modified_gmt":"2024-04-03T11:40:28","slug":"my-hero-academia-tome-12","status":"publish","type":"product","link":"https:\/\/baralivres.ma\/?product=my-hero-academia-tome-12","title":{"rendered":"My Hero Academia Tome 12"},"content":{"rendered":"<p>All Might est victorieux, mais \u00e0 quel prix ? D\u00e9sormais incapable d&rsquo;utiliser son pouvoir, le num\u00e9ro un des super-h\u00e9ros tire sa r\u00e9v\u00e9rence et d\u00e9cide de se consacrer enti\u00e8rement \u00e0 son r\u00f4le de mentor. Et il va y avoir du travail, car tout change pour les seconde A, qui logent \u00e0 pr\u00e9sent \u00e0 l&rsquo;internat de Yuei&#8230; Leur objectif : le permis provisoire d&rsquo;utilisation d&rsquo;alter ! Seulement, pour obtenir ce pr\u00e9cieux s\u00e9same, encore faut-il r\u00e9ussir l&rsquo;examen&#8230;<\/p>\n","protected":false},"excerpt":{"rendered":"<p>All Might est victorieux, mais \u00e0 quel prix ? D\u00e9sormais incapable d&rsquo;utiliser son pouvoir, le num\u00e9ro un des super-h\u00e9ros tire sa r\u00e9v\u00e9rence et d\u00e9cide de se consacrer enti\u00e8rement \u00e0 son r\u00f4le de mentor. Et il va y avoir du travail, car tout change pour les seconde A, qui logent \u00e0 pr\u00e9sent \u00e0 l&rsquo;internat de Yuei&#8230; Leur objectif : le permis provisoire d&rsquo;utilisation d&rsquo;alter ! Seulement, pour obtenir ce pr\u00e9cieux s\u00e9same, encore faut-il r\u00e9ussir l&rsquo;examen&#8230;<\/p>\n","protected":false},"featured_media":12700,"comment_status":"open","ping_status":"closed","template":"","meta":{"inline_featured_image":false},"product_cat":[203,204,205,3685],"product_tag":[],"class_list":{"0":"post-12699","1":"product","2":"type-product","3":"status-publish","4":"has-post-thumbnail","6":"product_cat-adolescente","7":"product_cat-francais","8":"product_cat-enfant-adolescente-francais","9":"product_cat-my-hero-academia","11":"first","12":"instock","13":"shipping-taxable","14":"purchasable","15":"product-type-simple"},"_links":{"self":[{"href":"https:\/\/baralivres.ma\/index.php?rest_route=\/wp\/v2\/product\/12699","targetHints":{"allow":["GET"]}}],"collection":[{"href":"https:\/\/baralivres.ma\/index.php?rest_route=\/wp\/v2\/product"}],"about":[{"href":"https:\/\/baralivres.ma\/index.php?rest_route=\/wp\/v2\/types\/product"}],"replies":[{"embeddable":true,"href":"https:\/\/baralivres.ma\/index.php?rest_route=%2Fwp%2Fv2%2Fcomments&post=12699"}],"version-history":[{"count":1,"href":"https:\/\/baralivres.ma\/index.php?rest_route=\/wp\/v2\/product\/12699\/revisions"}],"predecessor-version":[{"id":12701,"href":"https:\/\/baralivres.ma\/index.php?rest_route=\/wp\/v2\/product\/12699\/revisions\/12701"}],"wp:featuredmedia":[{"embeddable":true,"href":"https:\/\/baralivres.ma\/index.php?rest_route=\/wp\/v2\/media\/12700"}],"wp:attachment":[{"href":"https:\/\/baralivres.ma\/index.php?rest_route=%2Fwp%2Fv2%2Fmedia&parent=12699"}],"wp:term":[{"taxonomy":"product_cat","embeddable":true,"href":"https:\/\/baralivres.ma\/index.php?rest_route=%2Fwp%2Fv2%2Fproduct_cat&post=12699"},{"taxonomy":"product_tag","embeddable":true,"href":"https:\/\/baralivres.ma\/index.php?rest_route=%2Fwp%2Fv2%2Fproduct_tag&post=12699"}],"curies":[{"name":"wp","href":"https:\/\/api.w.org\/{rel}","templated":true}]}}