{"id":12696,"date":"2023-09-11T16:30:24","date_gmt":"2023-09-11T15:30:24","guid":{"rendered":"https:\/\/baralivres.ma\/?post_type=product&#038;p=12696"},"modified":"2024-04-03T12:40:28","modified_gmt":"2024-04-03T11:40:28","slug":"my-hero-academia-tome-9","status":"publish","type":"product","link":"https:\/\/baralivres.ma\/?product=my-hero-academia-tome-9","title":{"rendered":"My Hero Academia Tome 9"},"content":{"rendered":"<p>Pour Izuku, pas d&rsquo;h\u00e9sitation : son nom de code sera Deku ! C&rsquo;est donc sous cette identit\u00e9 qu&rsquo;il se rend chez Gran Torino pour son tout premier stage. Gr\u00e2ce \u00e0 l&rsquo;ancien super-h\u00e9ros, il parvient \u00e0 activer le One for All dans tout son corps sans se briser le moindre petit os ! Mais lorsqu&rsquo;il part s&rsquo;entra\u00eener sur le terrain avec son nouveau mentor, les choses se corsent : l&rsquo;alliance des super-vilains lance une attaque sur Hosu ! Alors que la ville est en proie au chaos, Tenya se retrouve en mauvaise posture face \u00e0 Stain.<br \/>\nDeku et Shoto, qui se sont ru\u00e9s \u00e0 son secours, r\u00e9ussiront-ils \u00e0 tenir jusqu&rsquo;\u00e0 l&rsquo;arriv\u00e9e des renforts ? La nouvelle g\u00e9n\u00e9ration de super-h\u00e9ros du Shonen Jump d\u00e9barque enfin !<\/p>\n","protected":false},"excerpt":{"rendered":"<p>Pour Izuku, pas d&rsquo;h\u00e9sitation : son nom de code sera Deku ! C&rsquo;est donc sous cette identit\u00e9 qu&rsquo;il se rend chez Gran Torino pour son tout premier stage. Gr\u00e2ce \u00e0 l&rsquo;ancien super-h\u00e9ros, il parvient \u00e0 activer le One for All dans tout son corps sans se briser le moindre petit os ! Mais lorsqu&rsquo;il part s&rsquo;entra\u00eener sur le terrain avec son nouveau mentor, les choses se corsent : l&rsquo;alliance des super-vilains lance une attaque sur Hosu ! Alors que la ville est en proie au chaos, Tenya se retrouve en mauvaise posture face \u00e0 Stain.<\/p>\n","protected":false},"featured_media":12697,"comment_status":"open","ping_status":"closed","template":"","meta":{"inline_featured_image":false},"product_cat":[203,204,205,3685],"product_tag":[],"class_list":{"0":"post-12696","1":"product","2":"type-product","3":"status-publish","4":"has-post-thumbnail","6":"product_cat-adolescente","7":"product_cat-francais","8":"product_cat-enfant-adolescente-francais","9":"product_cat-my-hero-academia","11":"first","12":"instock","13":"shipping-taxable","14":"purchasable","15":"product-type-simple"},"_links":{"self":[{"href":"https:\/\/baralivres.ma\/index.php?rest_route=\/wp\/v2\/product\/12696","targetHints":{"allow":["GET"]}}],"collection":[{"href":"https:\/\/baralivres.ma\/index.php?rest_route=\/wp\/v2\/product"}],"about":[{"href":"https:\/\/baralivres.ma\/index.php?rest_route=\/wp\/v2\/types\/product"}],"replies":[{"embeddable":true,"href":"https:\/\/baralivres.ma\/index.php?rest_route=%2Fwp%2Fv2%2Fcomments&post=12696"}],"version-history":[{"count":1,"href":"https:\/\/baralivres.ma\/index.php?rest_route=\/wp\/v2\/product\/12696\/revisions"}],"predecessor-version":[{"id":12698,"href":"https:\/\/baralivres.ma\/index.php?rest_route=\/wp\/v2\/product\/12696\/revisions\/12698"}],"wp:featuredmedia":[{"embeddable":true,"href":"https:\/\/baralivres.ma\/index.php?rest_route=\/wp\/v2\/media\/12697"}],"wp:attachment":[{"href":"https:\/\/baralivres.ma\/index.php?rest_route=%2Fwp%2Fv2%2Fmedia&parent=12696"}],"wp:term":[{"taxonomy":"product_cat","embeddable":true,"href":"https:\/\/baralivres.ma\/index.php?rest_route=%2Fwp%2Fv2%2Fproduct_cat&post=12696"},{"taxonomy":"product_tag","embeddable":true,"href":"https:\/\/baralivres.ma\/index.php?rest_route=%2Fwp%2Fv2%2Fproduct_tag&post=12696"}],"curies":[{"name":"wp","href":"https:\/\/api.w.org\/{rel}","templated":true}]}}