{"id":12693,"date":"2023-09-11T16:29:03","date_gmt":"2023-09-11T15:29:03","guid":{"rendered":"https:\/\/baralivres.ma\/?post_type=product&#038;p=12693"},"modified":"2024-04-03T12:40:28","modified_gmt":"2024-04-03T11:40:28","slug":"my-hero-academia-tome-10","status":"publish","type":"product","link":"https:\/\/baralivres.ma\/?product=my-hero-academia-tome-10","title":{"rendered":"My Hero Academia Tome 10"},"content":{"rendered":"<p>Cern\u00e9s par l&rsquo;escadron Genesis, les seconde A et B tentent tant bien que mal d&rsquo;\u00e9chapper \u00e0 leurs assaillants, mais leurs professeurs sont trop peu nombreux pour tous les prot\u00e9ger&#8230; Eraser Head prend alors la lourde d\u00e9cision d&rsquo;autoriser les \u00e9l\u00e8ves \u00e0 se battre ! Apr\u00e8s Muscular, terrass\u00e9 par Izuku, deux nouveaux ennemis sont vaincus. C&rsquo;est \u00e0 ce moment que Katsuki, qui \u00e9tait la cible de l&rsquo;assaut, est captur\u00e9 par un myst\u00e9rieux super-vilain ! Et il n&rsquo;est pas le seul : Fumikage aussi a disparu&#8230;<br \/>\nLeurs camarades parviendront-ils \u00e0 les sauver ? La nouvelle g\u00e9n\u00e9ration de super-h\u00e9ros du Shonen Jump d\u00e9barque enfin !<\/p>\n","protected":false},"excerpt":{"rendered":"<p>Cern\u00e9s par l&rsquo;escadron Genesis, les seconde A et B tentent tant bien que mal d&rsquo;\u00e9chapper \u00e0 leurs assaillants, mais leurs professeurs sont trop peu nombreux pour tous les prot\u00e9ger&#8230; Eraser Head prend alors la lourde d\u00e9cision d&rsquo;autoriser les \u00e9l\u00e8ves \u00e0 se battre ! Apr\u00e8s Muscular, terrass\u00e9 par Izuku, deux nouveaux ennemis sont vaincus. C&rsquo;est \u00e0 ce moment que Katsuki, qui \u00e9tait la cible de l&rsquo;assaut, est captur\u00e9 par un myst\u00e9rieux super-vilain ! Et il n&rsquo;est pas le seul : Fumikage aussi a disparu&#8230;<\/p>\n","protected":false},"featured_media":12694,"comment_status":"open","ping_status":"closed","template":"","meta":{"inline_featured_image":false},"product_cat":[203,204,205,3685],"product_tag":[],"class_list":{"0":"post-12693","1":"product","2":"type-product","3":"status-publish","4":"has-post-thumbnail","6":"product_cat-adolescente","7":"product_cat-francais","8":"product_cat-enfant-adolescente-francais","9":"product_cat-my-hero-academia","11":"first","12":"instock","13":"shipping-taxable","14":"purchasable","15":"product-type-simple"},"_links":{"self":[{"href":"https:\/\/baralivres.ma\/index.php?rest_route=\/wp\/v2\/product\/12693","targetHints":{"allow":["GET"]}}],"collection":[{"href":"https:\/\/baralivres.ma\/index.php?rest_route=\/wp\/v2\/product"}],"about":[{"href":"https:\/\/baralivres.ma\/index.php?rest_route=\/wp\/v2\/types\/product"}],"replies":[{"embeddable":true,"href":"https:\/\/baralivres.ma\/index.php?rest_route=%2Fwp%2Fv2%2Fcomments&post=12693"}],"version-history":[{"count":1,"href":"https:\/\/baralivres.ma\/index.php?rest_route=\/wp\/v2\/product\/12693\/revisions"}],"predecessor-version":[{"id":12695,"href":"https:\/\/baralivres.ma\/index.php?rest_route=\/wp\/v2\/product\/12693\/revisions\/12695"}],"wp:featuredmedia":[{"embeddable":true,"href":"https:\/\/baralivres.ma\/index.php?rest_route=\/wp\/v2\/media\/12694"}],"wp:attachment":[{"href":"https:\/\/baralivres.ma\/index.php?rest_route=%2Fwp%2Fv2%2Fmedia&parent=12693"}],"wp:term":[{"taxonomy":"product_cat","embeddable":true,"href":"https:\/\/baralivres.ma\/index.php?rest_route=%2Fwp%2Fv2%2Fproduct_cat&post=12693"},{"taxonomy":"product_tag","embeddable":true,"href":"https:\/\/baralivres.ma\/index.php?rest_route=%2Fwp%2Fv2%2Fproduct_tag&post=12693"}],"curies":[{"name":"wp","href":"https:\/\/api.w.org\/{rel}","templated":true}]}}