{"id":12687,"date":"2023-09-11T16:26:31","date_gmt":"2023-09-11T15:26:31","guid":{"rendered":"https:\/\/baralivres.ma\/?post_type=product&#038;p=12687"},"modified":"2024-04-03T12:51:29","modified_gmt":"2024-04-03T11:51:29","slug":"my-hero-academia-tome-8","status":"publish","type":"product","link":"https:\/\/baralivres.ma\/?product=my-hero-academia-tome-8","title":{"rendered":"My Hero Academia Tome 8"},"content":{"rendered":"<p>Les vacances approchent, et avec elles le camp d&rsquo;\u00e9t\u00e9 sp\u00e9cial concoct\u00e9 par Yuei ! Passage oblig\u00e9 avant cet \u00e9v\u00e9nement : l&rsquo;\u00e9preuve pratique de fin de trimestre&#8230; Seulement, cette ann\u00e9e, ce ne sont pas des robots que les seconde vont devoir affronter, mais leurs propres professeurs ! Pour Katsuki et Deku, oppos\u00e9s \u00e0 All Might, le d\u00e9fi est de taille. M\u00eame si les deux rivaux r\u00e9ussissent enfin \u00e0 travailler en \u00e9quipe, difficile de savoir si leur strat\u00e9gie portera ses fruits&#8230;<br \/>\nContre des h\u00e9ros surentra\u00een\u00e9s, les adolescents sauront-ils sortir leur \u00e9pingle du jeu ?<\/p>\n","protected":false},"excerpt":{"rendered":"<p>Les vacances approchent, et avec elles le camp d&rsquo;\u00e9t\u00e9 sp\u00e9cial concoct\u00e9 par Yuei ! Passage oblig\u00e9 avant cet \u00e9v\u00e9nement : l&rsquo;\u00e9preuve pratique de fin de trimestre&#8230; Seulement, cette ann\u00e9e, ce ne sont pas des robots que les seconde vont devoir affronter, mais leurs propres professeurs ! Pour Katsuki et Deku, oppos\u00e9s \u00e0 All Might, le d\u00e9fi est de taille. M\u00eame si les deux rivaux r\u00e9ussissent enfin \u00e0 travailler en \u00e9quipe, difficile de savoir si leur strat\u00e9gie portera ses fruits&#8230;<\/p>\n","protected":false},"featured_media":12688,"comment_status":"open","ping_status":"closed","template":"","meta":{"inline_featured_image":false},"product_cat":[203,204,205,3685],"product_tag":[],"class_list":{"0":"post-12687","1":"product","2":"type-product","3":"status-publish","4":"has-post-thumbnail","6":"product_cat-adolescente","7":"product_cat-francais","8":"product_cat-enfant-adolescente-francais","9":"product_cat-my-hero-academia","11":"first","12":"instock","13":"shipping-taxable","14":"purchasable","15":"product-type-simple"},"_links":{"self":[{"href":"https:\/\/baralivres.ma\/index.php?rest_route=\/wp\/v2\/product\/12687","targetHints":{"allow":["GET"]}}],"collection":[{"href":"https:\/\/baralivres.ma\/index.php?rest_route=\/wp\/v2\/product"}],"about":[{"href":"https:\/\/baralivres.ma\/index.php?rest_route=\/wp\/v2\/types\/product"}],"replies":[{"embeddable":true,"href":"https:\/\/baralivres.ma\/index.php?rest_route=%2Fwp%2Fv2%2Fcomments&post=12687"}],"version-history":[{"count":1,"href":"https:\/\/baralivres.ma\/index.php?rest_route=\/wp\/v2\/product\/12687\/revisions"}],"predecessor-version":[{"id":12689,"href":"https:\/\/baralivres.ma\/index.php?rest_route=\/wp\/v2\/product\/12687\/revisions\/12689"}],"wp:featuredmedia":[{"embeddable":true,"href":"https:\/\/baralivres.ma\/index.php?rest_route=\/wp\/v2\/media\/12688"}],"wp:attachment":[{"href":"https:\/\/baralivres.ma\/index.php?rest_route=%2Fwp%2Fv2%2Fmedia&parent=12687"}],"wp:term":[{"taxonomy":"product_cat","embeddable":true,"href":"https:\/\/baralivres.ma\/index.php?rest_route=%2Fwp%2Fv2%2Fproduct_cat&post=12687"},{"taxonomy":"product_tag","embeddable":true,"href":"https:\/\/baralivres.ma\/index.php?rest_route=%2Fwp%2Fv2%2Fproduct_tag&post=12687"}],"curies":[{"name":"wp","href":"https:\/\/api.w.org\/{rel}","templated":true}]}}