{"id":12683,"date":"2023-09-11T16:25:01","date_gmt":"2023-09-11T15:25:01","guid":{"rendered":"https:\/\/baralivres.ma\/?post_type=product&#038;p=12683"},"modified":"2024-04-03T12:37:36","modified_gmt":"2024-04-03T11:37:36","slug":"my-hero-academia-tome-5","status":"publish","type":"product","link":"https:\/\/baralivres.ma\/?product=my-hero-academia-tome-5","title":{"rendered":"My Hero Academia Tome 5"},"content":{"rendered":"<p>Pris pour cible par un super-vilain, Izuku est secouru de main de ma\u00eetre par son idole en personne ! Il d\u00e9couvre alors qu&rsquo;All Might, tr\u00e8s diminu\u00e9 par une ancienne blessure, ne peut plus utiliser son alter que trois heures par jour&#8230; Aussi, lorsque son camarade Katsuki est attaqu\u00e9 quelques instants plus tard, son sang ne fait qu&rsquo;un tour : malgr\u00e9 sa terreur, il se pr\u00e9cipite \u00e0 la rescousse du jeune gar\u00e7on ! T\u00e9moin de cet acte de bravoure, All Might d\u00e9cide de faire d&rsquo;Izuku son successeur.<\/p>\n","protected":false},"excerpt":{"rendered":"<p>Pris pour cible par un super-vilain, Izuku est secouru de main de ma\u00eetre par son idole en personne ! Il d\u00e9couvre alors qu&rsquo;All Might, tr\u00e8s diminu\u00e9 par une ancienne blessure, ne peut plus utiliser son alter que trois heures par jour&#8230;<\/p>\n","protected":false},"featured_media":12685,"comment_status":"open","ping_status":"closed","template":"","meta":{"inline_featured_image":false},"product_cat":[203,204,205,3685],"product_tag":[],"class_list":{"0":"post-12683","1":"product","2":"type-product","3":"status-publish","4":"has-post-thumbnail","6":"product_cat-adolescente","7":"product_cat-francais","8":"product_cat-enfant-adolescente-francais","9":"product_cat-my-hero-academia","11":"first","12":"instock","13":"shipping-taxable","14":"purchasable","15":"product-type-simple"},"_links":{"self":[{"href":"https:\/\/baralivres.ma\/index.php?rest_route=\/wp\/v2\/product\/12683","targetHints":{"allow":["GET"]}}],"collection":[{"href":"https:\/\/baralivres.ma\/index.php?rest_route=\/wp\/v2\/product"}],"about":[{"href":"https:\/\/baralivres.ma\/index.php?rest_route=\/wp\/v2\/types\/product"}],"replies":[{"embeddable":true,"href":"https:\/\/baralivres.ma\/index.php?rest_route=%2Fwp%2Fv2%2Fcomments&post=12683"}],"version-history":[{"count":1,"href":"https:\/\/baralivres.ma\/index.php?rest_route=\/wp\/v2\/product\/12683\/revisions"}],"predecessor-version":[{"id":12686,"href":"https:\/\/baralivres.ma\/index.php?rest_route=\/wp\/v2\/product\/12683\/revisions\/12686"}],"wp:featuredmedia":[{"embeddable":true,"href":"https:\/\/baralivres.ma\/index.php?rest_route=\/wp\/v2\/media\/12685"}],"wp:attachment":[{"href":"https:\/\/baralivres.ma\/index.php?rest_route=%2Fwp%2Fv2%2Fmedia&parent=12683"}],"wp:term":[{"taxonomy":"product_cat","embeddable":true,"href":"https:\/\/baralivres.ma\/index.php?rest_route=%2Fwp%2Fv2%2Fproduct_cat&post=12683"},{"taxonomy":"product_tag","embeddable":true,"href":"https:\/\/baralivres.ma\/index.php?rest_route=%2Fwp%2Fv2%2Fproduct_tag&post=12683"}],"curies":[{"name":"wp","href":"https:\/\/api.w.org\/{rel}","templated":true}]}}