{"id":12677,"date":"2023-09-11T15:54:58","date_gmt":"2023-09-11T14:54:58","guid":{"rendered":"https:\/\/baralivres.ma\/?post_type=product&#038;p=12677"},"modified":"2023-09-11T15:54:58","modified_gmt":"2023-09-11T14:54:58","slug":"my-hero-academia-tome-3","status":"publish","type":"product","link":"https:\/\/baralivres.ma\/?product=my-hero-academia-tome-3","title":{"rendered":"My Hero Academia Tome 3"},"content":{"rendered":"<p>Confront\u00e9 au test d&rsquo;aptitudes d&rsquo;Eraserhead, Deku \u00e9chappe de justesse au renvoi en r\u00e9ussissant \u00e0 concentrer le One for All dans un seul doigt au moment crucial ! Dernier du classement avec une seule performance surhumaine \u00e0 son actif, il compte bien tout donner pour remonter la pente. Et justement, il va avoir l&rsquo;occasion de faire ses preuves, puisque sa formation au m\u00e9tier de super-h\u00e9ros commence enfin&#8230;<br \/>\nMais l&rsquo;entra\u00eenement au sauvetage tourne court lorsqu&rsquo;une horde de vilains s&rsquo;introduit dans le SCA afin de tuer le symbole de la paix ! Diss\u00e9min\u00e9s dans toute la zone, les seconde A parviennent \u00e0 tenir t\u00eate \u00e0 l&rsquo;ennemi jusqu&rsquo;\u00e0 l&rsquo;arriv\u00e9e d&rsquo;All Might&#8230; H\u00e9las, il ne lui reste plus que quelques minutes pour vaincre Brainless avant de perdre sa forme h\u00e9ro\u00efque !<\/p>\n","protected":false},"excerpt":{"rendered":"<p>Confront\u00e9 au test d&rsquo;aptitudes d&rsquo;Eraserhead, Deku \u00e9chappe de justesse au renvoi en r\u00e9ussissant \u00e0 concentrer le One for All dans un seul doigt au moment crucial ! Dernier du classement avec une seule performance surhumaine \u00e0 son actif, il compte bien tout donner pour remonter la pente. Et justement, il va avoir l&rsquo;occasion de faire ses preuves, puisque sa formation au m\u00e9tier de super-h\u00e9ros commence enfin&#8230;<\/p>\n","protected":false},"featured_media":12678,"comment_status":"open","ping_status":"closed","template":"","meta":{"inline_featured_image":false},"product_cat":[203,204,205],"product_tag":[],"class_list":{"0":"post-12677","1":"product","2":"type-product","3":"status-publish","4":"has-post-thumbnail","6":"product_cat-adolescente","7":"product_cat-francais","8":"product_cat-enfant-adolescente-francais","10":"first","11":"instock","12":"shipping-taxable","13":"purchasable","14":"product-type-simple"},"_links":{"self":[{"href":"https:\/\/baralivres.ma\/index.php?rest_route=\/wp\/v2\/product\/12677","targetHints":{"allow":["GET"]}}],"collection":[{"href":"https:\/\/baralivres.ma\/index.php?rest_route=\/wp\/v2\/product"}],"about":[{"href":"https:\/\/baralivres.ma\/index.php?rest_route=\/wp\/v2\/types\/product"}],"replies":[{"embeddable":true,"href":"https:\/\/baralivres.ma\/index.php?rest_route=%2Fwp%2Fv2%2Fcomments&post=12677"}],"version-history":[{"count":1,"href":"https:\/\/baralivres.ma\/index.php?rest_route=\/wp\/v2\/product\/12677\/revisions"}],"predecessor-version":[{"id":12679,"href":"https:\/\/baralivres.ma\/index.php?rest_route=\/wp\/v2\/product\/12677\/revisions\/12679"}],"wp:featuredmedia":[{"embeddable":true,"href":"https:\/\/baralivres.ma\/index.php?rest_route=\/wp\/v2\/media\/12678"}],"wp:attachment":[{"href":"https:\/\/baralivres.ma\/index.php?rest_route=%2Fwp%2Fv2%2Fmedia&parent=12677"}],"wp:term":[{"taxonomy":"product_cat","embeddable":true,"href":"https:\/\/baralivres.ma\/index.php?rest_route=%2Fwp%2Fv2%2Fproduct_cat&post=12677"},{"taxonomy":"product_tag","embeddable":true,"href":"https:\/\/baralivres.ma\/index.php?rest_route=%2Fwp%2Fv2%2Fproduct_tag&post=12677"}],"curies":[{"name":"wp","href":"https:\/\/api.w.org\/{rel}","templated":true}]}}