{"id":12671,"date":"2023-09-11T15:50:55","date_gmt":"2023-09-11T14:50:55","guid":{"rendered":"https:\/\/baralivres.ma\/?post_type=product&#038;p=12671"},"modified":"2024-04-03T12:41:49","modified_gmt":"2024-04-03T11:41:49","slug":"my-hero-academia-tome-15","status":"publish","type":"product","link":"https:\/\/baralivres.ma\/?product=my-hero-academia-tome-15","title":{"rendered":"My Hero Academia Tome 15"},"content":{"rendered":"<p>La nouvelle g\u00e9n\u00e9ration de super-h\u00e9ros du Shonen Jump d\u00e9barque enfin ! Les Big 3, les trois meilleurs \u00e9l\u00e8ves de terminale de Yuei, viennent pr\u00e9senter aux seconde A une activit\u00e9 optionnelle : l&rsquo;apprentissage h\u00e9ro\u00efque. Afin de mieux leur faire comprendre le foss\u00e9 qui les s\u00e9pare, Mirio, le num\u00e9ro un du lyc\u00e9e, leur propose de l&rsquo;affronter dans une m\u00eal\u00e9e g\u00e9n\u00e9rale et les met tous au tapis en un clin d&rsquo;oeil ! Motiv\u00e9 comme jamais, Izuku d\u00e9cide de tenter l&rsquo;aventure, et c&rsquo;est chez Night Eye, l&rsquo;ancien partenaire d&rsquo;All Might, qu&rsquo;il commence son stage.<br \/>\nMais sa premi\u00e8re mission prend une tournure inattendue lorsqu&rsquo;il croise le chemin de Kai Chisaki&#8230;<\/p>\n","protected":false},"excerpt":{"rendered":"<p>La nouvelle g\u00e9n\u00e9ration de super-h\u00e9ros du Shonen Jump d\u00e9barque enfin ! Les Big 3, les trois meilleurs \u00e9l\u00e8ves de terminale de Yuei, viennent pr\u00e9senter aux seconde A une activit\u00e9 optionnelle<\/p>\n","protected":false},"featured_media":12672,"comment_status":"open","ping_status":"closed","template":"","meta":{"inline_featured_image":false},"product_cat":[203,204,205,3685],"product_tag":[],"class_list":{"0":"post-12671","1":"product","2":"type-product","3":"status-publish","4":"has-post-thumbnail","6":"product_cat-adolescente","7":"product_cat-francais","8":"product_cat-enfant-adolescente-francais","9":"product_cat-my-hero-academia","11":"first","12":"instock","13":"shipping-taxable","14":"purchasable","15":"product-type-simple"},"_links":{"self":[{"href":"https:\/\/baralivres.ma\/index.php?rest_route=\/wp\/v2\/product\/12671","targetHints":{"allow":["GET"]}}],"collection":[{"href":"https:\/\/baralivres.ma\/index.php?rest_route=\/wp\/v2\/product"}],"about":[{"href":"https:\/\/baralivres.ma\/index.php?rest_route=\/wp\/v2\/types\/product"}],"replies":[{"embeddable":true,"href":"https:\/\/baralivres.ma\/index.php?rest_route=%2Fwp%2Fv2%2Fcomments&post=12671"}],"version-history":[{"count":1,"href":"https:\/\/baralivres.ma\/index.php?rest_route=\/wp\/v2\/product\/12671\/revisions"}],"predecessor-version":[{"id":12673,"href":"https:\/\/baralivres.ma\/index.php?rest_route=\/wp\/v2\/product\/12671\/revisions\/12673"}],"wp:featuredmedia":[{"embeddable":true,"href":"https:\/\/baralivres.ma\/index.php?rest_route=\/wp\/v2\/media\/12672"}],"wp:attachment":[{"href":"https:\/\/baralivres.ma\/index.php?rest_route=%2Fwp%2Fv2%2Fmedia&parent=12671"}],"wp:term":[{"taxonomy":"product_cat","embeddable":true,"href":"https:\/\/baralivres.ma\/index.php?rest_route=%2Fwp%2Fv2%2Fproduct_cat&post=12671"},{"taxonomy":"product_tag","embeddable":true,"href":"https:\/\/baralivres.ma\/index.php?rest_route=%2Fwp%2Fv2%2Fproduct_tag&post=12671"}],"curies":[{"name":"wp","href":"https:\/\/api.w.org\/{rel}","templated":true}]}}