{"id":12668,"date":"2023-09-11T15:49:28","date_gmt":"2023-09-11T14:49:28","guid":{"rendered":"https:\/\/baralivres.ma\/?post_type=product&#038;p=12668"},"modified":"2024-04-03T13:08:28","modified_gmt":"2024-04-03T12:08:28","slug":"my-hero-academia-tome-33","status":"publish","type":"product","link":"https:\/\/baralivres.ma\/?product=my-hero-academia-tome-33","title":{"rendered":"My Hero Academia Tome 33"},"content":{"rendered":"<p>Rejoignez les super-h\u00e9ros du manga ph\u00e9nom\u00e8ne My Hero Academia ! Alors que les h\u00e9ros semblaient enfin reprendre l&rsquo;avantage, un coup de poker de Mister Compress vient tout bouleverser ! Spinner parvient \u00e0 ranimer son chef&#8230; Mais est-ce bien Tomura qui s&rsquo;est r\u00e9veill\u00e9, ou plut\u00f4t&#8230; All for One ? L&rsquo;ancien ennemi d&rsquo;All Might para\u00eet en effet avoir \u00e0 nouveau pris le contr\u00f4le de son disciple&#8230; D\u00e9termin\u00e9 \u00e0 retrouver son corps, il se dirige droit vers le Tartare ! De leur c\u00f4t\u00e9, les h\u00e9ros doivent \u00e0 pr\u00e9sent g\u00e9rer les cons\u00e9quences de leur d\u00e9faite&#8230;<br \/>\nRetrouvez les super-h\u00e9ros du manga ph\u00e9nom\u00e8ne My Hero Academia !<\/p>\n","protected":false},"excerpt":{"rendered":"<p>Rejoignez les super-h\u00e9ros du manga ph\u00e9nom\u00e8ne My Hero Academia ! Alors que les h\u00e9ros semblaient enfin reprendre l&rsquo;avantage, un coup de poker de Mister Compress vient tout bouleverser ! Spinner parvient \u00e0 ranimer son chef&#8230; Mais est-ce bien Tomura qui s&rsquo;est r\u00e9veill\u00e9, ou plut\u00f4t&#8230; All for One ? L&rsquo;ancien ennemi d&rsquo;All Might para\u00eet en effet avoir \u00e0 nouveau pris le contr\u00f4le de son disciple&#8230; D\u00e9termin\u00e9 \u00e0 retrouver son corps, il se dirige droit vers le Tartare ! De leur c\u00f4t\u00e9, les h\u00e9ros doivent \u00e0 pr\u00e9sent g\u00e9rer les cons\u00e9quences de leur d\u00e9faite&#8230;<br \/>\nRetrouvez les super-h\u00e9ros du manga ph\u00e9nom\u00e8ne My Hero Academia !<\/p>\n","protected":false},"featured_media":12669,"comment_status":"open","ping_status":"closed","template":"","meta":{"inline_featured_image":false},"product_cat":[203,204,205,3685],"product_tag":[],"class_list":{"0":"post-12668","1":"product","2":"type-product","3":"status-publish","4":"has-post-thumbnail","6":"product_cat-adolescente","7":"product_cat-francais","8":"product_cat-enfant-adolescente-francais","9":"product_cat-my-hero-academia","11":"first","12":"instock","13":"shipping-taxable","14":"purchasable","15":"product-type-simple"},"_links":{"self":[{"href":"https:\/\/baralivres.ma\/index.php?rest_route=\/wp\/v2\/product\/12668","targetHints":{"allow":["GET"]}}],"collection":[{"href":"https:\/\/baralivres.ma\/index.php?rest_route=\/wp\/v2\/product"}],"about":[{"href":"https:\/\/baralivres.ma\/index.php?rest_route=\/wp\/v2\/types\/product"}],"replies":[{"embeddable":true,"href":"https:\/\/baralivres.ma\/index.php?rest_route=%2Fwp%2Fv2%2Fcomments&post=12668"}],"version-history":[{"count":1,"href":"https:\/\/baralivres.ma\/index.php?rest_route=\/wp\/v2\/product\/12668\/revisions"}],"predecessor-version":[{"id":12670,"href":"https:\/\/baralivres.ma\/index.php?rest_route=\/wp\/v2\/product\/12668\/revisions\/12670"}],"wp:featuredmedia":[{"embeddable":true,"href":"https:\/\/baralivres.ma\/index.php?rest_route=\/wp\/v2\/media\/12669"}],"wp:attachment":[{"href":"https:\/\/baralivres.ma\/index.php?rest_route=%2Fwp%2Fv2%2Fmedia&parent=12668"}],"wp:term":[{"taxonomy":"product_cat","embeddable":true,"href":"https:\/\/baralivres.ma\/index.php?rest_route=%2Fwp%2Fv2%2Fproduct_cat&post=12668"},{"taxonomy":"product_tag","embeddable":true,"href":"https:\/\/baralivres.ma\/index.php?rest_route=%2Fwp%2Fv2%2Fproduct_tag&post=12668"}],"curies":[{"name":"wp","href":"https:\/\/api.w.org\/{rel}","templated":true}]}}