{"id":12665,"date":"2023-09-11T15:48:13","date_gmt":"2023-09-11T14:48:13","guid":{"rendered":"https:\/\/baralivres.ma\/?post_type=product&#038;p=12665"},"modified":"2024-04-03T13:08:28","modified_gmt":"2024-04-03T12:08:28","slug":"my-hero-academia-tome-34","status":"publish","type":"product","link":"https:\/\/baralivres.ma\/?product=my-hero-academia-tome-34","title":{"rendered":"My Hero Academia Tome 34"},"content":{"rendered":"<p>Gr\u00e2ce \u00e0 l&rsquo;intervention de la seconde A, Deku est de retour \u00e0 Yuei ! Tous ses camarades sont d\u00e9sormais derri\u00e8re lui, m\u00eame Katsuki ! Tandis qu&rsquo;il reprend des forces, les h\u00e9ros, qui ont re\u00e7u des informations cruciales d&rsquo;une source inattendue, tentent d&rsquo;\u00e9laborer un plan&#8230; Mais ils ne sont pas les seuls \u00e0 s&rsquo;activer : Star and Stripes, num\u00e9ro un des super-h\u00e9ros am\u00e9ricains, fait route pour le Japon afin de barrer la route \u00e0 Tomura Shigaraki&#8230;<br \/>\nSera-t-elle de taille contre ses nouveaux pouvoirs ?<\/p>\n","protected":false},"excerpt":{"rendered":"<p>Gr\u00e2ce \u00e0 l&rsquo;intervention de la seconde A, Deku est de retour \u00e0 Yuei ! Tous ses camarades sont d\u00e9sormais derri\u00e8re lui, m\u00eame Katsuki ! Tandis qu&rsquo;il reprend des forces, les h\u00e9ros, qui ont re\u00e7u des informations cruciales d&rsquo;une source inattendue, tentent d&rsquo;\u00e9laborer un plan&#8230; Mais ils ne sont pas les seuls \u00e0 s&rsquo;activer : Star and Stripes, num\u00e9ro un des super-h\u00e9ros am\u00e9ricains, fait route pour le Japon afin de barrer la route \u00e0 Tomura Shigaraki&#8230;<br \/>\nSera-t-elle de taille contre ses nouveaux pouvoirs ?<\/p>\n","protected":false},"featured_media":12666,"comment_status":"open","ping_status":"closed","template":"","meta":{"inline_featured_image":false},"product_cat":[203,204,205,3685],"product_tag":[],"class_list":{"0":"post-12665","1":"product","2":"type-product","3":"status-publish","4":"has-post-thumbnail","6":"product_cat-adolescente","7":"product_cat-francais","8":"product_cat-enfant-adolescente-francais","9":"product_cat-my-hero-academia","11":"first","12":"instock","13":"shipping-taxable","14":"purchasable","15":"product-type-simple"},"_links":{"self":[{"href":"https:\/\/baralivres.ma\/index.php?rest_route=\/wp\/v2\/product\/12665","targetHints":{"allow":["GET"]}}],"collection":[{"href":"https:\/\/baralivres.ma\/index.php?rest_route=\/wp\/v2\/product"}],"about":[{"href":"https:\/\/baralivres.ma\/index.php?rest_route=\/wp\/v2\/types\/product"}],"replies":[{"embeddable":true,"href":"https:\/\/baralivres.ma\/index.php?rest_route=%2Fwp%2Fv2%2Fcomments&post=12665"}],"version-history":[{"count":1,"href":"https:\/\/baralivres.ma\/index.php?rest_route=\/wp\/v2\/product\/12665\/revisions"}],"predecessor-version":[{"id":12667,"href":"https:\/\/baralivres.ma\/index.php?rest_route=\/wp\/v2\/product\/12665\/revisions\/12667"}],"wp:featuredmedia":[{"embeddable":true,"href":"https:\/\/baralivres.ma\/index.php?rest_route=\/wp\/v2\/media\/12666"}],"wp:attachment":[{"href":"https:\/\/baralivres.ma\/index.php?rest_route=%2Fwp%2Fv2%2Fmedia&parent=12665"}],"wp:term":[{"taxonomy":"product_cat","embeddable":true,"href":"https:\/\/baralivres.ma\/index.php?rest_route=%2Fwp%2Fv2%2Fproduct_cat&post=12665"},{"taxonomy":"product_tag","embeddable":true,"href":"https:\/\/baralivres.ma\/index.php?rest_route=%2Fwp%2Fv2%2Fproduct_tag&post=12665"}],"curies":[{"name":"wp","href":"https:\/\/api.w.org\/{rel}","templated":true}]}}