{"id":12656,"date":"2023-09-11T15:43:19","date_gmt":"2023-09-11T14:43:19","guid":{"rendered":"https:\/\/baralivres.ma\/?post_type=product&#038;p=12656"},"modified":"2023-09-11T15:43:19","modified_gmt":"2023-09-11T14:43:19","slug":"my-hero-academia-tome-2","status":"publish","type":"product","link":"https:\/\/baralivres.ma\/?product=my-hero-academia-tome-2","title":{"rendered":"My Hero Academia Tome 2"},"content":{"rendered":"<p>Pris pour cible par un super-vilain, Izuku est secouru de main de ma\u00eetre par son idole en personne ! Il d\u00e9couvre alors qu&rsquo;All Might, tr\u00e8s diminu\u00e9 par une ancienne blessure, ne peut plus utiliser son alter que trois heures par jour&#8230; Aussi, lorsque son camarade Katsuki est attaqu\u00e9 quelques instants plus tard,<\/p>\n","protected":false},"excerpt":{"rendered":"<p>Apr\u00e8s un entra\u00eenement drastique, notre apprenti h\u00e9ros r\u00e9ussit \u00e0 int\u00e9grer le prestigieux lyc\u00e9e Yuei, mais il y a un hic : impossible pour lui de ma\u00eetriser le One for All, le pouvoir h\u00e9rit\u00e9 d&rsquo;All Might&#8230;<\/p>\n","protected":false},"featured_media":12657,"comment_status":"open","ping_status":"closed","template":"","meta":{"inline_featured_image":false},"product_cat":[203,204,205],"product_tag":[],"class_list":{"0":"post-12656","1":"product","2":"type-product","3":"status-publish","4":"has-post-thumbnail","6":"product_cat-adolescente","7":"product_cat-francais","8":"product_cat-enfant-adolescente-francais","10":"first","11":"instock","12":"shipping-taxable","13":"purchasable","14":"product-type-simple"},"_links":{"self":[{"href":"https:\/\/baralivres.ma\/index.php?rest_route=\/wp\/v2\/product\/12656","targetHints":{"allow":["GET"]}}],"collection":[{"href":"https:\/\/baralivres.ma\/index.php?rest_route=\/wp\/v2\/product"}],"about":[{"href":"https:\/\/baralivres.ma\/index.php?rest_route=\/wp\/v2\/types\/product"}],"replies":[{"embeddable":true,"href":"https:\/\/baralivres.ma\/index.php?rest_route=%2Fwp%2Fv2%2Fcomments&post=12656"}],"version-history":[{"count":1,"href":"https:\/\/baralivres.ma\/index.php?rest_route=\/wp\/v2\/product\/12656\/revisions"}],"predecessor-version":[{"id":12658,"href":"https:\/\/baralivres.ma\/index.php?rest_route=\/wp\/v2\/product\/12656\/revisions\/12658"}],"wp:featuredmedia":[{"embeddable":true,"href":"https:\/\/baralivres.ma\/index.php?rest_route=\/wp\/v2\/media\/12657"}],"wp:attachment":[{"href":"https:\/\/baralivres.ma\/index.php?rest_route=%2Fwp%2Fv2%2Fmedia&parent=12656"}],"wp:term":[{"taxonomy":"product_cat","embeddable":true,"href":"https:\/\/baralivres.ma\/index.php?rest_route=%2Fwp%2Fv2%2Fproduct_cat&post=12656"},{"taxonomy":"product_tag","embeddable":true,"href":"https:\/\/baralivres.ma\/index.php?rest_route=%2Fwp%2Fv2%2Fproduct_tag&post=12656"}],"curies":[{"name":"wp","href":"https:\/\/api.w.org\/{rel}","templated":true}]}}