{"id":12653,"date":"2023-09-11T15:42:08","date_gmt":"2023-09-11T14:42:08","guid":{"rendered":"https:\/\/baralivres.ma\/?post_type=product&#038;p=12653"},"modified":"2023-09-11T15:42:09","modified_gmt":"2023-09-11T14:42:09","slug":"my-hero-academia-tome-1-2","status":"publish","type":"product","link":"https:\/\/baralivres.ma\/?product=my-hero-academia-tome-1-2","title":{"rendered":"My Hero Academia Tome 1"},"content":{"rendered":"<p>Dans un monde o\u00f9 80 % de la population poss\u00e8de un super?pouvoir appel\u00e9 alter, les h\u00e9ros font partie de la vie quotidienne. Et les super?vilains aussi ! Face \u00e0 eux se dresse l&rsquo;invincible All Might, le plus puissant des h\u00e9ros ! Le jeune Izuku Midoriya en est un fan absolu. Il n&rsquo;a qu&rsquo;un r\u00eave : entrer \u00e0 la Hero Academia pour suivre les traces de son idole<\/p>\n","protected":false},"excerpt":{"rendered":"<p>Son destin est boulevers\u00e9 le jour o\u00f9 sa route croise celle d&rsquo;All Might en personne ! Ce dernier lui offre une chance inesp\u00e9r\u00e9e de voir son r\u00eave se r\u00e9aliser. Pour Izuku, le parcours du combattant ne fait que commencer !<\/p>\n","protected":false},"featured_media":12654,"comment_status":"open","ping_status":"closed","template":"","meta":{"inline_featured_image":false},"product_cat":[203,204,205],"product_tag":[],"class_list":{"0":"post-12653","1":"product","2":"type-product","3":"status-publish","4":"has-post-thumbnail","6":"product_cat-adolescente","7":"product_cat-francais","8":"product_cat-enfant-adolescente-francais","10":"first","11":"instock","12":"shipping-taxable","13":"purchasable","14":"product-type-simple"},"_links":{"self":[{"href":"https:\/\/baralivres.ma\/index.php?rest_route=\/wp\/v2\/product\/12653","targetHints":{"allow":["GET"]}}],"collection":[{"href":"https:\/\/baralivres.ma\/index.php?rest_route=\/wp\/v2\/product"}],"about":[{"href":"https:\/\/baralivres.ma\/index.php?rest_route=\/wp\/v2\/types\/product"}],"replies":[{"embeddable":true,"href":"https:\/\/baralivres.ma\/index.php?rest_route=%2Fwp%2Fv2%2Fcomments&post=12653"}],"version-history":[{"count":1,"href":"https:\/\/baralivres.ma\/index.php?rest_route=\/wp\/v2\/product\/12653\/revisions"}],"predecessor-version":[{"id":12655,"href":"https:\/\/baralivres.ma\/index.php?rest_route=\/wp\/v2\/product\/12653\/revisions\/12655"}],"wp:featuredmedia":[{"embeddable":true,"href":"https:\/\/baralivres.ma\/index.php?rest_route=\/wp\/v2\/media\/12654"}],"wp:attachment":[{"href":"https:\/\/baralivres.ma\/index.php?rest_route=%2Fwp%2Fv2%2Fmedia&parent=12653"}],"wp:term":[{"taxonomy":"product_cat","embeddable":true,"href":"https:\/\/baralivres.ma\/index.php?rest_route=%2Fwp%2Fv2%2Fproduct_cat&post=12653"},{"taxonomy":"product_tag","embeddable":true,"href":"https:\/\/baralivres.ma\/index.php?rest_route=%2Fwp%2Fv2%2Fproduct_tag&post=12653"}],"curies":[{"name":"wp","href":"https:\/\/api.w.org\/{rel}","templated":true}]}}