{"id":12644,"date":"2023-09-08T18:19:58","date_gmt":"2023-09-08T17:19:58","guid":{"rendered":"https:\/\/baralivres.ma\/?post_type=product&#038;p=12644"},"modified":"2024-03-29T15:49:20","modified_gmt":"2024-03-29T14:49:20","slug":"jujutsu-kaisen-tome-4","status":"publish","type":"product","link":"https:\/\/baralivres.ma\/?product=jujutsu-kaisen-tome-4","title":{"rendered":"Jujutsu Kaisen Tome 4"},"content":{"rendered":"<p>En attendant que Yuji puisse rejoindre l&rsquo;\u00e9cole d&rsquo;exorcisme, Satoru le confie \u00e0 son coll\u00e8gue, Kento Nanami, pour enqu\u00eater sur une \u00e9trange affaire&#8230; En effet, les corps affreusement d\u00e9form\u00e9s de trois lyc\u00e9ens ont \u00e9t\u00e9 retrouv\u00e9s dans un cin\u00e9ma. Le duo d\u00e9couvre tr\u00e8s vite l&rsquo;horrible v\u00e9rit\u00e9 : certains fl\u00e9aux seraient en fart des \u00eatres humains ! Reste b savoir qui est capable d&rsquo;op\u00e9rer une telle transformation&#8230;<br \/>\nPendant que son mentor part en reconnaissance, Yuji rencontre Junpei, seul t\u00e9moin du meurtre de ses camarades, et parvient m\u00e9mo \u00e0 se lier d&rsquo;amiti\u00e9 avec lui. Mais tout bascule lorsque l&rsquo;adolescent, victime de harc\u00e8lement scolaire, perd sa m\u00e8re, sauvagement assassin\u00e9e&#8230; D\u00e9sormais, il ne pense plus qu&rsquo;\u00e0 se venger de tous ceux qui l&rsquo;ont fait souffrir !<\/p>\n","protected":false},"excerpt":{"rendered":"<p>En attendant que Yuji puisse rejoindre l&rsquo;\u00e9cole d&rsquo;exorcisme, Satoru le confie \u00e0 son coll\u00e8gue, Kento Nanami, pour enqu\u00eater sur une \u00e9trange affaire&#8230; En effet, les corps affreusement d\u00e9form\u00e9s de trois lyc\u00e9ens ont \u00e9t\u00e9 retrouv\u00e9s dans un cin\u00e9ma. Le duo d\u00e9couvre tr\u00e8s vite l&rsquo;horrible v\u00e9rit\u00e9 : certains fl\u00e9aux seraient en fart des \u00eatres humains ! Reste b savoir qui est capable d&rsquo;op\u00e9rer une telle transformation&#8230;<br \/>\nPendant que son mentor part en reconnaissance, Yuji rencontre Junpei, seul t\u00e9moin du meurtre de ses camarades, et parvient m\u00e9mo \u00e0 se lier d&rsquo;amiti\u00e9 avec lui. Mais tout bascule lorsque l&rsquo;adolescent, victime de harc\u00e8lement scolaire, perd sa m\u00e8re, sauvagement assassin\u00e9e&#8230; D\u00e9sormais, il ne pense plus qu&rsquo;\u00e0 se venger de tous ceux qui l&rsquo;ont fait souffrir !<\/p>\n","protected":false},"featured_media":12645,"comment_status":"open","ping_status":"closed","template":"","meta":{"inline_featured_image":false},"product_cat":[203,204,205,3681],"product_tag":[],"class_list":{"0":"post-12644","1":"product","2":"type-product","3":"status-publish","4":"has-post-thumbnail","6":"product_cat-adolescente","7":"product_cat-francais","8":"product_cat-enfant-adolescente-francais","9":"product_cat-jujutsu-kaisen","11":"first","12":"instock","13":"shipping-taxable","14":"purchasable","15":"product-type-simple"},"_links":{"self":[{"href":"https:\/\/baralivres.ma\/index.php?rest_route=\/wp\/v2\/product\/12644","targetHints":{"allow":["GET"]}}],"collection":[{"href":"https:\/\/baralivres.ma\/index.php?rest_route=\/wp\/v2\/product"}],"about":[{"href":"https:\/\/baralivres.ma\/index.php?rest_route=\/wp\/v2\/types\/product"}],"replies":[{"embeddable":true,"href":"https:\/\/baralivres.ma\/index.php?rest_route=%2Fwp%2Fv2%2Fcomments&post=12644"}],"version-history":[{"count":1,"href":"https:\/\/baralivres.ma\/index.php?rest_route=\/wp\/v2\/product\/12644\/revisions"}],"predecessor-version":[{"id":12646,"href":"https:\/\/baralivres.ma\/index.php?rest_route=\/wp\/v2\/product\/12644\/revisions\/12646"}],"wp:featuredmedia":[{"embeddable":true,"href":"https:\/\/baralivres.ma\/index.php?rest_route=\/wp\/v2\/media\/12645"}],"wp:attachment":[{"href":"https:\/\/baralivres.ma\/index.php?rest_route=%2Fwp%2Fv2%2Fmedia&parent=12644"}],"wp:term":[{"taxonomy":"product_cat","embeddable":true,"href":"https:\/\/baralivres.ma\/index.php?rest_route=%2Fwp%2Fv2%2Fproduct_cat&post=12644"},{"taxonomy":"product_tag","embeddable":true,"href":"https:\/\/baralivres.ma\/index.php?rest_route=%2Fwp%2Fv2%2Fproduct_tag&post=12644"}],"curies":[{"name":"wp","href":"https:\/\/api.w.org\/{rel}","templated":true}]}}