{"id":12638,"date":"2023-09-08T18:17:03","date_gmt":"2023-09-08T17:17:03","guid":{"rendered":"https:\/\/baralivres.ma\/?post_type=product&#038;p=12638"},"modified":"2024-03-29T15:49:22","modified_gmt":"2024-03-29T14:49:22","slug":"jujutsu-kaisen-tome-7","status":"publish","type":"product","link":"https:\/\/baralivres.ma\/?product=jujutsu-kaisen-tome-7","title":{"rendered":"Jujutsu Kaisen Tome 7"},"content":{"rendered":"<p>L&rsquo;\u00e9cole d&rsquo;exorcisme est attaqu\u00e9e en plein tournoi ! En effet, de dangereux fl\u00e9aux semblent s&rsquo;y \u00eatre donn\u00e9 rendez-vous&#8230; l&rsquo;occasion pour Yuji de mettre en pratique les le\u00e7ons d&rsquo;Aoi ! Ensemble, les \u00e9l\u00e8ves repoussent tant bien que mal les assauts de leurs ennemis jusqu&rsquo;\u00e0 l&rsquo;arriv\u00e9e de Satoru. Malheureusement, apr\u00e8s le passage de ces adversaires pour le moins coriaces, plusieurs reliques de classe S ont disparu&#8230;<br \/>\ndont les six doigts de Ryomen Sukuna ! Le plan redoutable de Suguru Geto commence doucement \u00e0 se mettre en place&#8230;<\/p>\n","protected":false},"excerpt":{"rendered":"<p>L&rsquo;\u00e9cole d&rsquo;exorcisme est attaqu\u00e9e en plein tournoi ! En effet, de dangereux fl\u00e9aux semblent s&rsquo;y \u00eatre donn\u00e9 rendez-vous&#8230; l&rsquo;occasion pour Yuji de mettre en pratique les le\u00e7ons d&rsquo;Aoi ! Ensemble, les \u00e9l\u00e8ves repoussent tant bien que mal les assauts de leurs ennemis jusqu&rsquo;\u00e0 l&rsquo;arriv\u00e9e de Satoru. Malheureusement, apr\u00e8s le passage de ces adversaires pour le moins coriaces, plusieurs reliques de classe S ont disparu&#8230;<br \/>\ndont les six doigts de Ryomen Sukuna ! Le plan redoutable de Suguru Geto commence doucement \u00e0 se mettre en place&#8230;<\/p>\n","protected":false},"featured_media":12639,"comment_status":"open","ping_status":"closed","template":"","meta":{"inline_featured_image":false},"product_cat":[203,204,205,3681],"product_tag":[],"class_list":{"0":"post-12638","1":"product","2":"type-product","3":"status-publish","4":"has-post-thumbnail","6":"product_cat-adolescente","7":"product_cat-francais","8":"product_cat-enfant-adolescente-francais","9":"product_cat-jujutsu-kaisen","11":"first","12":"instock","13":"shipping-taxable","14":"purchasable","15":"product-type-simple"},"_links":{"self":[{"href":"https:\/\/baralivres.ma\/index.php?rest_route=\/wp\/v2\/product\/12638","targetHints":{"allow":["GET"]}}],"collection":[{"href":"https:\/\/baralivres.ma\/index.php?rest_route=\/wp\/v2\/product"}],"about":[{"href":"https:\/\/baralivres.ma\/index.php?rest_route=\/wp\/v2\/types\/product"}],"replies":[{"embeddable":true,"href":"https:\/\/baralivres.ma\/index.php?rest_route=%2Fwp%2Fv2%2Fcomments&post=12638"}],"version-history":[{"count":1,"href":"https:\/\/baralivres.ma\/index.php?rest_route=\/wp\/v2\/product\/12638\/revisions"}],"predecessor-version":[{"id":12640,"href":"https:\/\/baralivres.ma\/index.php?rest_route=\/wp\/v2\/product\/12638\/revisions\/12640"}],"wp:featuredmedia":[{"embeddable":true,"href":"https:\/\/baralivres.ma\/index.php?rest_route=\/wp\/v2\/media\/12639"}],"wp:attachment":[{"href":"https:\/\/baralivres.ma\/index.php?rest_route=%2Fwp%2Fv2%2Fmedia&parent=12638"}],"wp:term":[{"taxonomy":"product_cat","embeddable":true,"href":"https:\/\/baralivres.ma\/index.php?rest_route=%2Fwp%2Fv2%2Fproduct_cat&post=12638"},{"taxonomy":"product_tag","embeddable":true,"href":"https:\/\/baralivres.ma\/index.php?rest_route=%2Fwp%2Fv2%2Fproduct_tag&post=12638"}],"curies":[{"name":"wp","href":"https:\/\/api.w.org\/{rel}","templated":true}]}}