{"id":12632,"date":"2023-09-08T18:14:27","date_gmt":"2023-09-08T17:14:27","guid":{"rendered":"https:\/\/baralivres.ma\/?post_type=product&#038;p=12632"},"modified":"2024-03-29T15:49:21","modified_gmt":"2024-03-29T14:49:21","slug":"jujutsu-kaisen-tome-6","status":"publish","type":"product","link":"https:\/\/baralivres.ma\/?product=jujutsu-kaisen-tome-6","title":{"rendered":"Jujutsu Kaisen Tome 6"},"content":{"rendered":"<p>Engloutir les t\u00e9n\u00e8bres pour mieux les combattre ! Alors que les exorcistes de l&rsquo;\u00e9cole de Kyoto s&rsquo;appr\u00eatent \u00e0 mettre fin aux jours de Yuji, Aoi s&rsquo;interpose et leur interdit de prendre part au combat ! En effet, une amiti\u00e9 ind\u00e9fectible semble lier les deux lyc\u00e9ens, qui se lancent dans un duel pour le moins \u00e9tonnant&#8230; Pendant ce temps, l&rsquo;affrontement repart de plus belle entre les autres participants, qui ont rapidement mis la chasse aux fl\u00e9aux de c\u00f4t\u00e9&#8230;<br \/>\nmais c&rsquo;\u00e9tait compter sans la venue inattendue de redoutables adversaires ! Les deux \u00e9coles parviendront-elles \u00e0 joindre leurs forces pour s&rsquo;en sortir ?<\/p>\n","protected":false},"excerpt":{"rendered":"<p>Engloutir les t\u00e9n\u00e8bres pour mieux les combattre ! Alors que les exorcistes de l&rsquo;\u00e9cole de Kyoto s&rsquo;appr\u00eatent \u00e0 mettre fin aux jours de Yuji, Aoi s&rsquo;interpose et leur interdit de prendre part au combat ! En effet, une amiti\u00e9 ind\u00e9fectible semble lier les deux lyc\u00e9ens, qui se lancent dans un duel pour le moins \u00e9tonnant&#8230; Pendant ce temps, l&rsquo;affrontement repart de plus belle entre les autres participants, qui ont rapidement mis la chasse aux fl\u00e9aux de c\u00f4t\u00e9&#8230;<br \/>\nmais c&rsquo;\u00e9tait compter sans la venue inattendue de redoutables adversaires ! Les deux \u00e9coles parviendront-elles \u00e0 joindre leurs forces pour s&rsquo;en sortir ?<\/p>\n","protected":false},"featured_media":12633,"comment_status":"open","ping_status":"closed","template":"","meta":{"inline_featured_image":false},"product_cat":[203,204,205,3681],"product_tag":[],"class_list":{"0":"post-12632","1":"product","2":"type-product","3":"status-publish","4":"has-post-thumbnail","6":"product_cat-adolescente","7":"product_cat-francais","8":"product_cat-enfant-adolescente-francais","9":"product_cat-jujutsu-kaisen","11":"first","12":"instock","13":"shipping-taxable","14":"purchasable","15":"product-type-simple"},"_links":{"self":[{"href":"https:\/\/baralivres.ma\/index.php?rest_route=\/wp\/v2\/product\/12632","targetHints":{"allow":["GET"]}}],"collection":[{"href":"https:\/\/baralivres.ma\/index.php?rest_route=\/wp\/v2\/product"}],"about":[{"href":"https:\/\/baralivres.ma\/index.php?rest_route=\/wp\/v2\/types\/product"}],"replies":[{"embeddable":true,"href":"https:\/\/baralivres.ma\/index.php?rest_route=%2Fwp%2Fv2%2Fcomments&post=12632"}],"version-history":[{"count":1,"href":"https:\/\/baralivres.ma\/index.php?rest_route=\/wp\/v2\/product\/12632\/revisions"}],"predecessor-version":[{"id":12634,"href":"https:\/\/baralivres.ma\/index.php?rest_route=\/wp\/v2\/product\/12632\/revisions\/12634"}],"wp:featuredmedia":[{"embeddable":true,"href":"https:\/\/baralivres.ma\/index.php?rest_route=\/wp\/v2\/media\/12633"}],"wp:attachment":[{"href":"https:\/\/baralivres.ma\/index.php?rest_route=%2Fwp%2Fv2%2Fmedia&parent=12632"}],"wp:term":[{"taxonomy":"product_cat","embeddable":true,"href":"https:\/\/baralivres.ma\/index.php?rest_route=%2Fwp%2Fv2%2Fproduct_cat&post=12632"},{"taxonomy":"product_tag","embeddable":true,"href":"https:\/\/baralivres.ma\/index.php?rest_route=%2Fwp%2Fv2%2Fproduct_tag&post=12632"}],"curies":[{"name":"wp","href":"https:\/\/api.w.org\/{rel}","templated":true}]}}