{"id":12629,"date":"2023-09-08T18:11:54","date_gmt":"2023-09-08T17:11:54","guid":{"rendered":"https:\/\/baralivres.ma\/?post_type=product&#038;p=12629"},"modified":"2023-09-08T18:11:54","modified_gmt":"2023-09-08T17:11:54","slug":"jujutsu-kaisen-tome-9","status":"publish","type":"product","link":"https:\/\/baralivres.ma\/?product=jujutsu-kaisen-tome-9","title":{"rendered":"Jujutsu Kaisen Tome 9"},"content":{"rendered":"<p>Engloutir les t\u00e9n\u00e8bres pour mieux les combattre ! Alors qu&rsquo;ils sont en premi\u00e8re au lyc\u00e9e d&rsquo;exorcisme de Tokyo, Satoru Gojo et Suguru Geto forment un duo d&rsquo;exception. Ensemble, ils sont imbattables ! A tel point qu&rsquo;on leur confie une mission de la plus haute importance : prot\u00e9ger Riko Amanai, le futur r\u00e9ceptacle du ma\u00eetre des barri\u00e8res, jusqu&rsquo;\u00e0 ce qu&rsquo;elle le rejoigne afin d&rsquo;\u00eatre assimil\u00e9e. Pour les deux \u00e9l\u00e8ves, rien de plus facile ! Mais, tandis que le petit groupe pense avoir enfin atteint son objectif, un tueur \u00e0 l&rsquo;agilit\u00e9 et \u00e0 la force extraordinaires parvient \u00e0 d\u00e9jouer la vigilance de Satoru&#8230;<br \/>\nLe prodige du monde de l&rsquo;exorcisme aurait-il trouv\u00e9 un adversaire \u00e0 sa hauteur ?<\/p>\n","protected":false},"excerpt":{"rendered":"<p>Engloutir les t\u00e9n\u00e8bres pour mieux les combattre ! Alors qu&rsquo;ils sont en premi\u00e8re au lyc\u00e9e d&rsquo;exorcisme de Tokyo, Satoru Gojo et Suguru Geto forment un duo d&rsquo;exception. Ensemble, ils sont imbattables ! A tel point qu&rsquo;on leur confie une mission de la plus haute importance : prot\u00e9ger Riko Amanai, le futur r\u00e9ceptacle du ma\u00eetre des barri\u00e8res, jusqu&rsquo;\u00e0 ce qu&rsquo;elle le rejoigne afin d&rsquo;\u00eatre assimil\u00e9e. Pour les deux \u00e9l\u00e8ves, rien de plus facile ! Mais, tandis que le petit groupe pense avoir enfin atteint son objectif, un tueur \u00e0 l&rsquo;agilit\u00e9 et \u00e0 la force extraordinaires parvient \u00e0 d\u00e9jouer la vigilance de Satoru&#8230;<br \/>\nLe prodige du monde de l&rsquo;exorcisme aurait-il trouv\u00e9 un adversaire \u00e0 sa hauteur ?<\/p>\n","protected":false},"featured_media":12630,"comment_status":"open","ping_status":"closed","template":"","meta":{"inline_featured_image":false},"product_cat":[203,204,205],"product_tag":[],"class_list":{"0":"post-12629","1":"product","2":"type-product","3":"status-publish","4":"has-post-thumbnail","6":"product_cat-adolescente","7":"product_cat-francais","8":"product_cat-enfant-adolescente-francais","10":"first","11":"instock","12":"shipping-taxable","13":"purchasable","14":"product-type-simple"},"_links":{"self":[{"href":"https:\/\/baralivres.ma\/index.php?rest_route=\/wp\/v2\/product\/12629","targetHints":{"allow":["GET"]}}],"collection":[{"href":"https:\/\/baralivres.ma\/index.php?rest_route=\/wp\/v2\/product"}],"about":[{"href":"https:\/\/baralivres.ma\/index.php?rest_route=\/wp\/v2\/types\/product"}],"replies":[{"embeddable":true,"href":"https:\/\/baralivres.ma\/index.php?rest_route=%2Fwp%2Fv2%2Fcomments&post=12629"}],"version-history":[{"count":1,"href":"https:\/\/baralivres.ma\/index.php?rest_route=\/wp\/v2\/product\/12629\/revisions"}],"predecessor-version":[{"id":12631,"href":"https:\/\/baralivres.ma\/index.php?rest_route=\/wp\/v2\/product\/12629\/revisions\/12631"}],"wp:featuredmedia":[{"embeddable":true,"href":"https:\/\/baralivres.ma\/index.php?rest_route=\/wp\/v2\/media\/12630"}],"wp:attachment":[{"href":"https:\/\/baralivres.ma\/index.php?rest_route=%2Fwp%2Fv2%2Fmedia&parent=12629"}],"wp:term":[{"taxonomy":"product_cat","embeddable":true,"href":"https:\/\/baralivres.ma\/index.php?rest_route=%2Fwp%2Fv2%2Fproduct_cat&post=12629"},{"taxonomy":"product_tag","embeddable":true,"href":"https:\/\/baralivres.ma\/index.php?rest_route=%2Fwp%2Fv2%2Fproduct_tag&post=12629"}],"curies":[{"name":"wp","href":"https:\/\/api.w.org\/{rel}","templated":true}]}}