{"id":12623,"date":"2023-09-08T18:08:47","date_gmt":"2023-09-08T17:08:47","guid":{"rendered":"https:\/\/baralivres.ma\/?post_type=product&#038;p=12623"},"modified":"2024-03-29T15:49:26","modified_gmt":"2024-03-29T14:49:26","slug":"jujutsu-kaisen-tome-19","status":"publish","type":"product","link":"https:\/\/baralivres.ma\/?product=jujutsu-kaisen-tome-19","title":{"rendered":"Jujutsu Kaisen Tome 19"},"content":{"rendered":"<p>Engloutir les t\u00e9n\u00e8bres pour mieux les combattre ! Avec Kinji \u00e0 leurs c\u00f4t\u00e9s, Yuji, Megumi et le Panda se lancent enfin dans la Traque meurtri\u00e8re&#8230; Mais alors qu&rsquo;ils pensaient pouvoir faire \u00e9quipe, ils sont s\u00e9par\u00e9s et tombent imm\u00e9diatement sur des adversaires tr\u00e8s puissants ! L&rsquo;objectif reste n\u00e9anmoins le m\u00eame : retrouver l&rsquo;ange capable de lever le sceau de la lisi\u00e8re du supplice&#8230; Pour esp\u00e9rer tourner les r\u00e8gles du jeu \u00e0 leur avantage, les quatre participants vont devoir mettre la main sur deux combattants qui poss\u00e8dent plus de 100 points : Hajime Kashimo et Hiromi Higuruma&#8230;<br \/>\nLes jeunes exorcistes arriveront-ils \u00e0 s&rsquo;en sortir ? Monstres assoiff\u00e9s de sang, combats \u00e9piques et magie surpuissante : d\u00e9couvrez la nouvelle bombe dark fantasy ! Au coeur d&rsquo;une lutte mill\u00e9naire entre exorcistes et d\u00e9mons, comment garder son humanit\u00e9 alors m\u00eame que le mal se tapit au plus profond de soi ?<\/p>\n","protected":false},"excerpt":{"rendered":"<p>Engloutir les t\u00e9n\u00e8bres pour mieux les combattre ! Avec Kinji \u00e0 leurs c\u00f4t\u00e9s, Yuji, Megumi et le Panda se lancent enfin dans la Traque meurtri\u00e8re&#8230; Mais alors qu&rsquo;ils pensaient pouvoir faire \u00e9quipe, ils sont s\u00e9par\u00e9s et tombent imm\u00e9diatement sur des adversaires tr\u00e8s puissants ! L&rsquo;objectif reste n\u00e9anmoins le m\u00eame : retrouver l&rsquo;ange capable de lever le sceau de la lisi\u00e8re du supplice&#8230; Pour esp\u00e9rer tourner les r\u00e8gles du jeu \u00e0 leur avantage, les quatre participants vont devoir mettre la main sur deux combattants qui poss\u00e8dent plus de 100 points : Hajime Kashimo et Hiromi Higuruma&#8230;<br \/>\nLes jeunes exorcistes arriveront-ils \u00e0 s&rsquo;en sortir ? Monstres assoiff\u00e9s de sang, combats \u00e9piques et magie surpuissante : d\u00e9couvrez la nouvelle bombe dark fantasy ! Au coeur d&rsquo;une lutte mill\u00e9naire entre exorcistes et d\u00e9mons, comment garder son humanit\u00e9 alors m\u00eame que le mal se tapit au plus profond de soi ?<\/p>\n","protected":false},"featured_media":12624,"comment_status":"open","ping_status":"closed","template":"","meta":{"inline_featured_image":false},"product_cat":[203,204,205,3681],"product_tag":[],"class_list":{"0":"post-12623","1":"product","2":"type-product","3":"status-publish","4":"has-post-thumbnail","6":"product_cat-adolescente","7":"product_cat-francais","8":"product_cat-enfant-adolescente-francais","9":"product_cat-jujutsu-kaisen","11":"first","12":"instock","13":"shipping-taxable","14":"purchasable","15":"product-type-simple"},"_links":{"self":[{"href":"https:\/\/baralivres.ma\/index.php?rest_route=\/wp\/v2\/product\/12623","targetHints":{"allow":["GET"]}}],"collection":[{"href":"https:\/\/baralivres.ma\/index.php?rest_route=\/wp\/v2\/product"}],"about":[{"href":"https:\/\/baralivres.ma\/index.php?rest_route=\/wp\/v2\/types\/product"}],"replies":[{"embeddable":true,"href":"https:\/\/baralivres.ma\/index.php?rest_route=%2Fwp%2Fv2%2Fcomments&post=12623"}],"version-history":[{"count":1,"href":"https:\/\/baralivres.ma\/index.php?rest_route=\/wp\/v2\/product\/12623\/revisions"}],"predecessor-version":[{"id":12625,"href":"https:\/\/baralivres.ma\/index.php?rest_route=\/wp\/v2\/product\/12623\/revisions\/12625"}],"wp:featuredmedia":[{"embeddable":true,"href":"https:\/\/baralivres.ma\/index.php?rest_route=\/wp\/v2\/media\/12624"}],"wp:attachment":[{"href":"https:\/\/baralivres.ma\/index.php?rest_route=%2Fwp%2Fv2%2Fmedia&parent=12623"}],"wp:term":[{"taxonomy":"product_cat","embeddable":true,"href":"https:\/\/baralivres.ma\/index.php?rest_route=%2Fwp%2Fv2%2Fproduct_cat&post=12623"},{"taxonomy":"product_tag","embeddable":true,"href":"https:\/\/baralivres.ma\/index.php?rest_route=%2Fwp%2Fv2%2Fproduct_tag&post=12623"}],"curies":[{"name":"wp","href":"https:\/\/api.w.org\/{rel}","templated":true}]}}