{"id":12620,"date":"2023-09-08T18:06:38","date_gmt":"2023-09-08T17:06:38","guid":{"rendered":"https:\/\/baralivres.ma\/?post_type=product&#038;p=12620"},"modified":"2024-03-29T15:49:25","modified_gmt":"2024-03-29T14:49:25","slug":"jujutsu-kaisen-tome-17","status":"publish","type":"product","link":"https:\/\/baralivres.ma\/?product=jujutsu-kaisen-tome-17","title":{"rendered":"Jujutsu Kaisen Tome 17"},"content":{"rendered":"<p>Engloutir les t\u00e9n\u00e8bres pour mieux les combattre ! Apr\u00e8s la destruction de Shibuya, Noritoshi Kamo a lib\u00e9r\u00e9 des millions de fl\u00e9aux avant de s&rsquo;enfuir avec la Lisi\u00e8re du supplice contenant Satoru Gojo. Pour ne rien arranger, Yuji est d\u00e9sormais recherch\u00e9 afin d&rsquo;\u00eatre ex\u00e9cut\u00e9, et ce par nul autre que Yuta Okkotsu ! Heureusement, l&rsquo;\u00e9l\u00e8ve de premi\u00e8re se r\u00e9v\u00e8le \u00eatre un alli\u00e9 de taille. Ensemble, Megumi, Yuji et Yuta vont donc tout mettre en oeuvre pour contrecarrer les plans de Noritoshi et ainsi mettre fin \u00e0 la Traque meurtri\u00e8re tout en lib\u00e9rant leur professeur&#8230;<br \/>\nMonstres assoiff\u00e9s de sang, combats \u00e9piques et magie surpuissante : d\u00e9couvrez la nouvelle bombe dark fantasy ! Au coeur d&rsquo;une lutte mill\u00e9naire entre exorcistes et d\u00e9mons, comment garder son humanit\u00e9 alors m\u00eame que le mal se tapit au plus profond de soi ?<\/p>\n","protected":false},"excerpt":{"rendered":"<p>Engloutir les t\u00e9n\u00e8bres pour mieux les combattre ! Apr\u00e8s la destruction de Shibuya, Noritoshi Kamo a lib\u00e9r\u00e9 des millions de fl\u00e9aux avant de s&rsquo;enfuir avec la Lisi\u00e8re du supplice contenant Satoru Gojo. Pour ne rien arranger, Yuji est d\u00e9sormais recherch\u00e9 afin d&rsquo;\u00eatre ex\u00e9cut\u00e9, et ce par nul autre que Yuta Okkotsu ! Heureusement, l&rsquo;\u00e9l\u00e8ve de premi\u00e8re se r\u00e9v\u00e8le \u00eatre un alli\u00e9 de taille. Ensemble, Megumi, Yuji et Yuta vont donc tout mettre en oeuvre pour contrecarrer les plans de Noritoshi et ainsi mettre fin \u00e0 la Traque meurtri\u00e8re tout en lib\u00e9rant leur professeur&#8230;<br \/>\nMonstres assoiff\u00e9s de sang, combats \u00e9piques et magie surpuissante : d\u00e9couvrez la nouvelle bombe dark fantasy ! Au coeur d&rsquo;une lutte mill\u00e9naire entre exorcistes et d\u00e9mons, comment garder son humanit\u00e9 alors m\u00eame que le mal se tapit au plus profond de soi ?<\/p>\n","protected":false},"featured_media":12621,"comment_status":"open","ping_status":"closed","template":"","meta":{"inline_featured_image":false},"product_cat":[203,204,205,3681],"product_tag":[],"class_list":{"0":"post-12620","1":"product","2":"type-product","3":"status-publish","4":"has-post-thumbnail","6":"product_cat-adolescente","7":"product_cat-francais","8":"product_cat-enfant-adolescente-francais","9":"product_cat-jujutsu-kaisen","11":"first","12":"instock","13":"shipping-taxable","14":"purchasable","15":"product-type-simple"},"_links":{"self":[{"href":"https:\/\/baralivres.ma\/index.php?rest_route=\/wp\/v2\/product\/12620","targetHints":{"allow":["GET"]}}],"collection":[{"href":"https:\/\/baralivres.ma\/index.php?rest_route=\/wp\/v2\/product"}],"about":[{"href":"https:\/\/baralivres.ma\/index.php?rest_route=\/wp\/v2\/types\/product"}],"replies":[{"embeddable":true,"href":"https:\/\/baralivres.ma\/index.php?rest_route=%2Fwp%2Fv2%2Fcomments&post=12620"}],"version-history":[{"count":1,"href":"https:\/\/baralivres.ma\/index.php?rest_route=\/wp\/v2\/product\/12620\/revisions"}],"predecessor-version":[{"id":12622,"href":"https:\/\/baralivres.ma\/index.php?rest_route=\/wp\/v2\/product\/12620\/revisions\/12622"}],"wp:featuredmedia":[{"embeddable":true,"href":"https:\/\/baralivres.ma\/index.php?rest_route=\/wp\/v2\/media\/12621"}],"wp:attachment":[{"href":"https:\/\/baralivres.ma\/index.php?rest_route=%2Fwp%2Fv2%2Fmedia&parent=12620"}],"wp:term":[{"taxonomy":"product_cat","embeddable":true,"href":"https:\/\/baralivres.ma\/index.php?rest_route=%2Fwp%2Fv2%2Fproduct_cat&post=12620"},{"taxonomy":"product_tag","embeddable":true,"href":"https:\/\/baralivres.ma\/index.php?rest_route=%2Fwp%2Fv2%2Fproduct_tag&post=12620"}],"curies":[{"name":"wp","href":"https:\/\/api.w.org\/{rel}","templated":true}]}}