{"id":12617,"date":"2023-09-08T18:03:34","date_gmt":"2023-09-08T17:03:34","guid":{"rendered":"https:\/\/baralivres.ma\/?post_type=product&#038;p=12617"},"modified":"2024-03-29T15:49:24","modified_gmt":"2024-03-29T14:49:24","slug":"jujutsu-kaisen-tome-16","status":"publish","type":"product","link":"https:\/\/baralivres.ma\/?product=jujutsu-kaisen-tome-16","title":{"rendered":"Jujutsu Kaisen Tome 16 &#8211;"},"content":{"rendered":"<p>Alors que le d\u00e9sespoir s&#8217;empare de Yuji, Aoi surgit pour lui pr\u00eater main-forte face \u00e0 Mahito ! A deux, ils parviennent \u00e0 vaincre l&rsquo;entit\u00e9 annihilatrice, sa forme ultime&#8230; Seulement, tandis que Yuji s&rsquo;approche pour en finir une bonne fois pour toutes, Suguru, toujours porteur de la lisi\u00e8re du supplice, appara\u00eet ! Le ma\u00eetre des fl\u00e9aux ignore les supplications de Mahito et passe \u00e0 l&rsquo;action. Par contre, les autres exorcistes pr\u00e9sents \u00e0 Shibuya rejoignent Yuji et tentent de venir \u00e0 bout de Suguru&#8230;<br \/>\nmais s&rsquo;agit-il encore de l&rsquo;ancien ami de Satoru ?<\/p>\n","protected":false},"excerpt":{"rendered":"<p>Alors que le d\u00e9sespoir s&#8217;empare de Yuji, Aoi surgit pour lui pr\u00eater main-forte face \u00e0 Mahito ! A deux, ils parviennent \u00e0 vaincre l&rsquo;entit\u00e9 annihilatrice, sa forme ultime&#8230; Seulement, tandis que Yuji s&rsquo;approche pour en finir une bonne fois pour toutes, Suguru, toujours porteur de la lisi\u00e8re du supplice, appara\u00eet ! Le ma\u00eetre des fl\u00e9aux ignore les supplications de Mahito et passe \u00e0 l&rsquo;action. Par contre, les autres exorcistes pr\u00e9sents \u00e0 Shibuya rejoignent Yuji et tentent de venir \u00e0 bout de Suguru&#8230;<br \/>\nmais s&rsquo;agit-il encore de l&rsquo;ancien ami de Satoru ?<\/p>\n","protected":false},"featured_media":12618,"comment_status":"open","ping_status":"closed","template":"","meta":{"inline_featured_image":false},"product_cat":[203,204,205,3681],"product_tag":[],"class_list":{"0":"post-12617","1":"product","2":"type-product","3":"status-publish","4":"has-post-thumbnail","6":"product_cat-adolescente","7":"product_cat-francais","8":"product_cat-enfant-adolescente-francais","9":"product_cat-jujutsu-kaisen","11":"first","12":"instock","13":"shipping-taxable","14":"purchasable","15":"product-type-simple"},"_links":{"self":[{"href":"https:\/\/baralivres.ma\/index.php?rest_route=\/wp\/v2\/product\/12617","targetHints":{"allow":["GET"]}}],"collection":[{"href":"https:\/\/baralivres.ma\/index.php?rest_route=\/wp\/v2\/product"}],"about":[{"href":"https:\/\/baralivres.ma\/index.php?rest_route=\/wp\/v2\/types\/product"}],"replies":[{"embeddable":true,"href":"https:\/\/baralivres.ma\/index.php?rest_route=%2Fwp%2Fv2%2Fcomments&post=12617"}],"version-history":[{"count":1,"href":"https:\/\/baralivres.ma\/index.php?rest_route=\/wp\/v2\/product\/12617\/revisions"}],"predecessor-version":[{"id":12619,"href":"https:\/\/baralivres.ma\/index.php?rest_route=\/wp\/v2\/product\/12617\/revisions\/12619"}],"wp:featuredmedia":[{"embeddable":true,"href":"https:\/\/baralivres.ma\/index.php?rest_route=\/wp\/v2\/media\/12618"}],"wp:attachment":[{"href":"https:\/\/baralivres.ma\/index.php?rest_route=%2Fwp%2Fv2%2Fmedia&parent=12617"}],"wp:term":[{"taxonomy":"product_cat","embeddable":true,"href":"https:\/\/baralivres.ma\/index.php?rest_route=%2Fwp%2Fv2%2Fproduct_cat&post=12617"},{"taxonomy":"product_tag","embeddable":true,"href":"https:\/\/baralivres.ma\/index.php?rest_route=%2Fwp%2Fv2%2Fproduct_tag&post=12617"}],"curies":[{"name":"wp","href":"https:\/\/api.w.org\/{rel}","templated":true}]}}