{"id":12611,"date":"2023-09-08T18:00:36","date_gmt":"2023-09-08T17:00:36","guid":{"rendered":"https:\/\/baralivres.ma\/?post_type=product&#038;p=12611"},"modified":"2024-03-29T15:49:24","modified_gmt":"2024-03-29T14:49:24","slug":"jujutsu-kaisen-tome-14","status":"publish","type":"product","link":"https:\/\/baralivres.ma\/?product=jujutsu-kaisen-tome-14","title":{"rendered":"Jujutsu Kaisen Tome 14"},"content":{"rendered":"<div id=\"resume\" class=\"\n        fp-wide--block\n        fp-wide--block-resume                \"><\/p>\n<div class=\"content\">Alors que les combats tournent d\u00e9j\u00e0 mal pour les exorcistes pr\u00e9sents \u00e0 Shibuya, la situation empire : en effet, les deux disciples de Suguru Geto ne reculent devant rien pour venger leur ma\u00eetre&#8230; Les jeunes filles font donc ingurgiter plusieurs doigts de Sukuna \u00e0 Yuji, qui perd le contr\u00f4le de son corps. De retour en chair et en os, le d\u00e9mon \u00e0 deux visages impose sa puissance sur le terrain et se lance dans un duel enflamm\u00e9 avec Jogo : si ce dernier r\u00e9ussit \u00e0 lui porter un coup, alors il se rangera du c\u00f4t\u00e9 des fl\u00e9aux ! Les exorcistes restants arriveront-ils \u00e0 emp\u00eacher un v\u00e9ritable massacre ?<\/div>\n<\/div>\n<div id=\"specification\" class=\"\n        fp-wide--block\n        fp-wide--block-specification                \"><\/p>\n<div class=\"fp-wide--block--header\"><\/div>\n<\/div>\n","protected":false},"excerpt":{"rendered":"<div id=\"resume\" class=\"\n        fp-wide--block\n        fp-wide--block-resume                \"><\/p>\n<div class=\"content\">Alors que les combats tournent d\u00e9j\u00e0 mal pour les exorcistes pr\u00e9sents \u00e0 Shibuya, la situation empire : en effet, les deux disciples de Suguru Geto ne reculent devant rien pour venger leur ma\u00eetre&#8230; Les jeunes filles font donc ingurgiter plusieurs doigts de Sukuna \u00e0 Yuji, qui perd le contr\u00f4le de son corps. De retour en chair et en os, le d\u00e9mon \u00e0 deux visages impose sa puissance sur le terrain et se lance dans un duel enflamm\u00e9 avec Jogo : si ce dernier r\u00e9ussit \u00e0 lui porter un coup, alors il se rangera du c\u00f4t\u00e9 des fl\u00e9aux ! Les exorcistes restants arriveront-ils \u00e0 emp\u00eacher un v\u00e9ritable massacre ?<\/div>\n<\/div>\n<div id=\"specification\" class=\"\n        fp-wide--block\n        fp-wide--block-specification                \"><\/p>\n<div class=\"fp-wide--block--header\"><\/div>\n<\/div>\n","protected":false},"featured_media":12612,"comment_status":"open","ping_status":"closed","template":"","meta":{"inline_featured_image":false},"product_cat":[203,204,205,3681],"product_tag":[],"class_list":{"0":"post-12611","1":"product","2":"type-product","3":"status-publish","4":"has-post-thumbnail","6":"product_cat-adolescente","7":"product_cat-francais","8":"product_cat-enfant-adolescente-francais","9":"product_cat-jujutsu-kaisen","11":"first","12":"instock","13":"shipping-taxable","14":"purchasable","15":"product-type-simple"},"_links":{"self":[{"href":"https:\/\/baralivres.ma\/index.php?rest_route=\/wp\/v2\/product\/12611","targetHints":{"allow":["GET"]}}],"collection":[{"href":"https:\/\/baralivres.ma\/index.php?rest_route=\/wp\/v2\/product"}],"about":[{"href":"https:\/\/baralivres.ma\/index.php?rest_route=\/wp\/v2\/types\/product"}],"replies":[{"embeddable":true,"href":"https:\/\/baralivres.ma\/index.php?rest_route=%2Fwp%2Fv2%2Fcomments&post=12611"}],"version-history":[{"count":2,"href":"https:\/\/baralivres.ma\/index.php?rest_route=\/wp\/v2\/product\/12611\/revisions"}],"predecessor-version":[{"id":14276,"href":"https:\/\/baralivres.ma\/index.php?rest_route=\/wp\/v2\/product\/12611\/revisions\/14276"}],"wp:featuredmedia":[{"embeddable":true,"href":"https:\/\/baralivres.ma\/index.php?rest_route=\/wp\/v2\/media\/12612"}],"wp:attachment":[{"href":"https:\/\/baralivres.ma\/index.php?rest_route=%2Fwp%2Fv2%2Fmedia&parent=12611"}],"wp:term":[{"taxonomy":"product_cat","embeddable":true,"href":"https:\/\/baralivres.ma\/index.php?rest_route=%2Fwp%2Fv2%2Fproduct_cat&post=12611"},{"taxonomy":"product_tag","embeddable":true,"href":"https:\/\/baralivres.ma\/index.php?rest_route=%2Fwp%2Fv2%2Fproduct_tag&post=12611"}],"curies":[{"name":"wp","href":"https:\/\/api.w.org\/{rel}","templated":true}]}}