{"id":12608,"date":"2023-09-08T17:59:08","date_gmt":"2023-09-08T16:59:08","guid":{"rendered":"https:\/\/baralivres.ma\/?post_type=product&#038;p=12608"},"modified":"2024-03-29T15:49:23","modified_gmt":"2024-03-29T14:49:23","slug":"jujutsu-kaisen-tome-13","status":"publish","type":"product","link":"https:\/\/baralivres.ma\/?product=jujutsu-kaisen-tome-13","title":{"rendered":"Jujutsu Kaisen Tome 13"},"content":{"rendered":"<p>A Shibuya, les affrontements se succ\u00e8dent. Tands que Yuji cherche \u00e0 tout prix \u00e0 rejoindre Satoru, le voil\u00e0 stopp\u00e9 par Chose, dont la puissance est largement sup\u00e9rieure \u00e0 la sienne ! Sur le point de mourir, le jeune homme est finalement \u00e9pargn\u00e9 par son adversaire&#8230; Pendant ce temps, Naobito, Kento et Maki doivent faire face \u00e0 Dagon, un ennemi particuli\u00e8rement redoutable. Les trois exorcistes sont en effet prisonniers des attaques imparables de son territoire !<\/p>\n","protected":false},"excerpt":{"rendered":"<p>A Shibuya, les affrontements se succ\u00e8dent. Tands que Yuji cherche \u00e0 tout prix \u00e0 rejoindre Satoru, le voil\u00e0 stopp\u00e9 par Chose, dont la puissance est largement sup\u00e9rieure \u00e0 la sienne ! Sur le point de mourir, le jeune homme est finalement \u00e9pargn\u00e9 par son adversaire&#8230; Pendant ce temps, Naobito, Kento et Maki doivent faire face \u00e0 Dagon, un ennemi particuli\u00e8rement redoutable. Les trois exorcistes sont en effet prisonniers des attaques imparables de son territoire !<\/p>\n","protected":false},"featured_media":12609,"comment_status":"open","ping_status":"closed","template":"","meta":{"inline_featured_image":false},"product_cat":[203,204,205,3681],"product_tag":[],"class_list":{"0":"post-12608","1":"product","2":"type-product","3":"status-publish","4":"has-post-thumbnail","6":"product_cat-adolescente","7":"product_cat-francais","8":"product_cat-enfant-adolescente-francais","9":"product_cat-jujutsu-kaisen","11":"first","12":"instock","13":"shipping-taxable","14":"purchasable","15":"product-type-simple"},"_links":{"self":[{"href":"https:\/\/baralivres.ma\/index.php?rest_route=\/wp\/v2\/product\/12608","targetHints":{"allow":["GET"]}}],"collection":[{"href":"https:\/\/baralivres.ma\/index.php?rest_route=\/wp\/v2\/product"}],"about":[{"href":"https:\/\/baralivres.ma\/index.php?rest_route=\/wp\/v2\/types\/product"}],"replies":[{"embeddable":true,"href":"https:\/\/baralivres.ma\/index.php?rest_route=%2Fwp%2Fv2%2Fcomments&post=12608"}],"version-history":[{"count":1,"href":"https:\/\/baralivres.ma\/index.php?rest_route=\/wp\/v2\/product\/12608\/revisions"}],"predecessor-version":[{"id":12610,"href":"https:\/\/baralivres.ma\/index.php?rest_route=\/wp\/v2\/product\/12608\/revisions\/12610"}],"wp:featuredmedia":[{"embeddable":true,"href":"https:\/\/baralivres.ma\/index.php?rest_route=\/wp\/v2\/media\/12609"}],"wp:attachment":[{"href":"https:\/\/baralivres.ma\/index.php?rest_route=%2Fwp%2Fv2%2Fmedia&parent=12608"}],"wp:term":[{"taxonomy":"product_cat","embeddable":true,"href":"https:\/\/baralivres.ma\/index.php?rest_route=%2Fwp%2Fv2%2Fproduct_cat&post=12608"},{"taxonomy":"product_tag","embeddable":true,"href":"https:\/\/baralivres.ma\/index.php?rest_route=%2Fwp%2Fv2%2Fproduct_tag&post=12608"}],"curies":[{"name":"wp","href":"https:\/\/api.w.org\/{rel}","templated":true}]}}