{"id":12605,"date":"2023-09-08T17:57:35","date_gmt":"2023-09-08T16:57:35","guid":{"rendered":"https:\/\/baralivres.ma\/?post_type=product&#038;p=12605"},"modified":"2024-03-29T15:49:23","modified_gmt":"2024-03-29T14:49:23","slug":"jujutsu-kaisen-tome-12","status":"publish","type":"product","link":"https:\/\/baralivres.ma\/?product=jujutsu-kaisen-tome-12","title":{"rendered":"Jujutsu Kaisen Tome 12"},"content":{"rendered":"<p>Contre toute attente, Satoru Gojo, le plus puissant des exorcistes, a \u00e9t\u00e9 scell\u00e9 ! Son emprisonnement dans la lisi\u00e8re du supplice pourrait bien marquer l&rsquo;av\u00e8nement d&rsquo;un nouvel \u00e2ge d&rsquo;or pour les fl\u00e9aux, qui n&rsquo;attendent plus que le retour de leur roi&#8230; Pour les exorcistes pr\u00e9sents \u00e0 Shibuya, la priorit\u00e9 absolue est don de lib\u00e9rer Satoru \u00e0 n&rsquo;importe quel prix ! Malheureusement, les adversaires qui se dressent sur leur chemin sont particuli\u00e8rement redoutables et leur font perdre un temps pr\u00e9cieux, Yuji part alors seul \u00e0 la rescousse de son professeur&#8230;<\/p>\n","protected":false},"excerpt":{"rendered":"<p>Contre toute attente, Satoru Gojo, le plus puissant des exorcistes, a \u00e9t\u00e9 scell\u00e9 ! Son emprisonnement dans la lisi\u00e8re du supplice pourrait bien marquer l&rsquo;av\u00e8nement d&rsquo;un nouvel \u00e2ge d&rsquo;or pour les fl\u00e9aux, qui n&rsquo;attendent plus que le retour de leur roi&#8230; Pour les exorcistes pr\u00e9sents \u00e0 Shibuya, la priorit\u00e9 absolue est don de lib\u00e9rer Satoru \u00e0 n&rsquo;importe quel prix ! Malheureusement, les adversaires qui se dressent sur leur chemin sont particuli\u00e8rement redoutables et leur font perdre un temps pr\u00e9cieux, Yuji part alors seul \u00e0 la rescousse de son professeur&#8230;<\/p>\n","protected":false},"featured_media":12606,"comment_status":"open","ping_status":"closed","template":"","meta":{"inline_featured_image":false},"product_cat":[203,204,205,3681],"product_tag":[],"class_list":{"0":"post-12605","1":"product","2":"type-product","3":"status-publish","4":"has-post-thumbnail","6":"product_cat-adolescente","7":"product_cat-francais","8":"product_cat-enfant-adolescente-francais","9":"product_cat-jujutsu-kaisen","11":"first","12":"instock","13":"shipping-taxable","14":"purchasable","15":"product-type-simple"},"_links":{"self":[{"href":"https:\/\/baralivres.ma\/index.php?rest_route=\/wp\/v2\/product\/12605","targetHints":{"allow":["GET"]}}],"collection":[{"href":"https:\/\/baralivres.ma\/index.php?rest_route=\/wp\/v2\/product"}],"about":[{"href":"https:\/\/baralivres.ma\/index.php?rest_route=\/wp\/v2\/types\/product"}],"replies":[{"embeddable":true,"href":"https:\/\/baralivres.ma\/index.php?rest_route=%2Fwp%2Fv2%2Fcomments&post=12605"}],"version-history":[{"count":1,"href":"https:\/\/baralivres.ma\/index.php?rest_route=\/wp\/v2\/product\/12605\/revisions"}],"predecessor-version":[{"id":12607,"href":"https:\/\/baralivres.ma\/index.php?rest_route=\/wp\/v2\/product\/12605\/revisions\/12607"}],"wp:featuredmedia":[{"embeddable":true,"href":"https:\/\/baralivres.ma\/index.php?rest_route=\/wp\/v2\/media\/12606"}],"wp:attachment":[{"href":"https:\/\/baralivres.ma\/index.php?rest_route=%2Fwp%2Fv2%2Fmedia&parent=12605"}],"wp:term":[{"taxonomy":"product_cat","embeddable":true,"href":"https:\/\/baralivres.ma\/index.php?rest_route=%2Fwp%2Fv2%2Fproduct_cat&post=12605"},{"taxonomy":"product_tag","embeddable":true,"href":"https:\/\/baralivres.ma\/index.php?rest_route=%2Fwp%2Fv2%2Fproduct_tag&post=12605"}],"curies":[{"name":"wp","href":"https:\/\/api.w.org\/{rel}","templated":true}]}}