{"id":12602,"date":"2023-09-08T17:55:47","date_gmt":"2023-09-08T16:55:47","guid":{"rendered":"https:\/\/baralivres.ma\/?post_type=product&#038;p=12602"},"modified":"2024-03-29T15:49:22","modified_gmt":"2024-03-29T14:49:22","slug":"jujutsu-kaisen-tome-10","status":"publish","type":"product","link":"https:\/\/baralivres.ma\/?product=jujutsu-kaisen-tome-10","title":{"rendered":"Jujutsu Kaisen Tome 10"},"content":{"rendered":"<p>Engloutir les t\u00e9n\u00e8bres pour mieux les combattre ! Apr\u00e8s la mort de plusieurs personnes, Yuji, Nobara et Megumi sont amen\u00e9s \u00e0 enqu\u00eater du c\u00f4t\u00e9 du pont de Yasohachi. L\u00e0, ils d\u00e9couvrent qu&rsquo;il s&rsquo;agit \u00e9galement de l&rsquo;endroit o\u00f9 la soeur de Megumi, toujours dans le coma, avait \u00e9t\u00e9 frapp\u00e9e d&rsquo;une mal\u00e9diction&#8230; C&rsquo;est alors que surgissent Kechizu et Eso, deux foetus des neuf phases que Mahito a lib\u00e9r\u00e9s ! Ces adversaires d&rsquo;un autre genre se r\u00e9v\u00e8lent particuli\u00e8rement dangereux et, pour esp\u00e9rer s&rsquo;en sortir, Yuji et Nobara ne vont pas avoir d&rsquo;autre option que d&rsquo;allier leurs forces&#8230; En effet, depuis le r\u00e9veil de Sukuna, tous les mauvais esprits n&rsquo;ont plus qu&rsquo;un seul but : r\u00e9cup\u00e9rer les doigts du roi des fl\u00e9aux ! Monstres assoiff\u00e9s de sang, combats \u00e9piques et magie surpuissante : d\u00e9couvrez la nouvelle bombe dark fantasy ! Au coeur d&rsquo;une lutte mill\u00e9naire entre exorcistes et d\u00e9mons, comment garder son humanit\u00e9 alors m\u00eame que le mal se tapit au plus profond de soi ?<\/p>\n","protected":false},"excerpt":{"rendered":"<p>Engloutir les t\u00e9n\u00e8bres pour mieux les combattre ! Apr\u00e8s la mort de plusieurs personnes, Yuji, Nobara et Megumi sont amen\u00e9s \u00e0 enqu\u00eater du c\u00f4t\u00e9 du pont de Yasohachi. L\u00e0, ils d\u00e9couvrent qu&rsquo;il s&rsquo;agit \u00e9galement de l&rsquo;endroit o\u00f9 la soeur de Megumi, toujours dans le coma, avait \u00e9t\u00e9 frapp\u00e9e d&rsquo;une mal\u00e9diction&#8230; C&rsquo;est alors que surgissent Kechizu et Eso, deux foetus des neuf phases que Mahito a lib\u00e9r\u00e9s ! Ces adversaires d&rsquo;un autre genre se r\u00e9v\u00e8lent particuli\u00e8rement dangereux et, pour esp\u00e9rer s&rsquo;en sortir, Yuji et Nobara ne vont pas avoir d&rsquo;autre option que d&rsquo;allier leurs forces&#8230; En effet, depuis le r\u00e9veil de Sukuna, tous les mauvais esprits n&rsquo;ont plus qu&rsquo;un seul but : r\u00e9cup\u00e9rer les doigts du roi des fl\u00e9aux ! Monstres assoiff\u00e9s de sang, combats \u00e9piques et magie surpuissante : d\u00e9couvrez la nouvelle bombe dark fantasy ! Au coeur d&rsquo;une lutte mill\u00e9naire entre exorcistes et d\u00e9mons, comment garder son humanit\u00e9 alors m\u00eame que le mal se tapit au plus profond de soi ?<\/p>\n","protected":false},"featured_media":12603,"comment_status":"open","ping_status":"closed","template":"","meta":{"inline_featured_image":false},"product_cat":[203,204,205,3681],"product_tag":[],"class_list":{"0":"post-12602","1":"product","2":"type-product","3":"status-publish","4":"has-post-thumbnail","6":"product_cat-adolescente","7":"product_cat-francais","8":"product_cat-enfant-adolescente-francais","9":"product_cat-jujutsu-kaisen","11":"first","12":"instock","13":"shipping-taxable","14":"purchasable","15":"product-type-simple"},"_links":{"self":[{"href":"https:\/\/baralivres.ma\/index.php?rest_route=\/wp\/v2\/product\/12602","targetHints":{"allow":["GET"]}}],"collection":[{"href":"https:\/\/baralivres.ma\/index.php?rest_route=\/wp\/v2\/product"}],"about":[{"href":"https:\/\/baralivres.ma\/index.php?rest_route=\/wp\/v2\/types\/product"}],"replies":[{"embeddable":true,"href":"https:\/\/baralivres.ma\/index.php?rest_route=%2Fwp%2Fv2%2Fcomments&post=12602"}],"version-history":[{"count":1,"href":"https:\/\/baralivres.ma\/index.php?rest_route=\/wp\/v2\/product\/12602\/revisions"}],"predecessor-version":[{"id":12604,"href":"https:\/\/baralivres.ma\/index.php?rest_route=\/wp\/v2\/product\/12602\/revisions\/12604"}],"wp:featuredmedia":[{"embeddable":true,"href":"https:\/\/baralivres.ma\/index.php?rest_route=\/wp\/v2\/media\/12603"}],"wp:attachment":[{"href":"https:\/\/baralivres.ma\/index.php?rest_route=%2Fwp%2Fv2%2Fmedia&parent=12602"}],"wp:term":[{"taxonomy":"product_cat","embeddable":true,"href":"https:\/\/baralivres.ma\/index.php?rest_route=%2Fwp%2Fv2%2Fproduct_cat&post=12602"},{"taxonomy":"product_tag","embeddable":true,"href":"https:\/\/baralivres.ma\/index.php?rest_route=%2Fwp%2Fv2%2Fproduct_tag&post=12602"}],"curies":[{"name":"wp","href":"https:\/\/api.w.org\/{rel}","templated":true}]}}