{"id":12596,"date":"2023-09-08T17:52:20","date_gmt":"2023-09-08T16:52:20","guid":{"rendered":"https:\/\/baralivres.ma\/?post_type=product&#038;p=12596"},"modified":"2024-04-03T13:08:28","modified_gmt":"2024-04-03T12:08:28","slug":"my-hero-academia-tome-32","status":"publish","type":"product","link":"https:\/\/baralivres.ma\/?product=my-hero-academia-tome-32","title":{"rendered":"My Hero Academia Tome 32"},"content":{"rendered":"<p>Retrouvez les super-h\u00e9ros du manga ph\u00e9nom\u00e8ne My Hero Academia ! Red Riot parvient \u00e0 faire avaler une dose de somnif\u00e8re \u00e0 Gigantomakhia, mais la drogue semble sans effet sur le colosse, qui continue \u00e0 semer la destruction sur son passage ! Les h\u00e9ros, eux, luttent d\u00e9sesp\u00e9r\u00e9ment contre Tomura Shigaraki : alors qu&rsquo;Endeavor donne tout dans une ultime attaque, All for One saisit l&rsquo;occasion pour prendre le contr\u00f4le de son disciple ! Lorsque Katsuki s&rsquo;interpose et prend de plein fouet l&rsquo;at- taque destin\u00e9e \u00e0 Deku, le sang de l&rsquo;h\u00e9ritier du One for All ne fait qu&rsquo;un tour&#8230;<br \/>\nRetrouvez les super-h\u00e9ros du manga ph\u00e9nom\u00e8ne My Hero Academia !<\/p>\n","protected":false},"excerpt":{"rendered":"<p>Retrouvez les super-h\u00e9ros du manga ph\u00e9nom\u00e8ne My Hero Academia ! Red Riot parvient \u00e0 faire avaler une dose de somnif\u00e8re \u00e0 Gigantomakhia, mais la drogue semble sans effet sur le colosse, qui continue \u00e0 semer la destruction sur son passage ! Les h\u00e9ros, eux, luttent d\u00e9sesp\u00e9r\u00e9ment contre Tomura Shigaraki : alors qu&rsquo;Endeavor donne tout dans une ultime attaque, All for One saisit l&rsquo;occasion pour prendre le contr\u00f4le de son disciple ! Lorsque Katsuki s&rsquo;interpose et prend de plein fouet l&rsquo;at- taque destin\u00e9e \u00e0 Deku, le sang de l&rsquo;h\u00e9ritier du One for All ne fait qu&rsquo;un tour&#8230;<br \/>\nRetrouvez les super-h\u00e9ros du manga ph\u00e9nom\u00e8ne My Hero Academia !<\/p>\n","protected":false},"featured_media":12597,"comment_status":"open","ping_status":"closed","template":"","meta":{"inline_featured_image":false},"product_cat":[203,204,205,3685],"product_tag":[],"class_list":{"0":"post-12596","1":"product","2":"type-product","3":"status-publish","4":"has-post-thumbnail","6":"product_cat-adolescente","7":"product_cat-francais","8":"product_cat-enfant-adolescente-francais","9":"product_cat-my-hero-academia","11":"first","12":"instock","13":"shipping-taxable","14":"purchasable","15":"product-type-simple"},"_links":{"self":[{"href":"https:\/\/baralivres.ma\/index.php?rest_route=\/wp\/v2\/product\/12596","targetHints":{"allow":["GET"]}}],"collection":[{"href":"https:\/\/baralivres.ma\/index.php?rest_route=\/wp\/v2\/product"}],"about":[{"href":"https:\/\/baralivres.ma\/index.php?rest_route=\/wp\/v2\/types\/product"}],"replies":[{"embeddable":true,"href":"https:\/\/baralivres.ma\/index.php?rest_route=%2Fwp%2Fv2%2Fcomments&post=12596"}],"version-history":[{"count":1,"href":"https:\/\/baralivres.ma\/index.php?rest_route=\/wp\/v2\/product\/12596\/revisions"}],"predecessor-version":[{"id":12598,"href":"https:\/\/baralivres.ma\/index.php?rest_route=\/wp\/v2\/product\/12596\/revisions\/12598"}],"wp:featuredmedia":[{"embeddable":true,"href":"https:\/\/baralivres.ma\/index.php?rest_route=\/wp\/v2\/media\/12597"}],"wp:attachment":[{"href":"https:\/\/baralivres.ma\/index.php?rest_route=%2Fwp%2Fv2%2Fmedia&parent=12596"}],"wp:term":[{"taxonomy":"product_cat","embeddable":true,"href":"https:\/\/baralivres.ma\/index.php?rest_route=%2Fwp%2Fv2%2Fproduct_cat&post=12596"},{"taxonomy":"product_tag","embeddable":true,"href":"https:\/\/baralivres.ma\/index.php?rest_route=%2Fwp%2Fv2%2Fproduct_tag&post=12596"}],"curies":[{"name":"wp","href":"https:\/\/api.w.org\/{rel}","templated":true}]}}