{"id":12591,"date":"2023-09-08T17:47:49","date_gmt":"2023-09-08T16:47:49","guid":{"rendered":"https:\/\/baralivres.ma\/?post_type=product&#038;p=12591"},"modified":"2024-04-03T13:08:27","modified_gmt":"2024-04-03T12:08:27","slug":"my-hero-academia-tome-29","status":"publish","type":"product","link":"https:\/\/baralivres.ma\/?product=my-hero-academia-tome-29","title":{"rendered":"My Hero Academia Tome 29"},"content":{"rendered":"<p>Retrouvez les super-h\u00e9ros du manga ph\u00e9nom\u00e8ne My Hero Academia ! Face \u00e0 Tomura, d\u00e9sormais capable de d\u00e9truire une ville d&rsquo;un simple geste de la main et obs\u00e9d\u00e9 par l&rsquo;id\u00e9e de r\u00e9cup\u00e9rer le One for All, seul l&rsquo;alter d&rsquo;Eraser Head offre une lueur d&rsquo;espoir&#8230; Malheureusement, impossible pour la plupart des h\u00e9ros de se joindre au combat ! Alors que Deku et Katsuki, d\u00e9termin\u00e9s \u00e0 stopper l&rsquo;h\u00e9ritier d&rsquo;All for One, font irruption sur le champ de bataille, c&rsquo;est le colossal Gigantomakhia que les autres \u00e9l\u00e8ves de Yuei vont devoir affronter&#8230;<\/p>\n","protected":false},"excerpt":{"rendered":"<p>Retrouvez les super-h\u00e9ros du manga ph\u00e9nom\u00e8ne My Hero Academia ! Face \u00e0 Tomura, d\u00e9sormais capable de d\u00e9truire une ville d&rsquo;un simple geste de la main et obs\u00e9d\u00e9 par l&rsquo;id\u00e9e de r\u00e9cup\u00e9rer le One for All, seul l&rsquo;alter d&rsquo;Eraser Head offre une lueur d&rsquo;espoir&#8230; Malheureusement, impossible pour la plupart des h\u00e9ros de se joindre au combat ! Alors que Deku et Katsuki, d\u00e9termin\u00e9s \u00e0 stopper l&rsquo;h\u00e9ritier d&rsquo;All for One, font irruption sur le champ de bataille, c&rsquo;est le colossal Gigantomakhia que les autres \u00e9l\u00e8ves de Yuei vont devoir affronter&#8230;<\/p>\n","protected":false},"featured_media":0,"comment_status":"open","ping_status":"closed","template":"","meta":{"inline_featured_image":false},"product_cat":[203,204,205,3685],"product_tag":[],"class_list":{"0":"post-12591","1":"product","2":"type-product","3":"status-publish","5":"product_cat-adolescente","6":"product_cat-francais","7":"product_cat-enfant-adolescente-francais","8":"product_cat-my-hero-academia","10":"first","11":"instock","12":"shipping-taxable","13":"purchasable","14":"product-type-simple"},"_links":{"self":[{"href":"https:\/\/baralivres.ma\/index.php?rest_route=\/wp\/v2\/product\/12591","targetHints":{"allow":["GET"]}}],"collection":[{"href":"https:\/\/baralivres.ma\/index.php?rest_route=\/wp\/v2\/product"}],"about":[{"href":"https:\/\/baralivres.ma\/index.php?rest_route=\/wp\/v2\/types\/product"}],"replies":[{"embeddable":true,"href":"https:\/\/baralivres.ma\/index.php?rest_route=%2Fwp%2Fv2%2Fcomments&post=12591"}],"version-history":[{"count":1,"href":"https:\/\/baralivres.ma\/index.php?rest_route=\/wp\/v2\/product\/12591\/revisions"}],"predecessor-version":[{"id":12592,"href":"https:\/\/baralivres.ma\/index.php?rest_route=\/wp\/v2\/product\/12591\/revisions\/12592"}],"wp:attachment":[{"href":"https:\/\/baralivres.ma\/index.php?rest_route=%2Fwp%2Fv2%2Fmedia&parent=12591"}],"wp:term":[{"taxonomy":"product_cat","embeddable":true,"href":"https:\/\/baralivres.ma\/index.php?rest_route=%2Fwp%2Fv2%2Fproduct_cat&post=12591"},{"taxonomy":"product_tag","embeddable":true,"href":"https:\/\/baralivres.ma\/index.php?rest_route=%2Fwp%2Fv2%2Fproduct_tag&post=12591"}],"curies":[{"name":"wp","href":"https:\/\/api.w.org\/{rel}","templated":true}]}}