{"id":12570,"date":"2023-09-08T17:32:36","date_gmt":"2023-09-08T16:32:36","guid":{"rendered":"https:\/\/baralivres.ma\/?post_type=product&#038;p=12570"},"modified":"2023-11-07T13:08:20","modified_gmt":"2023-11-07T12:08:20","slug":"naruto-tome-54","status":"publish","type":"product","link":"https:\/\/baralivres.ma\/?product=naruto-tome-54","title":{"rendered":"Naruto Tome 54"},"content":{"rendered":"<p>Fort de l&rsquo;amour que lui ont transmis ses parents, Naruto franchit un nouveau cap sur la voie du ninja : il peut d\u00e9sormais contr\u00f4ler le pouvoir du D\u00e9mon-Renard qui sommeille en lui. C&rsquo;est ainsi qu&rsquo;il d\u00e9tecte la pr\u00e9sence de Kisame, qui s&rsquo;\u00e9tait habilement cach\u00e9 dans le sabre \u00ab\u00a0Peau de Requin\u00a0\u00bb . L&rsquo;espion d&rsquo;Akatsuki tente alors la fuite. Si son rapport parvient \u00e0 ses chefs, c&rsquo;est toute la strat\u00e9gie de la coalition qui sera mise en p\u00e9ril.<br \/>\nMais voil\u00e0 que l&rsquo;Ombrageuse Panth\u00e8re de Jade se dresse sur le chemin du terrible squale pour la troisi\u00e8me fois !<\/p>\n","protected":false},"excerpt":{"rendered":"<p>Fort de l&rsquo;amour que lui ont transmis ses parents, Naruto franchit un nouveau cap sur la voie du ninja : il peut d\u00e9sormais contr\u00f4ler le pouvoir du D\u00e9mon-Renard qui sommeille en lui. C&rsquo;est ainsi qu&rsquo;il d\u00e9tecte la pr\u00e9sence de Kisame, qui s&rsquo;\u00e9tait habilement cach\u00e9 dans le sabre \u00ab\u00a0Peau de Requin\u00a0\u00bb . L&rsquo;espion d&rsquo;Akatsuki tente alors la fuite. Si son rapport parvient \u00e0 ses chefs, c&rsquo;est toute la strat\u00e9gie de la coalition qui sera mise en p\u00e9ril.<br \/>\nMais voil\u00e0 que l&rsquo;Ombrageuse Panth\u00e8re de Jade se dresse sur le chemin du terrible squale pour la troisi\u00e8me fois !<\/p>\n","protected":false},"featured_media":12571,"comment_status":"open","ping_status":"closed","template":"","meta":{"inline_featured_image":false},"product_cat":[203,204,205],"product_tag":[],"class_list":{"0":"post-12570","1":"product","2":"type-product","3":"status-publish","4":"has-post-thumbnail","6":"product_cat-adolescente","7":"product_cat-francais","8":"product_cat-enfant-adolescente-francais","10":"first","11":"instock","12":"shipping-taxable","13":"purchasable","14":"product-type-simple"},"_links":{"self":[{"href":"https:\/\/baralivres.ma\/index.php?rest_route=\/wp\/v2\/product\/12570","targetHints":{"allow":["GET"]}}],"collection":[{"href":"https:\/\/baralivres.ma\/index.php?rest_route=\/wp\/v2\/product"}],"about":[{"href":"https:\/\/baralivres.ma\/index.php?rest_route=\/wp\/v2\/types\/product"}],"replies":[{"embeddable":true,"href":"https:\/\/baralivres.ma\/index.php?rest_route=%2Fwp%2Fv2%2Fcomments&post=12570"}],"version-history":[{"count":1,"href":"https:\/\/baralivres.ma\/index.php?rest_route=\/wp\/v2\/product\/12570\/revisions"}],"predecessor-version":[{"id":12572,"href":"https:\/\/baralivres.ma\/index.php?rest_route=\/wp\/v2\/product\/12570\/revisions\/12572"}],"wp:featuredmedia":[{"embeddable":true,"href":"https:\/\/baralivres.ma\/index.php?rest_route=\/wp\/v2\/media\/12571"}],"wp:attachment":[{"href":"https:\/\/baralivres.ma\/index.php?rest_route=%2Fwp%2Fv2%2Fmedia&parent=12570"}],"wp:term":[{"taxonomy":"product_cat","embeddable":true,"href":"https:\/\/baralivres.ma\/index.php?rest_route=%2Fwp%2Fv2%2Fproduct_cat&post=12570"},{"taxonomy":"product_tag","embeddable":true,"href":"https:\/\/baralivres.ma\/index.php?rest_route=%2Fwp%2Fv2%2Fproduct_tag&post=12570"}],"curies":[{"name":"wp","href":"https:\/\/api.w.org\/{rel}","templated":true}]}}