{"id":12564,"date":"2023-09-08T17:29:31","date_gmt":"2023-09-08T16:29:31","guid":{"rendered":"https:\/\/baralivres.ma\/?post_type=product&#038;p=12564"},"modified":"2024-03-29T15:07:46","modified_gmt":"2024-03-29T14:07:46","slug":"naruto-tome-60","status":"publish","type":"product","link":"https:\/\/baralivres.ma\/?product=naruto-tome-60","title":{"rendered":"Naruto Tome 60"},"content":{"rendered":"<p>Naruto et Bee ont toutes les peines du monde face aux six Bij\u00fbs que d\u00e9ploie Madara. Ils sont rejoints par Kakashi et Ga\u00ef, mais voici que Yonbi engloutit Naruto ! Dans les entrailles du D\u00e9mon \u00e0 Queues, Naruto se retrouve nez \u00e0 nez avec un gorille nomm\u00e9 Son Gok\u00fb ? ! Sasuke, de son c\u00f4t\u00e9, passe enfin \u00e0 l&rsquo;action !!<\/p>\n","protected":false},"excerpt":{"rendered":"<p>Naruto et Bee ont toutes les peines du monde face aux six Bij\u00fbs que d\u00e9ploie Madara. Ils sont rejoints par Kakashi et Ga\u00ef, mais voici que Yonbi engloutit Naruto ! Dans les entrailles du D\u00e9mon \u00e0 Queues, Naruto se retrouve nez \u00e0 nez avec un gorille nomm\u00e9 Son Gok\u00fb ? ! Sasuke, de son c\u00f4t\u00e9, passe enfin \u00e0 l&rsquo;action !!<\/p>\n","protected":false},"featured_media":12565,"comment_status":"open","ping_status":"closed","template":"","meta":{"inline_featured_image":false},"product_cat":[203,204,205,3680],"product_tag":[],"class_list":{"0":"post-12564","1":"product","2":"type-product","3":"status-publish","4":"has-post-thumbnail","6":"product_cat-adolescente","7":"product_cat-francais","8":"product_cat-enfant-adolescente-francais","9":"product_cat-naruto","11":"first","12":"instock","13":"shipping-taxable","14":"purchasable","15":"product-type-simple"},"_links":{"self":[{"href":"https:\/\/baralivres.ma\/index.php?rest_route=\/wp\/v2\/product\/12564","targetHints":{"allow":["GET"]}}],"collection":[{"href":"https:\/\/baralivres.ma\/index.php?rest_route=\/wp\/v2\/product"}],"about":[{"href":"https:\/\/baralivres.ma\/index.php?rest_route=\/wp\/v2\/types\/product"}],"replies":[{"embeddable":true,"href":"https:\/\/baralivres.ma\/index.php?rest_route=%2Fwp%2Fv2%2Fcomments&post=12564"}],"version-history":[{"count":1,"href":"https:\/\/baralivres.ma\/index.php?rest_route=\/wp\/v2\/product\/12564\/revisions"}],"predecessor-version":[{"id":12566,"href":"https:\/\/baralivres.ma\/index.php?rest_route=\/wp\/v2\/product\/12564\/revisions\/12566"}],"wp:featuredmedia":[{"embeddable":true,"href":"https:\/\/baralivres.ma\/index.php?rest_route=\/wp\/v2\/media\/12565"}],"wp:attachment":[{"href":"https:\/\/baralivres.ma\/index.php?rest_route=%2Fwp%2Fv2%2Fmedia&parent=12564"}],"wp:term":[{"taxonomy":"product_cat","embeddable":true,"href":"https:\/\/baralivres.ma\/index.php?rest_route=%2Fwp%2Fv2%2Fproduct_cat&post=12564"},{"taxonomy":"product_tag","embeddable":true,"href":"https:\/\/baralivres.ma\/index.php?rest_route=%2Fwp%2Fv2%2Fproduct_tag&post=12564"}],"curies":[{"name":"wp","href":"https:\/\/api.w.org\/{rel}","templated":true}]}}