{"id":12559,"date":"2023-09-08T17:25:00","date_gmt":"2023-09-08T16:25:00","guid":{"rendered":"https:\/\/baralivres.ma\/?post_type=product&#038;p=12559"},"modified":"2024-03-29T15:07:45","modified_gmt":"2024-03-29T14:07:45","slug":"naruto-tome-62","status":"publish","type":"product","link":"https:\/\/baralivres.ma\/?product=naruto-tome-62","title":{"rendered":"Naruto Tome 62"},"content":{"rendered":"<p>En neutralisant Kabuto, Itachi parvient du m\u00eame coup \u00e0 briser Edotensei, ce sort de n\u00e9cromancie qui avait sem\u00e9 tant de troubles dans les rangs de la coalition. Mais la haine de Sasuke envers Konoha ne retombe pas pour autant. Avant de quitter cette terre, Itachi livre ses derni\u00e8res paroles \u00e0 son jeune fr\u00e8re. Sur l&rsquo;autre versant du front, la bataille redouble d&rsquo;intensit\u00e9 pour Naruto et ses amis&#8230; !!<\/p>\n","protected":false},"excerpt":{"rendered":"<p>En neutralisant Kabuto, Itachi parvient du m\u00eame coup \u00e0 briser Edotensei, ce sort de n\u00e9cromancie qui avait sem\u00e9 tant de troubles dans les rangs de la coalition. Mais la haine de Sasuke envers Konoha ne retombe pas pour autant. Avant de quitter cette terre, Itachi livre ses derni\u00e8res paroles \u00e0 son jeune fr\u00e8re. Sur l&rsquo;autre versant du front, la bataille redouble d&rsquo;intensit\u00e9 pour Naruto et ses amis&#8230; !!<\/p>\n","protected":false},"featured_media":12560,"comment_status":"open","ping_status":"closed","template":"","meta":{"inline_featured_image":false},"product_cat":[203,204,205,3680],"product_tag":[],"class_list":{"0":"post-12559","1":"product","2":"type-product","3":"status-publish","4":"has-post-thumbnail","6":"product_cat-adolescente","7":"product_cat-francais","8":"product_cat-enfant-adolescente-francais","9":"product_cat-naruto","11":"first","12":"instock","13":"shipping-taxable","14":"purchasable","15":"product-type-simple"},"_links":{"self":[{"href":"https:\/\/baralivres.ma\/index.php?rest_route=\/wp\/v2\/product\/12559","targetHints":{"allow":["GET"]}}],"collection":[{"href":"https:\/\/baralivres.ma\/index.php?rest_route=\/wp\/v2\/product"}],"about":[{"href":"https:\/\/baralivres.ma\/index.php?rest_route=\/wp\/v2\/types\/product"}],"replies":[{"embeddable":true,"href":"https:\/\/baralivres.ma\/index.php?rest_route=%2Fwp%2Fv2%2Fcomments&post=12559"}],"version-history":[{"count":1,"href":"https:\/\/baralivres.ma\/index.php?rest_route=\/wp\/v2\/product\/12559\/revisions"}],"predecessor-version":[{"id":12563,"href":"https:\/\/baralivres.ma\/index.php?rest_route=\/wp\/v2\/product\/12559\/revisions\/12563"}],"wp:featuredmedia":[{"embeddable":true,"href":"https:\/\/baralivres.ma\/index.php?rest_route=\/wp\/v2\/media\/12560"}],"wp:attachment":[{"href":"https:\/\/baralivres.ma\/index.php?rest_route=%2Fwp%2Fv2%2Fmedia&parent=12559"}],"wp:term":[{"taxonomy":"product_cat","embeddable":true,"href":"https:\/\/baralivres.ma\/index.php?rest_route=%2Fwp%2Fv2%2Fproduct_cat&post=12559"},{"taxonomy":"product_tag","embeddable":true,"href":"https:\/\/baralivres.ma\/index.php?rest_route=%2Fwp%2Fv2%2Fproduct_tag&post=12559"}],"curies":[{"name":"wp","href":"https:\/\/api.w.org\/{rel}","templated":true}]}}