{"id":12551,"date":"2023-09-08T17:21:50","date_gmt":"2023-09-08T16:21:50","guid":{"rendered":"https:\/\/baralivres.ma\/?post_type=product&#038;p=12551"},"modified":"2023-11-07T13:09:40","modified_gmt":"2023-11-07T12:09:40","slug":"naruto-tome-52","status":"publish","type":"product","link":"https:\/\/baralivres.ma\/?product=naruto-tome-52","title":{"rendered":"Naruto Tome 52"},"content":{"rendered":"<p>Tristes retrouvailles pour l&rsquo;\u00e9quipe 7 ! Obs\u00e9d\u00e9 par sa vengeance, Sasuke est m\u00e9connaissable tant son visage est d\u00e9form\u00e9 par la haine. Sourd aux appels d\u00e9sesp\u00e9r\u00e9s de Sakura et de Kakashi, il s&rsquo;appr\u00eate \u00e0 tuer son ancienne co\u00e9quipi\u00e8re. Il faudra l&rsquo;intervention miraculeuse de Naruto pour la sauver !!<\/p>\n","protected":false},"excerpt":{"rendered":"<p>Tristes retrouvailles pour l&rsquo;\u00e9quipe 7 ! Obs\u00e9d\u00e9 par sa vengeance, Sasuke est m\u00e9connaissable tant son visage est d\u00e9form\u00e9 par la haine. Sourd aux appels d\u00e9sesp\u00e9r\u00e9s de Sakura et de Kakashi, il s&rsquo;appr\u00eate \u00e0 tuer son ancienne co\u00e9quipi\u00e8re. Il faudra l&rsquo;intervention miraculeuse de Naruto pour la sauver !!<\/p>\n","protected":false},"featured_media":12552,"comment_status":"open","ping_status":"closed","template":"","meta":{"inline_featured_image":false},"product_cat":[203,204,205],"product_tag":[],"class_list":{"0":"post-12551","1":"product","2":"type-product","3":"status-publish","4":"has-post-thumbnail","6":"product_cat-adolescente","7":"product_cat-francais","8":"product_cat-enfant-adolescente-francais","10":"first","11":"instock","12":"shipping-taxable","13":"purchasable","14":"product-type-simple"},"_links":{"self":[{"href":"https:\/\/baralivres.ma\/index.php?rest_route=\/wp\/v2\/product\/12551","targetHints":{"allow":["GET"]}}],"collection":[{"href":"https:\/\/baralivres.ma\/index.php?rest_route=\/wp\/v2\/product"}],"about":[{"href":"https:\/\/baralivres.ma\/index.php?rest_route=\/wp\/v2\/types\/product"}],"replies":[{"embeddable":true,"href":"https:\/\/baralivres.ma\/index.php?rest_route=%2Fwp%2Fv2%2Fcomments&post=12551"}],"version-history":[{"count":1,"href":"https:\/\/baralivres.ma\/index.php?rest_route=\/wp\/v2\/product\/12551\/revisions"}],"predecessor-version":[{"id":12554,"href":"https:\/\/baralivres.ma\/index.php?rest_route=\/wp\/v2\/product\/12551\/revisions\/12554"}],"wp:featuredmedia":[{"embeddable":true,"href":"https:\/\/baralivres.ma\/index.php?rest_route=\/wp\/v2\/media\/12552"}],"wp:attachment":[{"href":"https:\/\/baralivres.ma\/index.php?rest_route=%2Fwp%2Fv2%2Fmedia&parent=12551"}],"wp:term":[{"taxonomy":"product_cat","embeddable":true,"href":"https:\/\/baralivres.ma\/index.php?rest_route=%2Fwp%2Fv2%2Fproduct_cat&post=12551"},{"taxonomy":"product_tag","embeddable":true,"href":"https:\/\/baralivres.ma\/index.php?rest_route=%2Fwp%2Fv2%2Fproduct_tag&post=12551"}],"curies":[{"name":"wp","href":"https:\/\/api.w.org\/{rel}","templated":true}]}}