{"id":12546,"date":"2023-09-08T17:24:13","date_gmt":"2023-09-08T16:24:13","guid":{"rendered":"https:\/\/baralivres.ma\/?post_type=product&#038;p=12546"},"modified":"2024-04-03T13:06:35","modified_gmt":"2024-04-03T12:06:35","slug":"my-hero-academia-tome-26","status":"publish","type":"product","link":"https:\/\/baralivres.ma\/?product=my-hero-academia-tome-26","title":{"rendered":"My Hero Academia Tome 26"},"content":{"rendered":"<p>Retrouvez les super-h\u00e9ros du manga ph\u00e9nom\u00e8ne My Hero Academia ! Lors de son match, Katsuki a su exploiter les faiblesses de ses adversaires&#8230; tout en pro- t\u00e9geant ses camarades ! Un v\u00e9ritable progr\u00e8s pour l&rsquo;adolescent, jusque-l\u00e0 incapable de travailler en \u00e9quipe. La barre est d\u00e9sormais plac\u00e9e tr\u00e8s haut pour Izuku, qui va devoir se surpasser s&rsquo;il veut pouvoir rivaliser&#8230; Mais, en plein combat, voil\u00e0 que son pouvoir lui \u00e9chappe \u00e0 nouveau ! Alors qu&rsquo;une masse sombre enveloppe notre apprenti h\u00e9ros, il se retrouve face \u00e0 un ancien d\u00e9- tenteur du One for All&#8230;<br \/>\nEt ses r\u00e9v\u00e9lations risquent de changer la donne ! Retrouvez les super-h\u00e9ros du manga ph\u00e9nom\u00e8ne My Hero Academia !<\/p>\n","protected":false},"excerpt":{"rendered":"<p>Retrouvez les super-h\u00e9ros du manga ph\u00e9nom\u00e8ne My Hero Academia ! Lors de son match, Katsuki a su exploiter les faiblesses de ses adversaires&#8230;<\/p>\n","protected":false},"featured_media":12553,"comment_status":"open","ping_status":"closed","template":"","meta":{"inline_featured_image":false},"product_cat":[203,204,205,3685],"product_tag":[],"class_list":{"0":"post-12546","1":"product","2":"type-product","3":"status-publish","4":"has-post-thumbnail","6":"product_cat-adolescente","7":"product_cat-francais","8":"product_cat-enfant-adolescente-francais","9":"product_cat-my-hero-academia","11":"first","12":"instock","13":"shipping-taxable","14":"purchasable","15":"product-type-simple"},"_links":{"self":[{"href":"https:\/\/baralivres.ma\/index.php?rest_route=\/wp\/v2\/product\/12546","targetHints":{"allow":["GET"]}}],"collection":[{"href":"https:\/\/baralivres.ma\/index.php?rest_route=\/wp\/v2\/product"}],"about":[{"href":"https:\/\/baralivres.ma\/index.php?rest_route=\/wp\/v2\/types\/product"}],"replies":[{"embeddable":true,"href":"https:\/\/baralivres.ma\/index.php?rest_route=%2Fwp%2Fv2%2Fcomments&post=12546"}],"version-history":[{"count":1,"href":"https:\/\/baralivres.ma\/index.php?rest_route=\/wp\/v2\/product\/12546\/revisions"}],"predecessor-version":[{"id":12558,"href":"https:\/\/baralivres.ma\/index.php?rest_route=\/wp\/v2\/product\/12546\/revisions\/12558"}],"wp:featuredmedia":[{"embeddable":true,"href":"https:\/\/baralivres.ma\/index.php?rest_route=\/wp\/v2\/media\/12553"}],"wp:attachment":[{"href":"https:\/\/baralivres.ma\/index.php?rest_route=%2Fwp%2Fv2%2Fmedia&parent=12546"}],"wp:term":[{"taxonomy":"product_cat","embeddable":true,"href":"https:\/\/baralivres.ma\/index.php?rest_route=%2Fwp%2Fv2%2Fproduct_cat&post=12546"},{"taxonomy":"product_tag","embeddable":true,"href":"https:\/\/baralivres.ma\/index.php?rest_route=%2Fwp%2Fv2%2Fproduct_tag&post=12546"}],"curies":[{"name":"wp","href":"https:\/\/api.w.org\/{rel}","templated":true}]}}