{"id":12543,"date":"2023-09-08T17:18:56","date_gmt":"2023-09-08T16:18:56","guid":{"rendered":"https:\/\/baralivres.ma\/?post_type=product&#038;p=12543"},"modified":"2024-03-29T15:07:47","modified_gmt":"2024-03-29T14:07:47","slug":"naruto-tome-55","status":"publish","type":"product","link":"https:\/\/baralivres.ma\/?product=naruto-tome-55","title":{"rendered":"Naruto Tome 55"},"content":{"rendered":"<p>Naruto est un gar\u00e7on un peu sp\u00e9cial. Solitaire au caract\u00e8re fougueux, il n&rsquo;est pas des plus appr\u00e9ci\u00e9s dans son village. Malgr\u00e9 cela, il garde au fond de lui l&rsquo;ambition de devenir \u00ab\u00a0ma\u00eetre Hokage\u00a0\u00bb, la plus haute distinction dans l&rsquo;ordre des ninjas, et ainsi obtenir la reconnaissance de ses pairs&#8230; Naruto offre de l&rsquo;action, de l&rsquo;originalit\u00e9 et de l&rsquo;humour : bref, le parfait dosage du divertissement !<\/p>\n","protected":false},"excerpt":{"rendered":"<p>Naruto est un gar\u00e7on un peu sp\u00e9cial. Solitaire au caract\u00e8re fougueux, il n&rsquo;est pas des plus appr\u00e9ci\u00e9s dans son village. Malgr\u00e9 cela, il garde au fond de lui l&rsquo;ambition de devenir \u00ab\u00a0ma\u00eetre Hokage\u00a0\u00bb, la plus haute distinction dans l&rsquo;ordre des ninjas, et ainsi obtenir la reconnaissance de ses pairs&#8230; Naruto offre de l&rsquo;action, de l&rsquo;originalit\u00e9 et de l&rsquo;humour : bref, le parfait dosage du divertissement !<\/p>\n","protected":false},"featured_media":12544,"comment_status":"open","ping_status":"closed","template":"","meta":{"inline_featured_image":false},"product_cat":[203,204,205,3680],"product_tag":[],"class_list":{"0":"post-12543","1":"product","2":"type-product","3":"status-publish","4":"has-post-thumbnail","6":"product_cat-adolescente","7":"product_cat-francais","8":"product_cat-enfant-adolescente-francais","9":"product_cat-naruto","11":"first","12":"instock","13":"shipping-taxable","14":"purchasable","15":"product-type-simple"},"_links":{"self":[{"href":"https:\/\/baralivres.ma\/index.php?rest_route=\/wp\/v2\/product\/12543","targetHints":{"allow":["GET"]}}],"collection":[{"href":"https:\/\/baralivres.ma\/index.php?rest_route=\/wp\/v2\/product"}],"about":[{"href":"https:\/\/baralivres.ma\/index.php?rest_route=\/wp\/v2\/types\/product"}],"replies":[{"embeddable":true,"href":"https:\/\/baralivres.ma\/index.php?rest_route=%2Fwp%2Fv2%2Fcomments&post=12543"}],"version-history":[{"count":1,"href":"https:\/\/baralivres.ma\/index.php?rest_route=\/wp\/v2\/product\/12543\/revisions"}],"predecessor-version":[{"id":12545,"href":"https:\/\/baralivres.ma\/index.php?rest_route=\/wp\/v2\/product\/12543\/revisions\/12545"}],"wp:featuredmedia":[{"embeddable":true,"href":"https:\/\/baralivres.ma\/index.php?rest_route=\/wp\/v2\/media\/12544"}],"wp:attachment":[{"href":"https:\/\/baralivres.ma\/index.php?rest_route=%2Fwp%2Fv2%2Fmedia&parent=12543"}],"wp:term":[{"taxonomy":"product_cat","embeddable":true,"href":"https:\/\/baralivres.ma\/index.php?rest_route=%2Fwp%2Fv2%2Fproduct_cat&post=12543"},{"taxonomy":"product_tag","embeddable":true,"href":"https:\/\/baralivres.ma\/index.php?rest_route=%2Fwp%2Fv2%2Fproduct_tag&post=12543"}],"curies":[{"name":"wp","href":"https:\/\/api.w.org\/{rel}","templated":true}]}}