{"id":12540,"date":"2023-09-08T17:16:41","date_gmt":"2023-09-08T16:16:41","guid":{"rendered":"https:\/\/baralivres.ma\/?post_type=product&#038;p=12540"},"modified":"2024-03-29T15:07:46","modified_gmt":"2024-03-29T14:07:46","slug":"naruto-tome-61","status":"publish","type":"product","link":"https:\/\/baralivres.ma\/?product=naruto-tome-61","title":{"rendered":"Naruto Tome 61"},"content":{"rendered":"<p>M\u00eame les cinq Kage r\u00e9unis ne parviennent pas \u00e0 faire plier Madara tant la puissance qu&rsquo;il d\u00e9ploie est ph\u00e9nom\u00e9nale&#8230; Tsunade prend alors la r\u00e9solution d&rsquo;enfreindre les pr\u00e9ceptes du Ninjutsu M\u00e9dical ! De leur c\u00f4t\u00e9, Itachi et Sasuke affrontent Kabuto afin d&rsquo;interrompre Edotensei ! Les deux fr\u00e8res s&rsquo;engagent c\u00f4te \u00e0 c\u00f4te dans une lutte dont l&rsquo;issue pourrait constituer un v\u00e9ritable tournant dans la guerre !<\/p>\n","protected":false},"excerpt":{"rendered":"<p>M\u00eame les cinq Kage r\u00e9unis ne parviennent pas \u00e0 faire plier Madara tant la puissance qu&rsquo;il d\u00e9ploie est ph\u00e9nom\u00e9nale&#8230; Tsunade prend alors la r\u00e9solution d&rsquo;enfreindre les pr\u00e9ceptes du Ninjutsu M\u00e9dical ! De leur c\u00f4t\u00e9, Itachi et Sasuke affrontent Kabuto afin d&rsquo;interrompre Edotensei ! Les deux fr\u00e8res s&rsquo;engagent c\u00f4te \u00e0 c\u00f4te dans une lutte dont l&rsquo;issue pourrait constituer un v\u00e9ritable tournant dans la guerre !<\/p>\n","protected":false},"featured_media":12541,"comment_status":"open","ping_status":"closed","template":"","meta":{"inline_featured_image":false},"product_cat":[203,204,205,3680],"product_tag":[],"class_list":{"0":"post-12540","1":"product","2":"type-product","3":"status-publish","4":"has-post-thumbnail","6":"product_cat-adolescente","7":"product_cat-francais","8":"product_cat-enfant-adolescente-francais","9":"product_cat-naruto","11":"first","12":"instock","13":"shipping-taxable","14":"purchasable","15":"product-type-simple"},"_links":{"self":[{"href":"https:\/\/baralivres.ma\/index.php?rest_route=\/wp\/v2\/product\/12540","targetHints":{"allow":["GET"]}}],"collection":[{"href":"https:\/\/baralivres.ma\/index.php?rest_route=\/wp\/v2\/product"}],"about":[{"href":"https:\/\/baralivres.ma\/index.php?rest_route=\/wp\/v2\/types\/product"}],"replies":[{"embeddable":true,"href":"https:\/\/baralivres.ma\/index.php?rest_route=%2Fwp%2Fv2%2Fcomments&post=12540"}],"version-history":[{"count":1,"href":"https:\/\/baralivres.ma\/index.php?rest_route=\/wp\/v2\/product\/12540\/revisions"}],"predecessor-version":[{"id":12542,"href":"https:\/\/baralivres.ma\/index.php?rest_route=\/wp\/v2\/product\/12540\/revisions\/12542"}],"wp:featuredmedia":[{"embeddable":true,"href":"https:\/\/baralivres.ma\/index.php?rest_route=\/wp\/v2\/media\/12541"}],"wp:attachment":[{"href":"https:\/\/baralivres.ma\/index.php?rest_route=%2Fwp%2Fv2%2Fmedia&parent=12540"}],"wp:term":[{"taxonomy":"product_cat","embeddable":true,"href":"https:\/\/baralivres.ma\/index.php?rest_route=%2Fwp%2Fv2%2Fproduct_cat&post=12540"},{"taxonomy":"product_tag","embeddable":true,"href":"https:\/\/baralivres.ma\/index.php?rest_route=%2Fwp%2Fv2%2Fproduct_tag&post=12540"}],"curies":[{"name":"wp","href":"https:\/\/api.w.org\/{rel}","templated":true}]}}