{"id":12528,"date":"2023-09-08T17:13:23","date_gmt":"2023-09-08T16:13:23","guid":{"rendered":"https:\/\/baralivres.ma\/?post_type=product&#038;p=12528"},"modified":"2024-03-29T15:07:44","modified_gmt":"2024-03-29T14:07:44","slug":"naruto-tome-65","status":"publish","type":"product","link":"https:\/\/baralivres.ma\/?product=naruto-tome-65","title":{"rendered":"Naruto Tome 65"},"content":{"rendered":"<p>Apr\u00e8s avoir trouv\u00e9 le masque du dieu de la mort dans le sanctuaire aux masques des Uzumaki, Sasuke, Orochimaru, Suigetsu et Juugo retournent \u00e0 Konoha et effectuent un rituel qui permettra \u00e0 Orochimaru d&rsquo;utiliser la technique de l&rsquo;edotensei et ainsi ramener \u00e0 la vie les quatre pr\u00e9c\u00e9dents Hokage : Hiruzen Sarutobi, Hashirama Senju, son fr\u00e8re Tobirama et le p\u00e8re de Naruto Minato Namikaze ! Allons-nous enfin en savoir plus sur les origines de Konoha ?<\/p>\n","protected":false},"excerpt":{"rendered":"<p>Apr\u00e8s avoir trouv\u00e9 le masque du dieu de la mort dans le sanctuaire aux masques des Uzumaki, Sasuke, Orochimaru, Suigetsu et Juugo retournent \u00e0 Konoha et effectuent un rituel qui permettra \u00e0 Orochimaru d&rsquo;utiliser la technique de l&rsquo;edotensei et ainsi ramener \u00e0 la vie les quatre pr\u00e9c\u00e9dents Hokage : Hiruzen Sarutobi, Hashirama Senju, son fr\u00e8re Tobirama et le p\u00e8re de Naruto Minato Namikaze ! Allons-nous enfin en savoir plus sur les origines de Konoha ?<\/p>\n","protected":false},"featured_media":12530,"comment_status":"open","ping_status":"closed","template":"","meta":{"inline_featured_image":false},"product_cat":[203,204,205,3680],"product_tag":[],"class_list":{"0":"post-12528","1":"product","2":"type-product","3":"status-publish","4":"has-post-thumbnail","6":"product_cat-adolescente","7":"product_cat-francais","8":"product_cat-enfant-adolescente-francais","9":"product_cat-naruto","11":"first","12":"instock","13":"shipping-taxable","14":"purchasable","15":"product-type-simple"},"_links":{"self":[{"href":"https:\/\/baralivres.ma\/index.php?rest_route=\/wp\/v2\/product\/12528","targetHints":{"allow":["GET"]}}],"collection":[{"href":"https:\/\/baralivres.ma\/index.php?rest_route=\/wp\/v2\/product"}],"about":[{"href":"https:\/\/baralivres.ma\/index.php?rest_route=\/wp\/v2\/types\/product"}],"replies":[{"embeddable":true,"href":"https:\/\/baralivres.ma\/index.php?rest_route=%2Fwp%2Fv2%2Fcomments&post=12528"}],"version-history":[{"count":1,"href":"https:\/\/baralivres.ma\/index.php?rest_route=\/wp\/v2\/product\/12528\/revisions"}],"predecessor-version":[{"id":12534,"href":"https:\/\/baralivres.ma\/index.php?rest_route=\/wp\/v2\/product\/12528\/revisions\/12534"}],"wp:featuredmedia":[{"embeddable":true,"href":"https:\/\/baralivres.ma\/index.php?rest_route=\/wp\/v2\/media\/12530"}],"wp:attachment":[{"href":"https:\/\/baralivres.ma\/index.php?rest_route=%2Fwp%2Fv2%2Fmedia&parent=12528"}],"wp:term":[{"taxonomy":"product_cat","embeddable":true,"href":"https:\/\/baralivres.ma\/index.php?rest_route=%2Fwp%2Fv2%2Fproduct_cat&post=12528"},{"taxonomy":"product_tag","embeddable":true,"href":"https:\/\/baralivres.ma\/index.php?rest_route=%2Fwp%2Fv2%2Fproduct_tag&post=12528"}],"curies":[{"name":"wp","href":"https:\/\/api.w.org\/{rel}","templated":true}]}}