{"id":12522,"date":"2023-09-08T17:07:54","date_gmt":"2023-09-08T16:07:54","guid":{"rendered":"https:\/\/baralivres.ma\/?post_type=product&#038;p=12522"},"modified":"2024-03-29T15:10:34","modified_gmt":"2024-03-29T14:10:34","slug":"naruto-tome-68","status":"publish","type":"product","link":"https:\/\/baralivres.ma\/?product=naruto-tome-68","title":{"rendered":"Naruto Tome 68"},"content":{"rendered":"<p>Naruto est un gar\u00e7on un peu sp\u00e9cial. Solitaire au caract\u00e8re fougueux, il n&rsquo;est pas des plus appr\u00e9ci\u00e9s dans son village. Malgr\u00e9 cela, il garde au fond de lui une ambition: celle de devenir un \u00ab ma\u00eetre Hokage \u00bb, la plus haute distinction dans l&rsquo;ordre des ninjas, et ainsi obtenir la reconnaissance de ses pairs mais cela ne sera pas de tout repos\u2026 Suivez l&rsquo;\u00e9ternel farceur dans sa qu\u00eate du secret de sa naissance et de la conqu\u00eate des fruits de son ambition! Naruto offre de l&rsquo;action, de l&rsquo;originalit\u00e9 et de l&rsquo;humour: bref, le parfait dosage du divertissement!<\/p>\n","protected":false},"excerpt":{"rendered":"<p>Naruto est un gar\u00e7on un peu sp\u00e9cial. Solitaire au caract\u00e8re fougueux, il n&rsquo;est pas des plus appr\u00e9ci\u00e9s dans son village. Malgr\u00e9 cela, il garde au fond de lui une ambition: celle de devenir un \u00ab ma\u00eetre Hokage \u00bb, la plus haute distinction dans l&rsquo;ordre des ninjas, et ainsi obtenir la reconnaissance de ses pairs mais cela ne sera pas de tout repos\u2026 Suivez l&rsquo;\u00e9ternel farceur dans sa qu\u00eate du secret de sa naissance et de la conqu\u00eate des fruits de son ambition! Naruto offre de l&rsquo;action, de l&rsquo;originalit\u00e9 et de l&rsquo;humour: bref, le parfait dosage du divertissement!<\/p>\n","protected":false},"featured_media":12523,"comment_status":"open","ping_status":"closed","template":"","meta":{"inline_featured_image":false},"product_cat":[203,204],"product_tag":[],"class_list":{"0":"post-12522","1":"product","2":"type-product","3":"status-publish","4":"has-post-thumbnail","6":"product_cat-adolescente","7":"product_cat-francais","9":"first","10":"instock","11":"shipping-taxable","12":"purchasable","13":"product-type-simple"},"_links":{"self":[{"href":"https:\/\/baralivres.ma\/index.php?rest_route=\/wp\/v2\/product\/12522","targetHints":{"allow":["GET"]}}],"collection":[{"href":"https:\/\/baralivres.ma\/index.php?rest_route=\/wp\/v2\/product"}],"about":[{"href":"https:\/\/baralivres.ma\/index.php?rest_route=\/wp\/v2\/types\/product"}],"replies":[{"embeddable":true,"href":"https:\/\/baralivres.ma\/index.php?rest_route=%2Fwp%2Fv2%2Fcomments&post=12522"}],"version-history":[{"count":1,"href":"https:\/\/baralivres.ma\/index.php?rest_route=\/wp\/v2\/product\/12522\/revisions"}],"predecessor-version":[{"id":12524,"href":"https:\/\/baralivres.ma\/index.php?rest_route=\/wp\/v2\/product\/12522\/revisions\/12524"}],"wp:featuredmedia":[{"embeddable":true,"href":"https:\/\/baralivres.ma\/index.php?rest_route=\/wp\/v2\/media\/12523"}],"wp:attachment":[{"href":"https:\/\/baralivres.ma\/index.php?rest_route=%2Fwp%2Fv2%2Fmedia&parent=12522"}],"wp:term":[{"taxonomy":"product_cat","embeddable":true,"href":"https:\/\/baralivres.ma\/index.php?rest_route=%2Fwp%2Fv2%2Fproduct_cat&post=12522"},{"taxonomy":"product_tag","embeddable":true,"href":"https:\/\/baralivres.ma\/index.php?rest_route=%2Fwp%2Fv2%2Fproduct_tag&post=12522"}],"curies":[{"name":"wp","href":"https:\/\/api.w.org\/{rel}","templated":true}]}}