{"id":12519,"date":"2023-09-08T17:12:53","date_gmt":"2023-09-08T16:12:53","guid":{"rendered":"https:\/\/baralivres.ma\/?post_type=product&#038;p=12519"},"modified":"2024-04-03T13:04:37","modified_gmt":"2024-04-03T12:04:37","slug":"my-hero-academia-tome-25","status":"publish","type":"product","link":"https:\/\/baralivres.ma\/?product=my-hero-academia-tome-25","title":{"rendered":"My Hero Academia Tome 25"},"content":{"rendered":"<p>Le combat fait rage entre les membres de l&rsquo;Alliance et le Front de lib\u00e9ration&#8230; Pr\u00eat \u00e0 tout pour sauver ses amis, Twice lib\u00e8re son pouvoir et parvient \u00e0 se d\u00e9multiplier \u00e0 l&rsquo;infini ! La voie est libre pour Tomura, qui se retrouve face au pr\u00e9sident de Detnerat, Re-Destro&#8230; Au cours de l&rsquo;affrontement, d&rsquo;\u00e9tranges souvenirs refont surface dans l&rsquo;esprit de l&rsquo;h\u00e9ritier d&rsquo;All for One. Arrivera-t-il enfin \u00e0 accepter son pass\u00e9 et \u00e0 prouver sa valeur ?<\/p>\n","protected":false},"excerpt":{"rendered":"<p>Le combat fait rage entre les membres de l&rsquo;Alliance et le Front de lib\u00e9ration&#8230;<\/p>\n","protected":false},"featured_media":12529,"comment_status":"open","ping_status":"closed","template":"","meta":{"inline_featured_image":false},"product_cat":[203,204,205,3685],"product_tag":[],"class_list":{"0":"post-12519","1":"product","2":"type-product","3":"status-publish","4":"has-post-thumbnail","6":"product_cat-adolescente","7":"product_cat-francais","8":"product_cat-enfant-adolescente-francais","9":"product_cat-my-hero-academia","11":"first","12":"instock","13":"shipping-taxable","14":"purchasable","15":"product-type-simple"},"_links":{"self":[{"href":"https:\/\/baralivres.ma\/index.php?rest_route=\/wp\/v2\/product\/12519","targetHints":{"allow":["GET"]}}],"collection":[{"href":"https:\/\/baralivres.ma\/index.php?rest_route=\/wp\/v2\/product"}],"about":[{"href":"https:\/\/baralivres.ma\/index.php?rest_route=\/wp\/v2\/types\/product"}],"replies":[{"embeddable":true,"href":"https:\/\/baralivres.ma\/index.php?rest_route=%2Fwp%2Fv2%2Fcomments&post=12519"}],"version-history":[{"count":1,"href":"https:\/\/baralivres.ma\/index.php?rest_route=\/wp\/v2\/product\/12519\/revisions"}],"predecessor-version":[{"id":12531,"href":"https:\/\/baralivres.ma\/index.php?rest_route=\/wp\/v2\/product\/12519\/revisions\/12531"}],"wp:featuredmedia":[{"embeddable":true,"href":"https:\/\/baralivres.ma\/index.php?rest_route=\/wp\/v2\/media\/12529"}],"wp:attachment":[{"href":"https:\/\/baralivres.ma\/index.php?rest_route=%2Fwp%2Fv2%2Fmedia&parent=12519"}],"wp:term":[{"taxonomy":"product_cat","embeddable":true,"href":"https:\/\/baralivres.ma\/index.php?rest_route=%2Fwp%2Fv2%2Fproduct_cat&post=12519"},{"taxonomy":"product_tag","embeddable":true,"href":"https:\/\/baralivres.ma\/index.php?rest_route=%2Fwp%2Fv2%2Fproduct_tag&post=12519"}],"curies":[{"name":"wp","href":"https:\/\/api.w.org\/{rel}","templated":true}]}}