{"id":12516,"date":"2023-09-08T17:05:13","date_gmt":"2023-09-08T16:05:13","guid":{"rendered":"https:\/\/baralivres.ma\/?post_type=product&#038;p=12516"},"modified":"2024-03-29T15:07:44","modified_gmt":"2024-03-29T14:07:44","slug":"naruto-tome-66","status":"publish","type":"product","link":"https:\/\/baralivres.ma\/?product=naruto-tome-66","title":{"rendered":"Naruto Tome 66"},"content":{"rendered":"<p>Le combat contre Obito et Madara fait rage. Alors que Naruto essaie tant bien que mal de prot\u00e9ger ses amis, les assauts r\u00e9p\u00e9t\u00e9s de ses ennemis mortels ne permettront pas \u00e0 Naruto de r\u00e9sister bien longtemps&#8230; Un duel entre Kakashi et son ancien camarade Obito s&rsquo;engage alors, laissant la communaut\u00e9 du village de Konoha seule face \u00e0 un adversaire redoutable&#8230; Madara.<\/p>\n","protected":false},"excerpt":{"rendered":"<p>Le combat contre Obito et Madara fait rage. Alors que Naruto essaie tant bien que mal de prot\u00e9ger ses amis, les assauts r\u00e9p\u00e9t\u00e9s de ses ennemis mortels ne permettront pas \u00e0 Naruto de r\u00e9sister bien longtemps&#8230; Un duel entre Kakashi et son ancien camarade Obito s&rsquo;engage alors, laissant la communaut\u00e9 du village de Konoha seule face \u00e0 un adversaire redoutable&#8230; Madara.<\/p>\n","protected":false},"featured_media":12517,"comment_status":"open","ping_status":"closed","template":"","meta":{"inline_featured_image":false},"product_cat":[203,204,205,3680],"product_tag":[],"class_list":{"0":"post-12516","1":"product","2":"type-product","3":"status-publish","4":"has-post-thumbnail","6":"product_cat-adolescente","7":"product_cat-francais","8":"product_cat-enfant-adolescente-francais","9":"product_cat-naruto","11":"first","12":"instock","13":"shipping-taxable","14":"purchasable","15":"product-type-simple"},"_links":{"self":[{"href":"https:\/\/baralivres.ma\/index.php?rest_route=\/wp\/v2\/product\/12516","targetHints":{"allow":["GET"]}}],"collection":[{"href":"https:\/\/baralivres.ma\/index.php?rest_route=\/wp\/v2\/product"}],"about":[{"href":"https:\/\/baralivres.ma\/index.php?rest_route=\/wp\/v2\/types\/product"}],"replies":[{"embeddable":true,"href":"https:\/\/baralivres.ma\/index.php?rest_route=%2Fwp%2Fv2%2Fcomments&post=12516"}],"version-history":[{"count":1,"href":"https:\/\/baralivres.ma\/index.php?rest_route=\/wp\/v2\/product\/12516\/revisions"}],"predecessor-version":[{"id":12521,"href":"https:\/\/baralivres.ma\/index.php?rest_route=\/wp\/v2\/product\/12516\/revisions\/12521"}],"wp:featuredmedia":[{"embeddable":true,"href":"https:\/\/baralivres.ma\/index.php?rest_route=\/wp\/v2\/media\/12517"}],"wp:attachment":[{"href":"https:\/\/baralivres.ma\/index.php?rest_route=%2Fwp%2Fv2%2Fmedia&parent=12516"}],"wp:term":[{"taxonomy":"product_cat","embeddable":true,"href":"https:\/\/baralivres.ma\/index.php?rest_route=%2Fwp%2Fv2%2Fproduct_cat&post=12516"},{"taxonomy":"product_tag","embeddable":true,"href":"https:\/\/baralivres.ma\/index.php?rest_route=%2Fwp%2Fv2%2Fproduct_tag&post=12516"}],"curies":[{"name":"wp","href":"https:\/\/api.w.org\/{rel}","templated":true}]}}