{"id":12510,"date":"2023-09-08T17:01:40","date_gmt":"2023-09-08T16:01:40","guid":{"rendered":"https:\/\/baralivres.ma\/?post_type=product&#038;p=12510"},"modified":"2024-04-03T13:01:36","modified_gmt":"2024-04-03T12:01:36","slug":"my-hero-academia-tome-24","status":"publish","type":"product","link":"https:\/\/baralivres.ma\/?product=my-hero-academia-tome-24","title":{"rendered":"My Hero Academia Tome 24"},"content":{"rendered":"<p>L&rsquo;alliance des super-vilains re\u00e7oit un soutien inattendu du myst\u00e9rieux \u00ab\u00a0docteur&rsquo; ! Il est pr\u00eat \u00e0 leur fournir de nouveaux Brainless am\u00e9lior\u00e9s, et surtout \u00e0 rendre Tomura plus puissant, mais \u00e0 une condition : que le jeune homme se fasse accepter par Gigantomakhia&#8230;<\/p>\n<p>Alors lorsque le Front de lib\u00e9ration des FPH lance un ultimatum \u00e0 l&rsquo;alliance, Tomura d\u00e9cide d&rsquo;utiliser ce nouvel ennemi \u00e0 son avantage ! Un combat sans merci s&rsquo;engage&#8230; Parviendra-t-il \u00e0 tenir jusqu&rsquo;au r\u00e9veil du colosse ?<\/p>\n","protected":false},"excerpt":{"rendered":"<p>L&rsquo;alliance des super-vilains re\u00e7oit un soutien inattendu du myst\u00e9rieux \u00ab\u00a0docteur&rsquo; ! Il est pr\u00eat \u00e0 leur fournir de nouveaux Brainless am\u00e9lior\u00e9s, et surtout \u00e0 rendre Tomura plus puissant, mais \u00e0 une condition : que le jeune homme se fasse accepter par Gigantomakhia&#8230;<\/p>\n","protected":false},"featured_media":12511,"comment_status":"open","ping_status":"closed","template":"","meta":{"inline_featured_image":false},"product_cat":[203,204,205,3685],"product_tag":[],"class_list":{"0":"post-12510","1":"product","2":"type-product","3":"status-publish","4":"has-post-thumbnail","6":"product_cat-adolescente","7":"product_cat-francais","8":"product_cat-enfant-adolescente-francais","9":"product_cat-my-hero-academia","11":"first","12":"instock","13":"shipping-taxable","14":"purchasable","15":"product-type-simple"},"_links":{"self":[{"href":"https:\/\/baralivres.ma\/index.php?rest_route=\/wp\/v2\/product\/12510","targetHints":{"allow":["GET"]}}],"collection":[{"href":"https:\/\/baralivres.ma\/index.php?rest_route=\/wp\/v2\/product"}],"about":[{"href":"https:\/\/baralivres.ma\/index.php?rest_route=\/wp\/v2\/types\/product"}],"replies":[{"embeddable":true,"href":"https:\/\/baralivres.ma\/index.php?rest_route=%2Fwp%2Fv2%2Fcomments&post=12510"}],"version-history":[{"count":2,"href":"https:\/\/baralivres.ma\/index.php?rest_route=\/wp\/v2\/product\/12510\/revisions"}],"predecessor-version":[{"id":12520,"href":"https:\/\/baralivres.ma\/index.php?rest_route=\/wp\/v2\/product\/12510\/revisions\/12520"}],"wp:featuredmedia":[{"embeddable":true,"href":"https:\/\/baralivres.ma\/index.php?rest_route=\/wp\/v2\/media\/12511"}],"wp:attachment":[{"href":"https:\/\/baralivres.ma\/index.php?rest_route=%2Fwp%2Fv2%2Fmedia&parent=12510"}],"wp:term":[{"taxonomy":"product_cat","embeddable":true,"href":"https:\/\/baralivres.ma\/index.php?rest_route=%2Fwp%2Fv2%2Fproduct_cat&post=12510"},{"taxonomy":"product_tag","embeddable":true,"href":"https:\/\/baralivres.ma\/index.php?rest_route=%2Fwp%2Fv2%2Fproduct_tag&post=12510"}],"curies":[{"name":"wp","href":"https:\/\/api.w.org\/{rel}","templated":true}]}}