{"id":12507,"date":"2023-09-08T16:51:12","date_gmt":"2023-09-08T15:51:12","guid":{"rendered":"https:\/\/baralivres.ma\/?post_type=product&#038;p=12507"},"modified":"2024-04-03T12:41:52","modified_gmt":"2024-04-03T11:41:52","slug":"my-hero-academia-tome-22","status":"publish","type":"product","link":"https:\/\/baralivres.ma\/?product=my-hero-academia-tome-22","title":{"rendered":"My Hero Academia Tome 22"},"content":{"rendered":"<p>Alors qu&rsquo;Izuku vient d&rsquo;avoir une \u00e9trange vision du pass\u00e9, un entra\u00eenement pas comme les autres commence ! Les \u00e9l\u00e8ves de seconde A vont en effet devoir affronter leurs camarades de seconde B lors d&rsquo;une s\u00e9rie de matchs. Objectif : mesurer les progr\u00e8s de chacun et d\u00e9cider du transfert de Hitoshi Shinson en fili\u00e8re super-h\u00e9ro\u00efque&#8230; Apr\u00e8s une premi\u00e8re victoire des seconde A, c&rsquo;est au tour de Momo et d&rsquo;Itsuka de confronter leurs strat\u00e9gies sur le terrain ! Qui, des deux tacticiennes, saura tirer son \u00e9pingle du jeu ? Retrouvez les super-h\u00e9ros du manga ph\u00e9nom\u00e8ne My Hero Academia !<\/p>\n","protected":false},"excerpt":{"rendered":"<p>Alors qu&rsquo;Izuku vient d&rsquo;avoir une \u00e9trange vision du pass\u00e9, un entra\u00eenement pas comme les autres commence ! Les \u00e9l\u00e8ves de seconde A vont en effet devoir affronter leurs camarades de seconde B lors d&rsquo;une s\u00e9rie de matchs.<\/p>\n","protected":false},"featured_media":12508,"comment_status":"open","ping_status":"closed","template":"","meta":{"inline_featured_image":false},"product_cat":[203,204,205,3685],"product_tag":[],"class_list":{"0":"post-12507","1":"product","2":"type-product","3":"status-publish","4":"has-post-thumbnail","6":"product_cat-adolescente","7":"product_cat-francais","8":"product_cat-enfant-adolescente-francais","9":"product_cat-my-hero-academia","11":"first","12":"instock","13":"shipping-taxable","14":"purchasable","15":"product-type-simple"},"_links":{"self":[{"href":"https:\/\/baralivres.ma\/index.php?rest_route=\/wp\/v2\/product\/12507","targetHints":{"allow":["GET"]}}],"collection":[{"href":"https:\/\/baralivres.ma\/index.php?rest_route=\/wp\/v2\/product"}],"about":[{"href":"https:\/\/baralivres.ma\/index.php?rest_route=\/wp\/v2\/types\/product"}],"replies":[{"embeddable":true,"href":"https:\/\/baralivres.ma\/index.php?rest_route=%2Fwp%2Fv2%2Fcomments&post=12507"}],"version-history":[{"count":1,"href":"https:\/\/baralivres.ma\/index.php?rest_route=\/wp\/v2\/product\/12507\/revisions"}],"predecessor-version":[{"id":12509,"href":"https:\/\/baralivres.ma\/index.php?rest_route=\/wp\/v2\/product\/12507\/revisions\/12509"}],"wp:featuredmedia":[{"embeddable":true,"href":"https:\/\/baralivres.ma\/index.php?rest_route=\/wp\/v2\/media\/12508"}],"wp:attachment":[{"href":"https:\/\/baralivres.ma\/index.php?rest_route=%2Fwp%2Fv2%2Fmedia&parent=12507"}],"wp:term":[{"taxonomy":"product_cat","embeddable":true,"href":"https:\/\/baralivres.ma\/index.php?rest_route=%2Fwp%2Fv2%2Fproduct_cat&post=12507"},{"taxonomy":"product_tag","embeddable":true,"href":"https:\/\/baralivres.ma\/index.php?rest_route=%2Fwp%2Fv2%2Fproduct_tag&post=12507"}],"curies":[{"name":"wp","href":"https:\/\/api.w.org\/{rel}","templated":true}]}}