{"id":12504,"date":"2023-09-08T16:48:03","date_gmt":"2023-09-08T15:48:03","guid":{"rendered":"https:\/\/baralivres.ma\/?post_type=product&#038;p=12504"},"modified":"2024-04-03T13:00:38","modified_gmt":"2024-04-03T12:00:38","slug":"my-hero-academia-tome-23","status":"publish","type":"product","link":"https:\/\/baralivres.ma\/?product=my-hero-academia-tome-23","title":{"rendered":"My Hero Academia Tome 23"},"content":{"rendered":"<p>Rejoignez les super-h\u00e9ros du manga ph\u00e9nom\u00e8ne My Hero Academia ! Pour Endeavor, enfin officiellement num\u00e9ro un, c&rsquo;est la cons\u00e9cration&#8230; Cependant, s&rsquo;il est premier dans les chiffres, il ne l&rsquo;est pas encore dans le coeur de la population ! Conscient du probl\u00e8me, Hawks, le nouveau num\u00e9ro deux, lui propose d&rsquo;enqu\u00eater avec lui sur de possibles apparitions de Brainless&#8230; Mais, une fois sur place, ils se retrouvent aux prises avec un adversaire monstrueux, bien plus fort que les pr\u00e9c\u00e9dents ! Gravement bless\u00e9, le h\u00e9ros incandescent saura-t-il reprendre le flambeau du symbole de la paix ?<\/p>\n","protected":false},"excerpt":{"rendered":"<p>Rejoignez les super-h\u00e9ros du manga ph\u00e9nom\u00e8ne My Hero Academia ! Pour Endeavor, enfin officiellement num\u00e9ro un, c&rsquo;est la cons\u00e9cration&#8230;<\/p>\n","protected":false},"featured_media":12505,"comment_status":"open","ping_status":"closed","template":"","meta":{"inline_featured_image":false},"product_cat":[203,204,205,3685],"product_tag":[],"class_list":{"0":"post-12504","1":"product","2":"type-product","3":"status-publish","4":"has-post-thumbnail","6":"product_cat-adolescente","7":"product_cat-francais","8":"product_cat-enfant-adolescente-francais","9":"product_cat-my-hero-academia","11":"first","12":"instock","13":"shipping-taxable","14":"purchasable","15":"product-type-simple"},"_links":{"self":[{"href":"https:\/\/baralivres.ma\/index.php?rest_route=\/wp\/v2\/product\/12504","targetHints":{"allow":["GET"]}}],"collection":[{"href":"https:\/\/baralivres.ma\/index.php?rest_route=\/wp\/v2\/product"}],"about":[{"href":"https:\/\/baralivres.ma\/index.php?rest_route=\/wp\/v2\/types\/product"}],"replies":[{"embeddable":true,"href":"https:\/\/baralivres.ma\/index.php?rest_route=%2Fwp%2Fv2%2Fcomments&post=12504"}],"version-history":[{"count":1,"href":"https:\/\/baralivres.ma\/index.php?rest_route=\/wp\/v2\/product\/12504\/revisions"}],"predecessor-version":[{"id":12506,"href":"https:\/\/baralivres.ma\/index.php?rest_route=\/wp\/v2\/product\/12504\/revisions\/12506"}],"wp:featuredmedia":[{"embeddable":true,"href":"https:\/\/baralivres.ma\/index.php?rest_route=\/wp\/v2\/media\/12505"}],"wp:attachment":[{"href":"https:\/\/baralivres.ma\/index.php?rest_route=%2Fwp%2Fv2%2Fmedia&parent=12504"}],"wp:term":[{"taxonomy":"product_cat","embeddable":true,"href":"https:\/\/baralivres.ma\/index.php?rest_route=%2Fwp%2Fv2%2Fproduct_cat&post=12504"},{"taxonomy":"product_tag","embeddable":true,"href":"https:\/\/baralivres.ma\/index.php?rest_route=%2Fwp%2Fv2%2Fproduct_tag&post=12504"}],"curies":[{"name":"wp","href":"https:\/\/api.w.org\/{rel}","templated":true}]}}