{"id":12494,"date":"2023-09-08T16:33:34","date_gmt":"2023-09-08T15:33:34","guid":{"rendered":"https:\/\/baralivres.ma\/?post_type=product&#038;p=12494"},"modified":"2024-04-03T12:41:51","modified_gmt":"2024-04-03T11:41:51","slug":"my-hero-academia-tome-18","status":"publish","type":"product","link":"https:\/\/baralivres.ma\/?product=my-hero-academia-tome-18","title":{"rendered":"My Hero Academia Tome 18"},"content":{"rendered":"<div id=\"resume\" class=\"\n        fp-wide--block\n        fp-wide--block-resume                \"><\/p>\n<div class=\"content\">Alors que Lemillion, \u00e0 bout de forces et priv\u00e9 de son alter, s&rsquo;\u00e9croule, Izuku s&rsquo;engage dans une lutte d\u00e9sesp\u00e9r\u00e9e contre un Overhaul plus puissant que jamais ! Mais avec Erased Head et Sir Night Eye hors de combat, ses chances de l&#8217;emporter sont plus que minces&#8230; Heureusement, au moment o\u00f9 tout semble perdu, le pouvoir d&rsquo;Eri se d\u00e9clenche ! Gr\u00e2ce \u00e0 son aide, le jeune apprenti h\u00e9ros peut enfin utiliser le One for All \u00e0 100%&#8230;<br \/>\nArrivera-t-il \u00e0 changer le cours du destin ? Retrouvez les super-h\u00e9ros du manga ph\u00e9nom\u00e8ne My Hero Academia !<\/div>\n<\/div>\n<div id=\"specification\" class=\"\n        fp-wide--block\n        fp-wide--block-specification                \"><\/p>\n<div class=\"fp-wide--block--header\">\n<h2 class=\"primary-title\"><\/h2>\n<\/div>\n<\/div>\n","protected":false},"excerpt":{"rendered":"<p>Alors que Lemillion, \u00e0 bout de forces et priv\u00e9 de son alter, s&rsquo;\u00e9croule, Izuku s&rsquo;engage dans une lutte d\u00e9sesp\u00e9r\u00e9e contre un Overhaul plus puissant que jamais ! Mais avec Erased Head et Sir Night Eye hors de combat, ses chances de l&#8217;emporter sont plus que minces&#8230;<\/p>\n","protected":false},"featured_media":12495,"comment_status":"open","ping_status":"closed","template":"","meta":{"inline_featured_image":false},"product_cat":[203,204,205,3685],"product_tag":[],"class_list":{"0":"post-12494","1":"product","2":"type-product","3":"status-publish","4":"has-post-thumbnail","6":"product_cat-adolescente","7":"product_cat-francais","8":"product_cat-enfant-adolescente-francais","9":"product_cat-my-hero-academia","11":"first","12":"instock","13":"shipping-taxable","14":"purchasable","15":"product-type-simple"},"_links":{"self":[{"href":"https:\/\/baralivres.ma\/index.php?rest_route=\/wp\/v2\/product\/12494","targetHints":{"allow":["GET"]}}],"collection":[{"href":"https:\/\/baralivres.ma\/index.php?rest_route=\/wp\/v2\/product"}],"about":[{"href":"https:\/\/baralivres.ma\/index.php?rest_route=\/wp\/v2\/types\/product"}],"replies":[{"embeddable":true,"href":"https:\/\/baralivres.ma\/index.php?rest_route=%2Fwp%2Fv2%2Fcomments&post=12494"}],"version-history":[{"count":1,"href":"https:\/\/baralivres.ma\/index.php?rest_route=\/wp\/v2\/product\/12494\/revisions"}],"predecessor-version":[{"id":12496,"href":"https:\/\/baralivres.ma\/index.php?rest_route=\/wp\/v2\/product\/12494\/revisions\/12496"}],"wp:featuredmedia":[{"embeddable":true,"href":"https:\/\/baralivres.ma\/index.php?rest_route=\/wp\/v2\/media\/12495"}],"wp:attachment":[{"href":"https:\/\/baralivres.ma\/index.php?rest_route=%2Fwp%2Fv2%2Fmedia&parent=12494"}],"wp:term":[{"taxonomy":"product_cat","embeddable":true,"href":"https:\/\/baralivres.ma\/index.php?rest_route=%2Fwp%2Fv2%2Fproduct_cat&post=12494"},{"taxonomy":"product_tag","embeddable":true,"href":"https:\/\/baralivres.ma\/index.php?rest_route=%2Fwp%2Fv2%2Fproduct_tag&post=12494"}],"curies":[{"name":"wp","href":"https:\/\/api.w.org\/{rel}","templated":true}]}}