{"id":12491,"date":"2023-09-08T16:30:33","date_gmt":"2023-09-08T15:30:33","guid":{"rendered":"https:\/\/baralivres.ma\/?post_type=product&#038;p=12491"},"modified":"2024-04-03T12:41:50","modified_gmt":"2024-04-03T11:41:50","slug":"my-hero-academia-tome-17","status":"publish","type":"product","link":"https:\/\/baralivres.ma\/?product=my-hero-academia-tome-17","title":{"rendered":"My Hero Academia Tome 17"},"content":{"rendered":"<p>Episode 17. Pendant qu&rsquo;Eijiro et Fat Gum livrent un combat acharn\u00e9 contre Kendo, l&rsquo;\u00e9quipe de Sir Night Eye, prisonni\u00e8re du redoutable alter de Joi Irinaka, d\u00e9couvre avec stupeur que les yakuzas et l&rsquo;alliance des super-vilains ont uni Leurs Forces ! De son c\u00f4t\u00e9, pr\u00eat \u00e0 tout pour sauver Eri, Mirio se Lance seul dans une lutte d\u00e9sesp\u00e9r\u00e9e contre Overhaul&#8230; Mais Face \u00e0 la puissance d\u00e9mesur\u00e9e de son adversaire, le jeune h\u00e9ros a-t-il la moindre chance de l&#8217;emporter ?<\/p>\n","protected":false},"excerpt":{"rendered":"<p>Retrouvez les super-h\u00e9ros du manga ph\u00e9nom\u00e8ne My Hero Academia !Pendant qu&rsquo;Eijiro et Fat Gum livrent un combat acharn\u00e9 contre Kendo, l&rsquo;\u00e9quipe de Sir Night Eye, prisonni\u00e8re du redoutable alter de Joi Irinaka, d\u00e9couvre avec stupeur que les yakuzas et l&rsquo;alliance des super-vilains ont uni leurs forces !<\/p>\n","protected":false},"featured_media":12492,"comment_status":"open","ping_status":"closed","template":"","meta":{"inline_featured_image":false},"product_cat":[203,204,205,3685],"product_tag":[],"class_list":{"0":"post-12491","1":"product","2":"type-product","3":"status-publish","4":"has-post-thumbnail","6":"product_cat-adolescente","7":"product_cat-francais","8":"product_cat-enfant-adolescente-francais","9":"product_cat-my-hero-academia","11":"first","12":"instock","13":"shipping-taxable","14":"purchasable","15":"product-type-simple"},"_links":{"self":[{"href":"https:\/\/baralivres.ma\/index.php?rest_route=\/wp\/v2\/product\/12491","targetHints":{"allow":["GET"]}}],"collection":[{"href":"https:\/\/baralivres.ma\/index.php?rest_route=\/wp\/v2\/product"}],"about":[{"href":"https:\/\/baralivres.ma\/index.php?rest_route=\/wp\/v2\/types\/product"}],"replies":[{"embeddable":true,"href":"https:\/\/baralivres.ma\/index.php?rest_route=%2Fwp%2Fv2%2Fcomments&post=12491"}],"version-history":[{"count":1,"href":"https:\/\/baralivres.ma\/index.php?rest_route=\/wp\/v2\/product\/12491\/revisions"}],"predecessor-version":[{"id":12493,"href":"https:\/\/baralivres.ma\/index.php?rest_route=\/wp\/v2\/product\/12491\/revisions\/12493"}],"wp:featuredmedia":[{"embeddable":true,"href":"https:\/\/baralivres.ma\/index.php?rest_route=\/wp\/v2\/media\/12492"}],"wp:attachment":[{"href":"https:\/\/baralivres.ma\/index.php?rest_route=%2Fwp%2Fv2%2Fmedia&parent=12491"}],"wp:term":[{"taxonomy":"product_cat","embeddable":true,"href":"https:\/\/baralivres.ma\/index.php?rest_route=%2Fwp%2Fv2%2Fproduct_cat&post=12491"},{"taxonomy":"product_tag","embeddable":true,"href":"https:\/\/baralivres.ma\/index.php?rest_route=%2Fwp%2Fv2%2Fproduct_tag&post=12491"}],"curies":[{"name":"wp","href":"https:\/\/api.w.org\/{rel}","templated":true}]}}