{"id":12488,"date":"2023-09-08T16:24:58","date_gmt":"2023-09-08T15:24:58","guid":{"rendered":"https:\/\/baralivres.ma\/?post_type=product&#038;p=12488"},"modified":"2024-04-03T12:41:50","modified_gmt":"2024-04-03T11:41:50","slug":"my-hero-academia-tome-16","status":"publish","type":"product","link":"https:\/\/baralivres.ma\/?product=my-hero-academia-tome-16","title":{"rendered":"My hero Academia Tome 16"},"content":{"rendered":"<p>Izuku et les autres apprentis h\u00e9ros sont convoqu\u00e9s \u00e0 une r\u00e9union inter-agences exceptionnelle consacr\u00e9e aux Huit Pr\u00e9ceptes. Choqu\u00e9s, ils d\u00e9couvrent que la drogue qui d\u00e9truit les alters est d&rsquo;origine humaine&#8230; et plus atroce encore, il n&rsquo;est pas exclu que Kai Chisaki utilise sa propre fille pour la produire ! Les deux stagiaires de Sir Night Eye, qui s&rsquo;en veulent terriblement de ne pas avoir pu porter secours \u00e0 l&rsquo;enfant, ont h\u00e2te d&rsquo;intervenir&#8230; Apr\u00e8s une attente interminable, le jour J arrive enfin. objectif : sauver Eri \u00e0 tout prix ! Malheureusement, les h\u00e9ros semblent attendus&#8230;<\/p>\n","protected":false},"excerpt":{"rendered":"<p>Fort d&rsquo;un nouveau costume et de nouvelles techniques, Izuku a bien progress\u00e9, tout comme ses camarades de classe&#8230; C&rsquo;est donc remont\u00e9 \u00e0 bloc qu&rsquo;il entame la premi\u00e8re \u00e9preuve !<\/p>\n","protected":false},"featured_media":12489,"comment_status":"open","ping_status":"closed","template":"","meta":{"inline_featured_image":false},"product_cat":[203,204,205,3685],"product_tag":[],"class_list":{"0":"post-12488","1":"product","2":"type-product","3":"status-publish","4":"has-post-thumbnail","6":"product_cat-adolescente","7":"product_cat-francais","8":"product_cat-enfant-adolescente-francais","9":"product_cat-my-hero-academia","11":"first","12":"instock","13":"shipping-taxable","14":"purchasable","15":"product-type-simple"},"_links":{"self":[{"href":"https:\/\/baralivres.ma\/index.php?rest_route=\/wp\/v2\/product\/12488","targetHints":{"allow":["GET"]}}],"collection":[{"href":"https:\/\/baralivres.ma\/index.php?rest_route=\/wp\/v2\/product"}],"about":[{"href":"https:\/\/baralivres.ma\/index.php?rest_route=\/wp\/v2\/types\/product"}],"replies":[{"embeddable":true,"href":"https:\/\/baralivres.ma\/index.php?rest_route=%2Fwp%2Fv2%2Fcomments&post=12488"}],"version-history":[{"count":1,"href":"https:\/\/baralivres.ma\/index.php?rest_route=\/wp\/v2\/product\/12488\/revisions"}],"predecessor-version":[{"id":12490,"href":"https:\/\/baralivres.ma\/index.php?rest_route=\/wp\/v2\/product\/12488\/revisions\/12490"}],"wp:featuredmedia":[{"embeddable":true,"href":"https:\/\/baralivres.ma\/index.php?rest_route=\/wp\/v2\/media\/12489"}],"wp:attachment":[{"href":"https:\/\/baralivres.ma\/index.php?rest_route=%2Fwp%2Fv2%2Fmedia&parent=12488"}],"wp:term":[{"taxonomy":"product_cat","embeddable":true,"href":"https:\/\/baralivres.ma\/index.php?rest_route=%2Fwp%2Fv2%2Fproduct_cat&post=12488"},{"taxonomy":"product_tag","embeddable":true,"href":"https:\/\/baralivres.ma\/index.php?rest_route=%2Fwp%2Fv2%2Fproduct_tag&post=12488"}],"curies":[{"name":"wp","href":"https:\/\/api.w.org\/{rel}","templated":true}]}}