{"id":12478,"date":"2023-09-08T16:07:25","date_gmt":"2023-09-08T15:07:25","guid":{"rendered":"https:\/\/baralivres.ma\/?post_type=product&#038;p=12478"},"modified":"2024-03-29T15:05:03","modified_gmt":"2024-03-29T14:05:03","slug":"naruto-tome-16","status":"publish","type":"product","link":"https:\/\/baralivres.ma\/?product=naruto-tome-16","title":{"rendered":"Naruto Tome 16"},"content":{"rendered":"<div id=\"resume\" class=\" fp-wide--block fp-wide--block-resume \">\n<div class=\"content\">Pour sauver ceux qu&rsquo;il aime, Naruto, en tr\u00e8s mauvaise posture, porte une attaque d\u00e9vastatrice \u00e0 Gaara !! Apr\u00e8s avoir atteint des sommets de violence, le combat \u00e0 mort entre Orochimaru et Hokage arrive \u00e0 son d\u00e9nouement !! Alors que l&rsquo;assaut sur Konoha se termine, deux sinistres personnages s&rsquo;approchent du village de nos compagnons&#8230;<\/div>\n<\/div>\n<div id=\"specification\" class=\" fp-wide--block fp-wide--block-specification \">\n<div class=\"fp-wide--block--header\"><\/div>\n<\/div>\n","protected":false},"excerpt":{"rendered":"<div id=\"resume\" class=\"\n        fp-wide--block\n        fp-wide--block-resume                \"><\/p>\n<div class=\"content\">Pour sauver ceux qu&rsquo;il aime, Naruto, en tr\u00e8s mauvaise posture, porte une attaque d\u00e9vastatrice \u00e0 Gaara !! Apr\u00e8s avoir atteint des sommets de violence, le combat \u00e0 mort entre Orochimaru et Hokage arrive \u00e0 son d\u00e9nouement !! Alors que l&rsquo;assaut sur Konoha se termine, deux sinistres personnages s&rsquo;approchent du village de nos compagnons&#8230;<\/div>\n<\/div>\n<div id=\"specification\" class=\"\n        fp-wide--block\n        fp-wide--block-specification                \"><\/p>\n<div class=\"fp-wide--block--header\"><\/div>\n<\/div>\n","protected":false},"featured_media":12479,"comment_status":"open","ping_status":"closed","template":"","meta":{"inline_featured_image":false},"product_cat":[203,204,205,3680],"product_tag":[],"class_list":{"0":"post-12478","1":"product","2":"type-product","3":"status-publish","4":"has-post-thumbnail","6":"product_cat-adolescente","7":"product_cat-francais","8":"product_cat-enfant-adolescente-francais","9":"product_cat-naruto","11":"first","12":"instock","13":"shipping-taxable","14":"purchasable","15":"product-type-simple"},"_links":{"self":[{"href":"https:\/\/baralivres.ma\/index.php?rest_route=\/wp\/v2\/product\/12478","targetHints":{"allow":["GET"]}}],"collection":[{"href":"https:\/\/baralivres.ma\/index.php?rest_route=\/wp\/v2\/product"}],"about":[{"href":"https:\/\/baralivres.ma\/index.php?rest_route=\/wp\/v2\/types\/product"}],"replies":[{"embeddable":true,"href":"https:\/\/baralivres.ma\/index.php?rest_route=%2Fwp%2Fv2%2Fcomments&post=12478"}],"version-history":[{"count":2,"href":"https:\/\/baralivres.ma\/index.php?rest_route=\/wp\/v2\/product\/12478\/revisions"}],"predecessor-version":[{"id":12481,"href":"https:\/\/baralivres.ma\/index.php?rest_route=\/wp\/v2\/product\/12478\/revisions\/12481"}],"wp:featuredmedia":[{"embeddable":true,"href":"https:\/\/baralivres.ma\/index.php?rest_route=\/wp\/v2\/media\/12479"}],"wp:attachment":[{"href":"https:\/\/baralivres.ma\/index.php?rest_route=%2Fwp%2Fv2%2Fmedia&parent=12478"}],"wp:term":[{"taxonomy":"product_cat","embeddable":true,"href":"https:\/\/baralivres.ma\/index.php?rest_route=%2Fwp%2Fv2%2Fproduct_cat&post=12478"},{"taxonomy":"product_tag","embeddable":true,"href":"https:\/\/baralivres.ma\/index.php?rest_route=%2Fwp%2Fv2%2Fproduct_tag&post=12478"}],"curies":[{"name":"wp","href":"https:\/\/api.w.org\/{rel}","templated":true}]}}