{"id":12475,"date":"2023-09-08T16:05:08","date_gmt":"2023-09-08T15:05:08","guid":{"rendered":"https:\/\/baralivres.ma\/?post_type=product&#038;p=12475"},"modified":"2024-03-29T15:05:03","modified_gmt":"2024-03-29T14:05:03","slug":"naruto-tome-17","status":"publish","type":"product","link":"https:\/\/baralivres.ma\/?product=naruto-tome-17","title":{"rendered":"Naruto Tome 17"},"content":{"rendered":"<div id=\"resume\" class=\"\n        fp-wide--block\n        fp-wide--block-resume                \"><\/p>\n<div class=\"content\">Parti en voyage avec Jiraya pour poursuivre son entra\u00eenement, Naruto est approch\u00e9 par deux ren\u00e9gats malveillants. Quel est donc le but d&rsquo;Itachi, fr\u00e8re de Sasuke, et de Kisame Hoshigaki ? ! Ils tentent d&rsquo;enlever un Naruto p\u00e9trifi\u00e9, mais Sasuke s&rsquo;interpose ! Un tome riche en rebondissements !<\/div>\n<\/div>\n<div id=\"specification\" class=\"\n        fp-wide--block\n        fp-wide--block-specification                \"><\/p>\n<div class=\"fp-wide--block--header\"><\/div>\n<\/div>\n","protected":false},"excerpt":{"rendered":"<div id=\"resume\" class=\"\n        fp-wide--block\n        fp-wide--block-resume                \"><\/p>\n<div class=\"content\">Parti en voyage avec Jiraya pour poursuivre son entra\u00eenement, Naruto est approch\u00e9 par deux ren\u00e9gats malveillants. Quel est donc le but d&rsquo;Itachi, fr\u00e8re de Sasuke, et de Kisame Hoshigaki ? ! Ils tentent d&rsquo;enlever un Naruto p\u00e9trifi\u00e9, mais Sasuke s&rsquo;interpose ! Un tome riche en rebondissements !<\/div>\n<\/div>\n<div id=\"specification\" class=\"\n        fp-wide--block\n        fp-wide--block-specification                \"><\/p>\n<div class=\"fp-wide--block--header\"><\/div>\n<\/div>\n","protected":false},"featured_media":12476,"comment_status":"open","ping_status":"closed","template":"","meta":{"inline_featured_image":false},"product_cat":[203,204,205,3680],"product_tag":[],"class_list":{"0":"post-12475","1":"product","2":"type-product","3":"status-publish","4":"has-post-thumbnail","6":"product_cat-adolescente","7":"product_cat-francais","8":"product_cat-enfant-adolescente-francais","9":"product_cat-naruto","11":"first","12":"instock","13":"shipping-taxable","14":"purchasable","15":"product-type-simple"},"_links":{"self":[{"href":"https:\/\/baralivres.ma\/index.php?rest_route=\/wp\/v2\/product\/12475","targetHints":{"allow":["GET"]}}],"collection":[{"href":"https:\/\/baralivres.ma\/index.php?rest_route=\/wp\/v2\/product"}],"about":[{"href":"https:\/\/baralivres.ma\/index.php?rest_route=\/wp\/v2\/types\/product"}],"replies":[{"embeddable":true,"href":"https:\/\/baralivres.ma\/index.php?rest_route=%2Fwp%2Fv2%2Fcomments&post=12475"}],"version-history":[{"count":1,"href":"https:\/\/baralivres.ma\/index.php?rest_route=\/wp\/v2\/product\/12475\/revisions"}],"predecessor-version":[{"id":12477,"href":"https:\/\/baralivres.ma\/index.php?rest_route=\/wp\/v2\/product\/12475\/revisions\/12477"}],"wp:featuredmedia":[{"embeddable":true,"href":"https:\/\/baralivres.ma\/index.php?rest_route=\/wp\/v2\/media\/12476"}],"wp:attachment":[{"href":"https:\/\/baralivres.ma\/index.php?rest_route=%2Fwp%2Fv2%2Fmedia&parent=12475"}],"wp:term":[{"taxonomy":"product_cat","embeddable":true,"href":"https:\/\/baralivres.ma\/index.php?rest_route=%2Fwp%2Fv2%2Fproduct_cat&post=12475"},{"taxonomy":"product_tag","embeddable":true,"href":"https:\/\/baralivres.ma\/index.php?rest_route=%2Fwp%2Fv2%2Fproduct_tag&post=12475"}],"curies":[{"name":"wp","href":"https:\/\/api.w.org\/{rel}","templated":true}]}}