{"id":12456,"date":"2023-09-08T15:54:19","date_gmt":"2023-09-08T14:54:19","guid":{"rendered":"https:\/\/baralivres.ma\/?post_type=product&#038;p=12456"},"modified":"2023-11-08T09:42:07","modified_gmt":"2023-11-08T08:42:07","slug":"naruto-tome-31","status":"publish","type":"product","link":"https:\/\/baralivres.ma\/?product=naruto-tome-31","title":{"rendered":"Naruto Tome 31"},"content":{"rendered":"<p>En compagnie de Sasuke et Sakura, Naruto, le pire garnement de l&rsquo;\u00e9cole des Ninjas du village cach\u00e9 de Konoha, poursuit son apprentissage. Alors que l&rsquo;\u00e9preuve finale de l&rsquo;examen de s\u00e9lection des Ninjas de \u00a0\u00bb moyenne classe \u00a0\u00bb bat son plein, Orochimaru, ancien Ninja de Konoha de venu ren\u00e9gat, lance l&rsquo;assaut sur le village&#8230; Ma\u00eetre Hokage se sacrifie pour faire avorter ses plans. Il sera remplac\u00e9 par Tsunade qui devient ainsi le 5e Hokage.<br \/>\nSasuke, s\u00e9duit par le pouvoir que lui offre Orochimaru, d\u00e9cide alors de quitter Konoha pour suivre les envoy\u00e9s du village du son. Naruto le rattrape et les deux amis se livrent un terrible combat. H\u00e9las, rien ne peut emp\u00eacher la d\u00e9fection de Sasuke.<\/p>\n","protected":false},"excerpt":{"rendered":"<p>En compagnie de Sasuke et Sakura, Naruto, le pire garnement de l&rsquo;\u00e9cole des Ninjas du village cach\u00e9 de Konoha, poursuit son apprentissage. Alors que l&rsquo;\u00e9preuve finale de l&rsquo;examen de s\u00e9lection des Ninjas de \u00a0\u00bb moyenne classe \u00a0\u00bb bat son plein, Orochimaru, ancien Ninja de Konoha de venu ren\u00e9gat, lance l&rsquo;assaut sur le village&#8230; Ma\u00eetre Hokage se sacrifie pour faire avorter ses plans. Il sera remplac\u00e9 par Tsunade qui devient ainsi le 5e Hokage.<br \/>\nSasuke, s\u00e9duit par le pouvoir que lui offre Orochimaru, d\u00e9cide alors de quitter Konoha pour suivre les envoy\u00e9s du village du son. Naruto le rattrape et les deux amis se livrent un terrible combat. H\u00e9las, rien ne peut emp\u00eacher la d\u00e9fection de Sasuke.<\/p>\n","protected":false},"featured_media":12457,"comment_status":"open","ping_status":"closed","template":"","meta":{"inline_featured_image":false},"product_cat":[203,204,205],"product_tag":[],"class_list":{"0":"post-12456","1":"product","2":"type-product","3":"status-publish","4":"has-post-thumbnail","6":"product_cat-adolescente","7":"product_cat-francais","8":"product_cat-enfant-adolescente-francais","10":"first","11":"instock","12":"shipping-taxable","13":"purchasable","14":"product-type-simple"},"_links":{"self":[{"href":"https:\/\/baralivres.ma\/index.php?rest_route=\/wp\/v2\/product\/12456","targetHints":{"allow":["GET"]}}],"collection":[{"href":"https:\/\/baralivres.ma\/index.php?rest_route=\/wp\/v2\/product"}],"about":[{"href":"https:\/\/baralivres.ma\/index.php?rest_route=\/wp\/v2\/types\/product"}],"replies":[{"embeddable":true,"href":"https:\/\/baralivres.ma\/index.php?rest_route=%2Fwp%2Fv2%2Fcomments&post=12456"}],"version-history":[{"count":1,"href":"https:\/\/baralivres.ma\/index.php?rest_route=\/wp\/v2\/product\/12456\/revisions"}],"predecessor-version":[{"id":12458,"href":"https:\/\/baralivres.ma\/index.php?rest_route=\/wp\/v2\/product\/12456\/revisions\/12458"}],"wp:featuredmedia":[{"embeddable":true,"href":"https:\/\/baralivres.ma\/index.php?rest_route=\/wp\/v2\/media\/12457"}],"wp:attachment":[{"href":"https:\/\/baralivres.ma\/index.php?rest_route=%2Fwp%2Fv2%2Fmedia&parent=12456"}],"wp:term":[{"taxonomy":"product_cat","embeddable":true,"href":"https:\/\/baralivres.ma\/index.php?rest_route=%2Fwp%2Fv2%2Fproduct_cat&post=12456"},{"taxonomy":"product_tag","embeddable":true,"href":"https:\/\/baralivres.ma\/index.php?rest_route=%2Fwp%2Fv2%2Fproduct_tag&post=12456"}],"curies":[{"name":"wp","href":"https:\/\/api.w.org\/{rel}","templated":true}]}}