{"id":12450,"date":"2023-09-08T15:50:39","date_gmt":"2023-09-08T14:50:39","guid":{"rendered":"https:\/\/baralivres.ma\/?post_type=product&#038;p=12450"},"modified":"2023-11-08T09:42:44","modified_gmt":"2023-11-08T08:42:44","slug":"naruto-tome-33","status":"publish","type":"product","link":"https:\/\/baralivres.ma\/?product=naruto-tome-33","title":{"rendered":"Naruto Tome 33"},"content":{"rendered":"<div id=\"resume\" class=\"\n        fp-wide--block\n        fp-wide--block-resume                \"><\/p>\n<div class=\"content\">Naruto et ses compagnons approchent Kabuto qui espionnait pour le compte d&rsquo;Akatsuki. Mais Orochimaru ayant rompu le sort d&rsquo;envo\u00fbtement qui frappe son fid\u00e8le lieutenant, la strat\u00e9gie du commando de Konoha \u00e9choue ! Orochimaru provoque alors Naruto et ses \u00e9quipiers en faisant allusion \u00e0 Sasuke. Sous l&rsquo;effet de la col\u00e8re, Naruto lib\u00e8re le pouvoir du D\u00e9mon-Renard&#8230; ! D\u00e9couvrez sur la Kanabox, en ce moment et jusqu&rsquo;au mois de f\u00e9vrier 2008, un extrait de ce tome !!<\/div>\n<\/div>\n<div id=\"specification\" class=\"\n        fp-wide--block\n        fp-wide--block-specification                \"><\/p>\n<div class=\"fp-wide--block--header\"><\/div>\n<\/div>\n","protected":false},"excerpt":{"rendered":"<div id=\"resume\" class=\"\n        fp-wide--block\n        fp-wide--block-resume                \"><\/p>\n<div class=\"content\">Naruto et ses compagnons approchent Kabuto qui espionnait pour le compte d&rsquo;Akatsuki. Mais Orochimaru ayant rompu le sort d&rsquo;envo\u00fbtement qui frappe son fid\u00e8le lieutenant, la strat\u00e9gie du commando de Konoha \u00e9choue ! Orochimaru provoque alors Naruto et ses \u00e9quipiers en faisant allusion \u00e0 Sasuke. Sous l&rsquo;effet de la col\u00e8re, Naruto lib\u00e8re le pouvoir du D\u00e9mon-Renard&#8230; ! D\u00e9couvrez sur la Kanabox, en ce moment et jusqu&rsquo;au mois de f\u00e9vrier 2008, un extrait de ce tome !!<\/div>\n<\/div>\n<div id=\"specification\" class=\"\n        fp-wide--block\n        fp-wide--block-specification                \"><\/p>\n<div class=\"fp-wide--block--header\"><\/div>\n<\/div>\n","protected":false},"featured_media":12451,"comment_status":"open","ping_status":"closed","template":"","meta":{"inline_featured_image":false},"product_cat":[203,204,205],"product_tag":[],"class_list":{"0":"post-12450","1":"product","2":"type-product","3":"status-publish","4":"has-post-thumbnail","6":"product_cat-adolescente","7":"product_cat-francais","8":"product_cat-enfant-adolescente-francais","10":"first","11":"instock","12":"shipping-taxable","13":"purchasable","14":"product-type-simple"},"_links":{"self":[{"href":"https:\/\/baralivres.ma\/index.php?rest_route=\/wp\/v2\/product\/12450","targetHints":{"allow":["GET"]}}],"collection":[{"href":"https:\/\/baralivres.ma\/index.php?rest_route=\/wp\/v2\/product"}],"about":[{"href":"https:\/\/baralivres.ma\/index.php?rest_route=\/wp\/v2\/types\/product"}],"replies":[{"embeddable":true,"href":"https:\/\/baralivres.ma\/index.php?rest_route=%2Fwp%2Fv2%2Fcomments&post=12450"}],"version-history":[{"count":1,"href":"https:\/\/baralivres.ma\/index.php?rest_route=\/wp\/v2\/product\/12450\/revisions"}],"predecessor-version":[{"id":12452,"href":"https:\/\/baralivres.ma\/index.php?rest_route=\/wp\/v2\/product\/12450\/revisions\/12452"}],"wp:featuredmedia":[{"embeddable":true,"href":"https:\/\/baralivres.ma\/index.php?rest_route=\/wp\/v2\/media\/12451"}],"wp:attachment":[{"href":"https:\/\/baralivres.ma\/index.php?rest_route=%2Fwp%2Fv2%2Fmedia&parent=12450"}],"wp:term":[{"taxonomy":"product_cat","embeddable":true,"href":"https:\/\/baralivres.ma\/index.php?rest_route=%2Fwp%2Fv2%2Fproduct_cat&post=12450"},{"taxonomy":"product_tag","embeddable":true,"href":"https:\/\/baralivres.ma\/index.php?rest_route=%2Fwp%2Fv2%2Fproduct_tag&post=12450"}],"curies":[{"name":"wp","href":"https:\/\/api.w.org\/{rel}","templated":true}]}}