{"id":12447,"date":"2023-09-08T15:49:13","date_gmt":"2023-09-08T14:49:13","guid":{"rendered":"https:\/\/baralivres.ma\/?post_type=product&#038;p=12447"},"modified":"2023-11-08T09:42:55","modified_gmt":"2023-11-08T08:42:55","slug":"naruto-tome-34","status":"publish","type":"product","link":"https:\/\/baralivres.ma\/?product=naruto-tome-34","title":{"rendered":"Naruto Tome 34"},"content":{"rendered":"<p>Nos compagnons atteignent enfin le repaire d&rsquo;Orochimaru ! Ils y retrouvent Sa\u00ef, qui entre-temps a r\u00e9fl\u00e9chi \u00e0 ses conversations avec Naruto et a choisi de r\u00e9int\u00e9grer l&rsquo;unit\u00e9 Kakashi. Voil\u00e0 maintenant Naruto et Sakura sur le point de revoir Sasuke apr\u00e8s deux ann\u00e9es de traque intense !!<\/p>\n","protected":false},"excerpt":{"rendered":"<p>Nos compagnons atteignent enfin le repaire d&rsquo;Orochimaru ! Ils y retrouvent Sa\u00ef, qui entre-temps a r\u00e9fl\u00e9chi \u00e0 ses conversations avec Naruto et a choisi de r\u00e9int\u00e9grer l&rsquo;unit\u00e9 Kakashi. Voil\u00e0 maintenant Naruto et Sakura sur le point de revoir Sasuke apr\u00e8s deux ann\u00e9es de traque intense !!<\/p>\n","protected":false},"featured_media":12448,"comment_status":"open","ping_status":"closed","template":"","meta":{"inline_featured_image":false},"product_cat":[203,204,205],"product_tag":[],"class_list":{"0":"post-12447","1":"product","2":"type-product","3":"status-publish","4":"has-post-thumbnail","6":"product_cat-adolescente","7":"product_cat-francais","8":"product_cat-enfant-adolescente-francais","10":"first","11":"instock","12":"shipping-taxable","13":"purchasable","14":"product-type-simple"},"_links":{"self":[{"href":"https:\/\/baralivres.ma\/index.php?rest_route=\/wp\/v2\/product\/12447","targetHints":{"allow":["GET"]}}],"collection":[{"href":"https:\/\/baralivres.ma\/index.php?rest_route=\/wp\/v2\/product"}],"about":[{"href":"https:\/\/baralivres.ma\/index.php?rest_route=\/wp\/v2\/types\/product"}],"replies":[{"embeddable":true,"href":"https:\/\/baralivres.ma\/index.php?rest_route=%2Fwp%2Fv2%2Fcomments&post=12447"}],"version-history":[{"count":1,"href":"https:\/\/baralivres.ma\/index.php?rest_route=\/wp\/v2\/product\/12447\/revisions"}],"predecessor-version":[{"id":12449,"href":"https:\/\/baralivres.ma\/index.php?rest_route=\/wp\/v2\/product\/12447\/revisions\/12449"}],"wp:featuredmedia":[{"embeddable":true,"href":"https:\/\/baralivres.ma\/index.php?rest_route=\/wp\/v2\/media\/12448"}],"wp:attachment":[{"href":"https:\/\/baralivres.ma\/index.php?rest_route=%2Fwp%2Fv2%2Fmedia&parent=12447"}],"wp:term":[{"taxonomy":"product_cat","embeddable":true,"href":"https:\/\/baralivres.ma\/index.php?rest_route=%2Fwp%2Fv2%2Fproduct_cat&post=12447"},{"taxonomy":"product_tag","embeddable":true,"href":"https:\/\/baralivres.ma\/index.php?rest_route=%2Fwp%2Fv2%2Fproduct_tag&post=12447"}],"curies":[{"name":"wp","href":"https:\/\/api.w.org\/{rel}","templated":true}]}}