{"id":12440,"date":"2023-09-08T15:46:20","date_gmt":"2023-09-08T14:46:20","guid":{"rendered":"https:\/\/baralivres.ma\/?post_type=product&#038;p=12440"},"modified":"2023-11-08T09:43:20","modified_gmt":"2023-11-08T08:43:20","slug":"naruto-tome-37","status":"publish","type":"product","link":"https:\/\/baralivres.ma\/?product=naruto-tome-37","title":{"rendered":"Naruto Tome 37"},"content":{"rendered":"<div id=\"resume\" class=\"\n        fp-wide--block\n        fp-wide--block-resume                \"><\/p>\n<div class=\"content\">Naruto est totalement accapar\u00e9 par son entra\u00eenement, quand il re\u00e7oit la terrible nouvelle de la mort d&rsquo;Asuma ! L&rsquo;unit\u00e9 10 n&rsquo;a pourtant pas le temps de verser de larmes, elle part aussit\u00f4t \u00e0 la rencontre des membres d&rsquo;Akatsuki qui ont p\u00e9n\u00e9tr\u00e9 le village de Konoha ! Mis en difficult\u00e9 par la strat\u00e9gie de Shikamaru, Kakuzu va devoir d\u00e9voiler ses effroyables pouvoirs !<\/div>\n<\/div>\n<div id=\"specification\" class=\"\n        fp-wide--block\n        fp-wide--block-specification                \"><\/p>\n<div class=\"fp-wide--block--header\"><\/div>\n<\/div>\n","protected":false},"excerpt":{"rendered":"<div id=\"resume\" class=\"\n        fp-wide--block\n        fp-wide--block-resume                \"><\/p>\n<div class=\"content\">Naruto est totalement accapar\u00e9 par son entra\u00eenement, quand il re\u00e7oit la terrible nouvelle de la mort d&rsquo;Asuma ! L&rsquo;unit\u00e9 10 n&rsquo;a pourtant pas le temps de verser de larmes, elle part aussit\u00f4t \u00e0 la rencontre des membres d&rsquo;Akatsuki qui ont p\u00e9n\u00e9tr\u00e9 le village de Konoha ! Mis en difficult\u00e9 par la strat\u00e9gie de Shikamaru, Kakuzu va devoir d\u00e9voiler ses effroyables pouvoirs !<\/div>\n<\/div>\n<div id=\"specification\" class=\"\n        fp-wide--block\n        fp-wide--block-specification                \"><\/p>\n<div class=\"fp-wide--block--header\"><\/div>\n<\/div>\n","protected":false},"featured_media":12442,"comment_status":"open","ping_status":"closed","template":"","meta":{"inline_featured_image":false},"product_cat":[203,204,205],"product_tag":[],"class_list":{"0":"post-12440","1":"product","2":"type-product","3":"status-publish","4":"has-post-thumbnail","6":"product_cat-adolescente","7":"product_cat-francais","8":"product_cat-enfant-adolescente-francais","10":"first","11":"instock","12":"shipping-taxable","13":"purchasable","14":"product-type-simple"},"_links":{"self":[{"href":"https:\/\/baralivres.ma\/index.php?rest_route=\/wp\/v2\/product\/12440","targetHints":{"allow":["GET"]}}],"collection":[{"href":"https:\/\/baralivres.ma\/index.php?rest_route=\/wp\/v2\/product"}],"about":[{"href":"https:\/\/baralivres.ma\/index.php?rest_route=\/wp\/v2\/types\/product"}],"replies":[{"embeddable":true,"href":"https:\/\/baralivres.ma\/index.php?rest_route=%2Fwp%2Fv2%2Fcomments&post=12440"}],"version-history":[{"count":1,"href":"https:\/\/baralivres.ma\/index.php?rest_route=\/wp\/v2\/product\/12440\/revisions"}],"predecessor-version":[{"id":12443,"href":"https:\/\/baralivres.ma\/index.php?rest_route=\/wp\/v2\/product\/12440\/revisions\/12443"}],"wp:featuredmedia":[{"embeddable":true,"href":"https:\/\/baralivres.ma\/index.php?rest_route=\/wp\/v2\/media\/12442"}],"wp:attachment":[{"href":"https:\/\/baralivres.ma\/index.php?rest_route=%2Fwp%2Fv2%2Fmedia&parent=12440"}],"wp:term":[{"taxonomy":"product_cat","embeddable":true,"href":"https:\/\/baralivres.ma\/index.php?rest_route=%2Fwp%2Fv2%2Fproduct_cat&post=12440"},{"taxonomy":"product_tag","embeddable":true,"href":"https:\/\/baralivres.ma\/index.php?rest_route=%2Fwp%2Fv2%2Fproduct_tag&post=12440"}],"curies":[{"name":"wp","href":"https:\/\/api.w.org\/{rel}","templated":true}]}}