{"id":12437,"date":"2023-09-08T15:43:52","date_gmt":"2023-09-08T14:43:52","guid":{"rendered":"https:\/\/baralivres.ma\/?post_type=product&#038;p=12437"},"modified":"2023-11-08T09:43:35","modified_gmt":"2023-11-08T08:43:35","slug":"naruto-tome-35","status":"publish","type":"product","link":"https:\/\/baralivres.ma\/?product=naruto-tome-35","title":{"rendered":"Naruto Tome 35"},"content":{"rendered":"<div id=\"resume\" class=\"\n        fp-wide--block\n        fp-wide--block-resume                \"><\/p>\n<div class=\"content\">Ayant \u00e0 nouveau \u00e9chou\u00e9 \u00e0 ramener Sasuke au village, Naruto est en proie au d\u00e9sarroi. Mais voil\u00e0 que Ma\u00eetre Kakashi lui propose un entra\u00eenement surprenant pour devenir plus fort encore que le jeune ren\u00e9gat ! Pendant ce temps, un nouveau bin\u00f4me d&rsquo;Akatsuki s&rsquo;appr\u00eate \u00e0 p\u00e9n\u00e9trer dans le territoire du pays du Feu&#8230;<\/div>\n<\/div>\n<div id=\"specification\" class=\"\n        fp-wide--block\n        fp-wide--block-specification                \"><\/p>\n<div class=\"fp-wide--block--header\"><\/div>\n<\/div>\n","protected":false},"excerpt":{"rendered":"<div id=\"resume\" class=\"\n        fp-wide--block\n        fp-wide--block-resume                \"><\/p>\n<div class=\"content\">Ayant \u00e0 nouveau \u00e9chou\u00e9 \u00e0 ramener Sasuke au village, Naruto est en proie au d\u00e9sarroi. Mais voil\u00e0 que Ma\u00eetre Kakashi lui propose un entra\u00eenement surprenant pour devenir plus fort encore que le jeune ren\u00e9gat ! Pendant ce temps, un nouveau bin\u00f4me d&rsquo;Akatsuki s&rsquo;appr\u00eate \u00e0 p\u00e9n\u00e9trer dans le territoire du pays du Feu&#8230;<\/div>\n<\/div>\n<div id=\"specification\" class=\"\n        fp-wide--block\n        fp-wide--block-specification                \"><\/p>\n<div class=\"fp-wide--block--header\"><\/div>\n<\/div>\n","protected":false},"featured_media":12438,"comment_status":"open","ping_status":"closed","template":"","meta":{"inline_featured_image":false},"product_cat":[203,204,205],"product_tag":[],"class_list":{"0":"post-12437","1":"product","2":"type-product","3":"status-publish","4":"has-post-thumbnail","6":"product_cat-adolescente","7":"product_cat-francais","8":"product_cat-enfant-adolescente-francais","10":"first","11":"instock","12":"shipping-taxable","13":"purchasable","14":"product-type-simple"},"_links":{"self":[{"href":"https:\/\/baralivres.ma\/index.php?rest_route=\/wp\/v2\/product\/12437","targetHints":{"allow":["GET"]}}],"collection":[{"href":"https:\/\/baralivres.ma\/index.php?rest_route=\/wp\/v2\/product"}],"about":[{"href":"https:\/\/baralivres.ma\/index.php?rest_route=\/wp\/v2\/types\/product"}],"replies":[{"embeddable":true,"href":"https:\/\/baralivres.ma\/index.php?rest_route=%2Fwp%2Fv2%2Fcomments&post=12437"}],"version-history":[{"count":1,"href":"https:\/\/baralivres.ma\/index.php?rest_route=\/wp\/v2\/product\/12437\/revisions"}],"predecessor-version":[{"id":12439,"href":"https:\/\/baralivres.ma\/index.php?rest_route=\/wp\/v2\/product\/12437\/revisions\/12439"}],"wp:featuredmedia":[{"embeddable":true,"href":"https:\/\/baralivres.ma\/index.php?rest_route=\/wp\/v2\/media\/12438"}],"wp:attachment":[{"href":"https:\/\/baralivres.ma\/index.php?rest_route=%2Fwp%2Fv2%2Fmedia&parent=12437"}],"wp:term":[{"taxonomy":"product_cat","embeddable":true,"href":"https:\/\/baralivres.ma\/index.php?rest_route=%2Fwp%2Fv2%2Fproduct_cat&post=12437"},{"taxonomy":"product_tag","embeddable":true,"href":"https:\/\/baralivres.ma\/index.php?rest_route=%2Fwp%2Fv2%2Fproduct_tag&post=12437"}],"curies":[{"name":"wp","href":"https:\/\/api.w.org\/{rel}","templated":true}]}}